{"id":2698,"date":"2026-01-15T21:15:23","date_gmt":"2026-01-15T20:15:23","guid":{"rendered":"https:\/\/cidge.ch\/?page_id=2698"},"modified":"2026-01-15T21:27:38","modified_gmt":"2026-01-15T20:27:38","slug":"nutrition-3","status":"publish","type":"page","link":"https:\/\/cidge.ch\/?page_id=2698","title":{"rendered":"Nutrition"},"content":{"rendered":"\t\t<div data-elementor-type=\"wp-page\" data-elementor-id=\"2698\" class=\"elementor elementor-2698\">\n\t\t\t\t\t\t<section class=\"elementor-section elementor-top-section elementor-element elementor-element-7d73669c elementor-section-height-min-height elementor-section-boxed elementor-section-height-default elementor-section-items-middle\" data-id=\"7d73669c\" data-element_type=\"section\" data-e-type=\"section\" data-settings=\"{&quot;background_background&quot;:&quot;classic&quot;}\">\n\t\t\t\t\t\t\t<div class=\"elementor-background-overlay\"><\/div>\n\t\t\t\t\t\t\t<div class=\"elementor-container elementor-column-gap-no\">\n\t\t\t\t\t<div class=\"elementor-column elementor-col-100 elementor-top-column elementor-element elementor-element-303f1fd\" data-id=\"303f1fd\" data-element_type=\"column\" data-e-type=\"column\">\n\t\t\t<div class=\"elementor-widget-wrap elementor-element-populated\">\n\t\t\t\t\t\t<div class=\"elementor-element elementor-element-1a2780af elementor-widget elementor-widget-heading\" data-id=\"1a2780af\" data-element_type=\"widget\" data-e-type=\"widget\" data-widget_type=\"heading.default\">\n\t\t\t\t<div class=\"elementor-widget-container\">\n\t\t\t\t\t<h1 class=\"elementor-heading-title elementor-size-default\">Nutrition<\/h1>\t\t\t\t<\/div>\n\t\t\t\t<\/div>\n\t\t\t\t\t<\/div>\n\t\t<\/div>\n\t\t\t\t\t<\/div>\n\t\t<\/section>\n\t\t\t\t<section class=\"elementor-section elementor-top-section elementor-element elementor-element-14d9cd27 elementor-section-content-middle elementor-section-boxed elementor-section-height-default elementor-section-height-default\" data-id=\"14d9cd27\" data-element_type=\"section\" data-e-type=\"section\" data-settings=\"{&quot;background_background&quot;:&quot;classic&quot;}\">\n\t\t\t\t\t\t<div class=\"elementor-container elementor-column-gap-no\">\n\t\t\t\t\t<div class=\"elementor-column elementor-col-50 elementor-top-column elementor-element elementor-element-45f01d36\" data-id=\"45f01d36\" data-element_type=\"column\" data-e-type=\"column\">\n\t\t\t<div class=\"elementor-widget-wrap elementor-element-populated\">\n\t\t\t\t\t\t<div class=\"elementor-element elementor-element-3bb01314 elementor-widget elementor-widget-heading\" data-id=\"3bb01314\" data-element_type=\"widget\" data-e-type=\"widget\" data-widget_type=\"heading.default\">\n\t\t\t\t<div class=\"elementor-widget-container\">\n\t\t\t\t\t<h3 class=\"elementor-heading-title elementor-size-default\">Nutrition<\/h3>\t\t\t\t<\/div>\n\t\t\t\t<\/div>\n\t\t\t\t<div class=\"elementor-element elementor-element-28228b81 elementor-widget elementor-widget-text-editor\" data-id=\"28228b81\" data-element_type=\"widget\" data-e-type=\"widget\" data-widget_type=\"text-editor.default\">\n\t\t\t\t<div class=\"elementor-widget-container\">\n\t\t\t\t\t\t\t\t\t<p>Parce que de nombreux probl\u00e8mes dermatologiques peuvent trouver leur origine dans une alimentation inappropri\u00e9e, nous proposons des consultations en nutrition effectu\u00e9es par une infirmi\u00e8re sp\u00e9cialis\u00e9e. Ces consultations sont effectu\u00e9es en lien avec un m\u00e9decin dermatologue.<\/p><div role=\"presentation\"><strong>&#8211; Les consultations nutrition sont factur\u00e9es 120CHF pour une s\u00e9ance qui dure une heure environ, et le remboursement est possible aupr\u00e8s de votre compl\u00e9mentaire partenaire ASCA ou RME.<\/strong><\/div><div role=\"presentation\">\u00a0<\/div><div role=\"presentation\"><strong>&#8211; Il appartient au patient de v\u00e9rifier au pr\u00e9alable avec sa compl\u00e9mentaire si elle prend en charge cette consultation ou pas.<\/strong><\/div>\t\t\t\t\t\t\t\t<\/div>\n\t\t\t\t<\/div>\n\t\t\t\t\t<\/div>\n\t\t<\/div>\n\t\t\t\t<div class=\"elementor-column elementor-col-50 elementor-top-column elementor-element elementor-element-65eaad7\" data-id=\"65eaad7\" data-element_type=\"column\" data-e-type=\"column\">\n\t\t\t<div class=\"elementor-widget-wrap elementor-element-populated\">\n\t\t\t\t\t\t<div class=\"elementor-element elementor-element-251c2aef elementor-widget elementor-widget-image\" data-id=\"251c2aef\" data-element_type=\"widget\" data-e-type=\"widget\" data-widget_type=\"image.default\">\n\t\t\t\t<div class=\"elementor-widget-container\">\n\t\t\t\t\t\t\t\t\t\t\t\t\t\t\t<img fetchpriority=\"high\" decoding=\"async\" width=\"2560\" height=\"2262\" src=\"https:\/\/cidge.ch\/wp-content\/uploads\/2022\/08\/pexels-elle-hughes-1660027-scaled.jpg\" class=\"attachment-full size-full wp-image-1333\" alt=\"\" srcset=\"https:\/\/cidge.ch\/wp-content\/uploads\/2022\/08\/pexels-elle-hughes-1660027-scaled.jpg 2560w, https:\/\/cidge.ch\/wp-content\/uploads\/2022\/08\/pexels-elle-hughes-1660027-300x265.jpg 300w, https:\/\/cidge.ch\/wp-content\/uploads\/2022\/08\/pexels-elle-hughes-1660027-1024x905.jpg 1024w, https:\/\/cidge.ch\/wp-content\/uploads\/2022\/08\/pexels-elle-hughes-1660027-768x679.jpg 768w, https:\/\/cidge.ch\/wp-content\/uploads\/2022\/08\/pexels-elle-hughes-1660027-1536x1357.jpg 1536w, https:\/\/cidge.ch\/wp-content\/uploads\/2022\/08\/pexels-elle-hughes-1660027-2048x1810.jpg 2048w, https:\/\/cidge.ch\/wp-content\/uploads\/2022\/08\/pexels-elle-hughes-1660027-600x530.jpg 600w\" sizes=\"(max-width: 2560px) 100vw, 2560px\" \/>\t\t\t\t\t\t\t\t\t\t\t\t\t\t\t<\/div>\n\t\t\t\t<\/div>\n\t\t\t\t\t<\/div>\n\t\t<\/div>\n\t\t\t\t\t<\/div>\n\t\t<\/section>\n\t\t\t\t<\/div>\n\t\t","protected":false},"excerpt":{"rendered":"<p>Nutrition Nutrition Parce que de nombreux probl\u00e8mes dermatologiques peuvent trouver leur origine dans une alimentation inappropri\u00e9e, nous proposons des consultations en nutrition effectu\u00e9es par une infirmi\u00e8re sp\u00e9cialis\u00e9e. Ces consultations sont effectu\u00e9es en lien avec un m\u00e9decin dermatologue. &#8211; Les consultations nutrition sont factur\u00e9es 120CHF pour une s\u00e9ance qui dure une heure environ, et le remboursement &hellip;<\/p>\n<p class=\"read-more\"> <a class=\"\" href=\"https:\/\/cidge.ch\/?page_id=2698\"> <span class=\"screen-reader-text\">Nutrition<\/span> Lire la suite\u00a0\u00bb<\/a><\/p>\n","protected":false},"author":1,"featured_media":0,"parent":0,"menu_order":0,"comment_status":"closed","ping_status":"closed","template":"","meta":{"site-sidebar-layout":"no-sidebar","site-content-layout":"page-builder","ast-global-header-display":"","ast-main-header-display":"","ast-hfb-above-header-display":"","ast-hfb-below-header-display":"","ast-hfb-mobile-header-display":"","site-post-title":"disabled","ast-breadcrumbs-content":"","ast-featured-img":"disabled","footer-sml-layout":"","theme-transparent-header-meta":"","adv-header-id-meta":"","stick-header-meta":"","header-above-stick-meta":"","header-main-stick-meta":"","header-below-stick-meta":"","footnotes":""},"class_list":["post-2698","page","type-page","status-publish","hentry"],"yoast_head":"<!-- This site is optimized with the Yoast SEO plugin v26.7 - https:\/\/yoast.com\/wordpress\/plugins\/seo\/ -->\n<title>Nutrition - CIDGE<\/title>\n<meta name=\"robots\" content=\"index, follow, max-snippet:-1, max-image-preview:large, max-video-preview:-1\" \/>\n<link rel=\"canonical\" href=\"https:\/\/cidge.ch\/?page_id=2698\" \/>\n<meta property=\"og:locale\" content=\"fr_FR\" \/>\n<meta property=\"og:type\" content=\"article\" \/>\n<meta property=\"og:title\" content=\"Nutrition - CIDGE\" \/>\n<meta property=\"og:description\" content=\"Nutrition Nutrition Parce que de nombreux probl\u00e8mes dermatologiques peuvent trouver leur origine dans une alimentation inappropri\u00e9e, nous proposons des consultations en nutrition effectu\u00e9es par une infirmi\u00e8re sp\u00e9cialis\u00e9e. Ces consultations sont effectu\u00e9es en lien avec un m\u00e9decin dermatologue. &#8211; Les consultations nutrition sont factur\u00e9es 120CHF pour une s\u00e9ance qui dure une heure environ, et le remboursement &hellip; Nutrition Lire la suite\u00a0\u00bb\" \/>\n<meta property=\"og:url\" content=\"https:\/\/cidge.ch\/?page_id=2698\" \/>\n<meta property=\"og:site_name\" content=\"CIDGE\" \/>\n<meta property=\"article:modified_time\" content=\"2026-01-15T20:27:38+00:00\" \/>\n<meta property=\"og:image\" content=\"http:\/\/cidge.ch\/wp-content\/uploads\/2022\/08\/pexels-elle-hughes-1660027-scaled.jpg\" \/>\n<meta name=\"twitter:card\" content=\"summary_large_image\" \/>\n<meta name=\"twitter:label1\" content=\"Dur\u00e9e de lecture estim\u00e9e\" \/>\n\t<meta name=\"twitter:data1\" content=\"1 minute\" \/>\n<script type=\"application\/ld+json\" class=\"yoast-schema-graph\">{\"@context\":\"https:\/\/schema.org\",\"@graph\":[{\"@type\":\"WebPage\",\"@id\":\"https:\/\/cidge.ch\/?page_id=2698\",\"url\":\"https:\/\/cidge.ch\/?page_id=2698\",\"name\":\"Nutrition - CIDGE\",\"isPartOf\":{\"@id\":\"https:\/\/cidge.ch\/#website\"},\"primaryImageOfPage\":{\"@id\":\"https:\/\/cidge.ch\/?page_id=2698#primaryimage\"},\"image\":{\"@id\":\"https:\/\/cidge.ch\/?page_id=2698#primaryimage\"},\"thumbnailUrl\":\"http:\/\/cidge.ch\/wp-content\/uploads\/2022\/08\/pexels-elle-hughes-1660027-scaled.jpg\",\"datePublished\":\"2026-01-15T20:15:23+00:00\",\"dateModified\":\"2026-01-15T20:27:38+00:00\",\"breadcrumb\":{\"@id\":\"https:\/\/cidge.ch\/?page_id=2698#breadcrumb\"},\"inLanguage\":\"fr-FR\",\"potentialAction\":[{\"@type\":\"ReadAction\",\"target\":[\"https:\/\/cidge.ch\/?page_id=2698\"]}]},{\"@type\":\"ImageObject\",\"inLanguage\":\"fr-FR\",\"@id\":\"https:\/\/cidge.ch\/?page_id=2698#primaryimage\",\"url\":\"https:\/\/cidge.ch\/wp-content\/uploads\/2022\/08\/pexels-elle-hughes-1660027-scaled.jpg\",\"contentUrl\":\"https:\/\/cidge.ch\/wp-content\/uploads\/2022\/08\/pexels-elle-hughes-1660027-scaled.jpg\",\"width\":2560,\"height\":2262},{\"@type\":\"BreadcrumbList\",\"@id\":\"https:\/\/cidge.ch\/?page_id=2698#breadcrumb\",\"itemListElement\":[{\"@type\":\"ListItem\",\"position\":1,\"name\":\"Accueil\",\"item\":\"https:\/\/cidge.ch\/\"},{\"@type\":\"ListItem\",\"position\":2,\"name\":\"Nutrition\"}]},{\"@type\":\"WebSite\",\"@id\":\"https:\/\/cidge.ch\/#website\",\"url\":\"https:\/\/cidge.ch\/\",\"name\":\"CIDGE\",\"description\":\"Les Cliniques du Seujet (Seujet+Rive)\",\"publisher\":{\"@id\":\"https:\/\/cidge.ch\/#organization\"},\"potentialAction\":[{\"@type\":\"SearchAction\",\"target\":{\"@type\":\"EntryPoint\",\"urlTemplate\":\"https:\/\/cidge.ch\/?s={search_term_string}\"},\"query-input\":{\"@type\":\"PropertyValueSpecification\",\"valueRequired\":true,\"valueName\":\"search_term_string\"}}],\"inLanguage\":\"fr-FR\"},{\"@type\":\"Organization\",\"@id\":\"https:\/\/cidge.ch\/#organization\",\"name\":\"CIDGE\",\"url\":\"https:\/\/cidge.ch\/\",\"logo\":{\"@type\":\"ImageObject\",\"inLanguage\":\"fr-FR\",\"@id\":\"https:\/\/cidge.ch\/#\/schema\/logo\/image\/\",\"url\":\"https:\/\/cidge.ch\/wp-content\/uploads\/2022\/08\/cropped-Sans-titre-1-4.png\",\"contentUrl\":\"https:\/\/cidge.ch\/wp-content\/uploads\/2022\/08\/cropped-Sans-titre-1-4.png\",\"width\":2478,\"height\":822,\"caption\":\"CIDGE\"},\"image\":{\"@id\":\"https:\/\/cidge.ch\/#\/schema\/logo\/image\/\"}}]}<\/script>\n<!-- \/ Yoast SEO plugin. -->","yoast_head_json":{"title":"Nutrition - CIDGE","robots":{"index":"index","follow":"follow","max-snippet":"max-snippet:-1","max-image-preview":"max-image-preview:large","max-video-preview":"max-video-preview:-1"},"canonical":"https:\/\/cidge.ch\/?page_id=2698","og_locale":"fr_FR","og_type":"article","og_title":"Nutrition - CIDGE","og_description":"Nutrition Nutrition Parce que de nombreux probl\u00e8mes dermatologiques peuvent trouver leur origine dans une alimentation inappropri\u00e9e, nous proposons des consultations en nutrition effectu\u00e9es par une infirmi\u00e8re sp\u00e9cialis\u00e9e. Ces consultations sont effectu\u00e9es en lien avec un m\u00e9decin dermatologue. &#8211; Les consultations nutrition sont factur\u00e9es 120CHF pour une s\u00e9ance qui dure une heure environ, et le remboursement &hellip; Nutrition Lire la suite\u00a0\u00bb","og_url":"https:\/\/cidge.ch\/?page_id=2698","og_site_name":"CIDGE","article_modified_time":"2026-01-15T20:27:38+00:00","og_image":[{"url":"http:\/\/cidge.ch\/wp-content\/uploads\/2022\/08\/pexels-elle-hughes-1660027-scaled.jpg","type":"","width":"","height":""}],"twitter_card":"summary_large_image","twitter_misc":{"Dur\u00e9e de lecture estim\u00e9e":"1 minute"},"schema":{"@context":"https:\/\/schema.org","@graph":[{"@type":"WebPage","@id":"https:\/\/cidge.ch\/?page_id=2698","url":"https:\/\/cidge.ch\/?page_id=2698","name":"Nutrition - CIDGE","isPartOf":{"@id":"https:\/\/cidge.ch\/#website"},"primaryImageOfPage":{"@id":"https:\/\/cidge.ch\/?page_id=2698#primaryimage"},"image":{"@id":"https:\/\/cidge.ch\/?page_id=2698#primaryimage"},"thumbnailUrl":"http:\/\/cidge.ch\/wp-content\/uploads\/2022\/08\/pexels-elle-hughes-1660027-scaled.jpg","datePublished":"2026-01-15T20:15:23+00:00","dateModified":"2026-01-15T20:27:38+00:00","breadcrumb":{"@id":"https:\/\/cidge.ch\/?page_id=2698#breadcrumb"},"inLanguage":"fr-FR","potentialAction":[{"@type":"ReadAction","target":["https:\/\/cidge.ch\/?page_id=2698"]}]},{"@type":"ImageObject","inLanguage":"fr-FR","@id":"https:\/\/cidge.ch\/?page_id=2698#primaryimage","url":"https:\/\/cidge.ch\/wp-content\/uploads\/2022\/08\/pexels-elle-hughes-1660027-scaled.jpg","contentUrl":"https:\/\/cidge.ch\/wp-content\/uploads\/2022\/08\/pexels-elle-hughes-1660027-scaled.jpg","width":2560,"height":2262},{"@type":"BreadcrumbList","@id":"https:\/\/cidge.ch\/?page_id=2698#breadcrumb","itemListElement":[{"@type":"ListItem","position":1,"name":"Accueil","item":"https:\/\/cidge.ch\/"},{"@type":"ListItem","position":2,"name":"Nutrition"}]},{"@type":"WebSite","@id":"https:\/\/cidge.ch\/#website","url":"https:\/\/cidge.ch\/","name":"CIDGE","description":"Les Cliniques du Seujet (Seujet+Rive)","publisher":{"@id":"https:\/\/cidge.ch\/#organization"},"potentialAction":[{"@type":"SearchAction","target":{"@type":"EntryPoint","urlTemplate":"https:\/\/cidge.ch\/?s={search_term_string}"},"query-input":{"@type":"PropertyValueSpecification","valueRequired":true,"valueName":"search_term_string"}}],"inLanguage":"fr-FR"},{"@type":"Organization","@id":"https:\/\/cidge.ch\/#organization","name":"CIDGE","url":"https:\/\/cidge.ch\/","logo":{"@type":"ImageObject","inLanguage":"fr-FR","@id":"https:\/\/cidge.ch\/#\/schema\/logo\/image\/","url":"https:\/\/cidge.ch\/wp-content\/uploads\/2022\/08\/cropped-Sans-titre-1-4.png","contentUrl":"https:\/\/cidge.ch\/wp-content\/uploads\/2022\/08\/cropped-Sans-titre-1-4.png","width":2478,"height":822,"caption":"CIDGE"},"image":{"@id":"https:\/\/cidge.ch\/#\/schema\/logo\/image\/"}}]}},"_links":{"self":[{"href":"https:\/\/cidge.ch\/index.php?rest_route=\/wp\/v2\/pages\/2698","targetHints":{"allow":["GET"]}}],"collection":[{"href":"https:\/\/cidge.ch\/index.php?rest_route=\/wp\/v2\/pages"}],"about":[{"href":"https:\/\/cidge.ch\/index.php?rest_route=\/wp\/v2\/types\/page"}],"author":[{"embeddable":true,"href":"https:\/\/cidge.ch\/index.php?rest_route=\/wp\/v2\/users\/1"}],"replies":[{"embeddable":true,"href":"https:\/\/cidge.ch\/index.php?rest_route=%2Fwp%2Fv2%2Fcomments&post=2698"}],"version-history":[{"count":10,"href":"https:\/\/cidge.ch\/index.php?rest_route=\/wp\/v2\/pages\/2698\/revisions"}],"predecessor-version":[{"id":2711,"href":"https:\/\/cidge.ch\/index.php?rest_route=\/wp\/v2\/pages\/2698\/revisions\/2711"}],"wp:attachment":[{"href":"https:\/\/cidge.ch\/index.php?rest_route=%2Fwp%2Fv2%2Fmedia&parent=2698"}],"curies":[{"name":"wp","href":"https:\/\/api.w.org\/{rel}","templated":true}]}}