{"id":2657,"date":"2026-01-15T19:50:14","date_gmt":"2026-01-15T18:50:14","guid":{"rendered":"https:\/\/cidge.ch\/?page_id=2657"},"modified":"2026-01-15T20:44:21","modified_gmt":"2026-01-15T19:44:21","slug":"presentation","status":"publish","type":"page","link":"https:\/\/cidge.ch\/?page_id=2657","title":{"rendered":"Pr\u00e9sentation"},"content":{"rendered":"\t\t<div data-elementor-type=\"wp-page\" data-elementor-id=\"2657\" class=\"elementor elementor-2657\">\n\t\t\t\t\t\t<section class=\"elementor-section elementor-top-section elementor-element elementor-element-7f48d861 elementor-section-height-min-height elementor-section-boxed elementor-section-height-default elementor-section-items-middle\" data-id=\"7f48d861\" data-element_type=\"section\" data-e-type=\"section\" data-settings=\"{&quot;background_background&quot;:&quot;classic&quot;}\">\n\t\t\t\t\t\t\t<div class=\"elementor-background-overlay\"><\/div>\n\t\t\t\t\t\t\t<div class=\"elementor-container elementor-column-gap-no\">\n\t\t\t\t\t<div class=\"elementor-column elementor-col-100 elementor-top-column elementor-element elementor-element-1a0acfc0\" data-id=\"1a0acfc0\" data-element_type=\"column\" data-e-type=\"column\">\n\t\t\t<div class=\"elementor-widget-wrap elementor-element-populated\">\n\t\t\t\t\t\t<div class=\"elementor-element elementor-element-40c433b7 elementor-widget elementor-widget-heading\" data-id=\"40c433b7\" data-element_type=\"widget\" data-e-type=\"widget\" data-widget_type=\"heading.default\">\n\t\t\t\t<div class=\"elementor-widget-container\">\n\t\t\t\t\t<h1 class=\"elementor-heading-title elementor-size-default\">Pr\u00e9sentation<\/h1>\t\t\t\t<\/div>\n\t\t\t\t<\/div>\n\t\t\t\t\t<\/div>\n\t\t<\/div>\n\t\t\t\t\t<\/div>\n\t\t<\/section>\n\t\t\t\t<section class=\"elementor-section elementor-top-section elementor-element elementor-element-2a786b1b elementor-section-content-middle elementor-section-boxed elementor-section-height-default elementor-section-height-default\" data-id=\"2a786b1b\" data-element_type=\"section\" data-e-type=\"section\" data-settings=\"{&quot;background_background&quot;:&quot;classic&quot;}\">\n\t\t\t\t\t\t<div class=\"elementor-container elementor-column-gap-no\">\n\t\t\t\t\t<div class=\"elementor-column elementor-col-100 elementor-top-column elementor-element elementor-element-6d75fc52\" data-id=\"6d75fc52\" data-element_type=\"column\" data-e-type=\"column\">\n\t\t\t<div class=\"elementor-widget-wrap elementor-element-populated\">\n\t\t\t\t\t\t<div class=\"elementor-element elementor-element-52a0318 elementor-widget elementor-widget-heading\" data-id=\"52a0318\" data-element_type=\"widget\" data-e-type=\"widget\" data-widget_type=\"heading.default\">\n\t\t\t\t<div class=\"elementor-widget-container\">\n\t\t\t\t\t<h2 class=\"elementor-heading-title elementor-size-default\">PR\u00c9SENTATION<\/h2>\t\t\t\t<\/div>\n\t\t\t\t<\/div>\n\t\t\t\t<div class=\"elementor-element elementor-element-a4c054c elementor-widget elementor-widget-heading\" data-id=\"a4c054c\" data-element_type=\"widget\" data-e-type=\"widget\" data-widget_type=\"heading.default\">\n\t\t\t\t<div class=\"elementor-widget-container\">\n\t\t\t\t\t<h2 class=\"elementor-heading-title elementor-size-default\">LES CLINIQUES DU SUJET<\/h2>\t\t\t\t<\/div>\n\t\t\t\t<\/div>\n\t\t\t\t<section class=\"elementor-section elementor-inner-section elementor-element elementor-element-8e64e6c elementor-section-boxed elementor-section-height-default elementor-section-height-default\" data-id=\"8e64e6c\" data-element_type=\"section\" data-e-type=\"section\">\n\t\t\t\t\t\t<div class=\"elementor-container elementor-column-gap-default\">\n\t\t\t\t\t<div class=\"elementor-column elementor-col-50 elementor-inner-column elementor-element elementor-element-47aa09d\" data-id=\"47aa09d\" data-element_type=\"column\" data-e-type=\"column\">\n\t\t\t<div class=\"elementor-widget-wrap elementor-element-populated\">\n\t\t\t\t\t\t<div class=\"elementor-element elementor-element-d3034f3 elementor-widget elementor-widget-image\" data-id=\"d3034f3\" data-element_type=\"widget\" data-e-type=\"widget\" data-widget_type=\"image.default\">\n\t\t\t\t<div class=\"elementor-widget-container\">\n\t\t\t\t\t\t\t\t\t\t\t\t\t\t\t<img fetchpriority=\"high\" decoding=\"async\" width=\"1024\" height=\"553\" src=\"https:\/\/cidge.ch\/wp-content\/uploads\/2022\/08\/Capture-decran-2022-08-09-a-22.58.26-1024x553.png\" class=\"attachment-large size-large wp-image-1089\" alt=\"\" srcset=\"https:\/\/cidge.ch\/wp-content\/uploads\/2022\/08\/Capture-decran-2022-08-09-a-22.58.26-1024x553.png 1024w, https:\/\/cidge.ch\/wp-content\/uploads\/2022\/08\/Capture-decran-2022-08-09-a-22.58.26-600x324.png 600w, https:\/\/cidge.ch\/wp-content\/uploads\/2022\/08\/Capture-decran-2022-08-09-a-22.58.26-300x162.png 300w, https:\/\/cidge.ch\/wp-content\/uploads\/2022\/08\/Capture-decran-2022-08-09-a-22.58.26-768x415.png 768w, https:\/\/cidge.ch\/wp-content\/uploads\/2022\/08\/Capture-decran-2022-08-09-a-22.58.26.png 1300w\" sizes=\"(max-width: 1024px) 100vw, 1024px\" \/>\t\t\t\t\t\t\t\t\t\t\t\t\t\t\t<\/div>\n\t\t\t\t<\/div>\n\t\t\t\t\t<\/div>\n\t\t<\/div>\n\t\t\t\t<div class=\"elementor-column elementor-col-50 elementor-inner-column elementor-element elementor-element-14d0d53\" data-id=\"14d0d53\" data-element_type=\"column\" data-e-type=\"column\">\n\t\t\t<div class=\"elementor-widget-wrap elementor-element-populated\">\n\t\t\t\t\t\t<div class=\"elementor-element elementor-element-7fa1904 elementor-widget elementor-widget-text-editor\" data-id=\"7fa1904\" data-element_type=\"widget\" data-e-type=\"widget\" data-widget_type=\"text-editor.default\">\n\t\t\t\t<div class=\"elementor-widget-container\">\n\t\t\t\t\t\t\t\t\t<div>Depuis 2011, au 14 Quai du Seujet, la Clinique Dermatologique du Seujet r\u00e9pond aux demandes des patients en\u00a0disposant de locaux enti\u00e8rement d\u00e9di\u00e9s \u00e0 la dermatologie m\u00e9dicale ambulatoire avec des techniques\u00a0\u00e9prouv\u00e9es.<\/div><div>\u00a0<\/div><div>En 2022, un deuxi\u00e8me \u00e9tablissement a \u00e9t\u00e9 ouvert Cours de Rive 2, dans lequel se trouvent des m\u00e9decins dermatologues, une allergologue et une gyn\u00e9cologue.<\/div>\t\t\t\t\t\t\t\t<\/div>\n\t\t\t\t<\/div>\n\t\t\t\t<div class=\"elementor-element elementor-element-5eb56b5 elementor-widget elementor-widget-spacer\" data-id=\"5eb56b5\" data-element_type=\"widget\" data-e-type=\"widget\" data-widget_type=\"spacer.default\">\n\t\t\t\t<div class=\"elementor-widget-container\">\n\t\t\t\t\t\t\t<div class=\"elementor-spacer\">\n\t\t\t<div class=\"elementor-spacer-inner\"><\/div>\n\t\t<\/div>\n\t\t\t\t\t\t<\/div>\n\t\t\t\t<\/div>\n\t\t\t\t\t<\/div>\n\t\t<\/div>\n\t\t\t\t\t<\/div>\n\t\t<\/section>\n\t\t\t\t<section class=\"elementor-section elementor-inner-section elementor-element elementor-element-ba194b8 elementor-section-boxed elementor-section-height-default elementor-section-height-default\" data-id=\"ba194b8\" data-element_type=\"section\" data-e-type=\"section\">\n\t\t\t\t\t\t<div class=\"elementor-container elementor-column-gap-default\">\n\t\t\t\t\t<div class=\"elementor-column elementor-col-50 elementor-inner-column elementor-element elementor-element-0bb50c8\" data-id=\"0bb50c8\" data-element_type=\"column\" data-e-type=\"column\">\n\t\t\t<div class=\"elementor-widget-wrap elementor-element-populated\">\n\t\t\t\t\t\t<div class=\"elementor-element elementor-element-3c1d6ff elementor-widget elementor-widget-text-editor\" data-id=\"3c1d6ff\" data-element_type=\"widget\" data-e-type=\"widget\" data-widget_type=\"text-editor.default\">\n\t\t\t\t<div class=\"elementor-widget-container\">\n\t\t\t\t\t\t\t\t\t<div>Les consultations et les actes de chirurgie ambulatoire sont r\u00e9alis\u00e9s par des m\u00e9decins sp\u00e9cialistes ind\u00e9pendants disposant tous d&rsquo;un droit de pratique et les soins sont prodigu\u00e9s par des assistantes m\u00e9dicales exp\u00e9riment\u00e9es en\u00a0dermatologie.\u00a0<\/div><div>\u00a0<\/div><div>Les cliniques du Seujet sont un centre d&rsquo;excellence et de formation en dermatologie, certifi\u00e9 par l&rsquo;Institut Suisse de la Formation M\u00e9dicale. Elles accueillent \u00e0 ce titre des m\u00e9decins assistants en dermatologie qui exercent sous la responsabilit\u00e9 de m\u00e9decins formateurs.\u00a0<\/div><div>\u00a0<\/div><div>Disposant de 3 blocs chirurgicaux, de cabines de phototh\u00e9rapie, de lampes pour phototh\u00e9rapie dynamique et d&rsquo;un plateau laser complet et performant, les cliniques du Seujet proposent une prise en charge r\u00e9pondant aux standards les plus \u00e9lev\u00e9s de la profession.<\/div><div>\u00a0<\/div><div><div>Parmi les nombreux m\u00e9decins exer\u00e7ant au sein de la Clinique certains sont sp\u00e9cialis\u00e9s dans des domaines particulier tels que l&rsquo;onco-dermatologie, la dermatologie p\u00e9diatrique, la dermatologie infectieuse, l&rsquo;immunoth\u00e9rapie, la chirurgie de Mohs, &#8230;<\/div><div>\u00a0<\/div><div>Nos \u00e9tablissements sont sp\u00e9cialis\u00e9s dans la dermatologie m\u00e9dicale mais certains m\u00e9decins peuvent \u00e9galement vous proposer des traitements esth\u00e9tiques.<\/div><\/div>\t\t\t\t\t\t\t\t<\/div>\n\t\t\t\t<\/div>\n\t\t\t\t\t<\/div>\n\t\t<\/div>\n\t\t\t\t<div class=\"elementor-column elementor-col-50 elementor-inner-column elementor-element elementor-element-818d2e8\" data-id=\"818d2e8\" data-element_type=\"column\" data-e-type=\"column\">\n\t\t\t<div class=\"elementor-widget-wrap elementor-element-populated\">\n\t\t\t\t\t\t<div class=\"elementor-element elementor-element-cbc04be elementor-widget elementor-widget-image\" data-id=\"cbc04be\" data-element_type=\"widget\" data-e-type=\"widget\" data-widget_type=\"image.default\">\n\t\t\t\t<div class=\"elementor-widget-container\">\n\t\t\t\t\t\t\t\t\t\t\t\t\t\t\t<img decoding=\"async\" width=\"680\" height=\"1024\" src=\"https:\/\/cidge.ch\/wp-content\/uploads\/2022\/08\/modif1-680x1024.jpg\" class=\"attachment-large size-large wp-image-1672\" alt=\"\" srcset=\"https:\/\/cidge.ch\/wp-content\/uploads\/2022\/08\/modif1-680x1024.jpg 680w, https:\/\/cidge.ch\/wp-content\/uploads\/2022\/08\/modif1-199x300.jpg 199w, https:\/\/cidge.ch\/wp-content\/uploads\/2022\/08\/modif1-768x1156.jpg 768w, https:\/\/cidge.ch\/wp-content\/uploads\/2022\/08\/modif1-1020x1536.jpg 1020w, https:\/\/cidge.ch\/wp-content\/uploads\/2022\/08\/modif1-1360x2048.jpg 1360w, https:\/\/cidge.ch\/wp-content\/uploads\/2022\/08\/modif1-600x903.jpg 600w, https:\/\/cidge.ch\/wp-content\/uploads\/2022\/08\/modif1.jpg 1424w\" sizes=\"(max-width: 680px) 100vw, 680px\" \/>\t\t\t\t\t\t\t\t\t\t\t\t\t\t\t<\/div>\n\t\t\t\t<\/div>\n\t\t\t\t\t<\/div>\n\t\t<\/div>\n\t\t\t\t\t<\/div>\n\t\t<\/section>\n\t\t\t\t<div class=\"elementor-element elementor-element-ee6a2a9 elementor-widget elementor-widget-spacer\" data-id=\"ee6a2a9\" data-element_type=\"widget\" data-e-type=\"widget\" data-widget_type=\"spacer.default\">\n\t\t\t\t<div class=\"elementor-widget-container\">\n\t\t\t\t\t\t\t<div class=\"elementor-spacer\">\n\t\t\t<div class=\"elementor-spacer-inner\"><\/div>\n\t\t<\/div>\n\t\t\t\t\t\t<\/div>\n\t\t\t\t<\/div>\n\t\t\t\t\t<\/div>\n\t\t<\/div>\n\t\t\t\t\t<\/div>\n\t\t<\/section>\n\t\t\t\t<\/div>\n\t\t","protected":false},"excerpt":{"rendered":"<p>Pr\u00e9sentation PR\u00c9SENTATION LES CLINIQUES DU SUJET Depuis 2011, au 14 Quai du Seujet, la Clinique Dermatologique du Seujet r\u00e9pond aux demandes des patients en\u00a0disposant de locaux enti\u00e8rement d\u00e9di\u00e9s \u00e0 la dermatologie m\u00e9dicale ambulatoire avec des techniques\u00a0\u00e9prouv\u00e9es.\u00a0En 2022, un deuxi\u00e8me \u00e9tablissement a \u00e9t\u00e9 ouvert Cours de Rive 2, dans lequel se trouvent des m\u00e9decins dermatologues, une &hellip;<\/p>\n<p class=\"read-more\"> <a class=\"\" href=\"https:\/\/cidge.ch\/?page_id=2657\"> <span class=\"screen-reader-text\">Pr\u00e9sentation<\/span> Lire la suite\u00a0\u00bb<\/a><\/p>\n","protected":false},"author":1,"featured_media":0,"parent":0,"menu_order":0,"comment_status":"closed","ping_status":"closed","template":"","meta":{"site-sidebar-layout":"no-sidebar","site-content-layout":"page-builder","ast-global-header-display":"","ast-main-header-display":"","ast-hfb-above-header-display":"","ast-hfb-below-header-display":"","ast-hfb-mobile-header-display":"","site-post-title":"disabled","ast-breadcrumbs-content":"","ast-featured-img":"disabled","footer-sml-layout":"","theme-transparent-header-meta":"","adv-header-id-meta":"","stick-header-meta":"","header-above-stick-meta":"","header-main-stick-meta":"","header-below-stick-meta":"","footnotes":""},"class_list":["post-2657","page","type-page","status-publish","hentry"],"yoast_head":"<!-- This site is optimized with the Yoast SEO plugin v26.7 - https:\/\/yoast.com\/wordpress\/plugins\/seo\/ -->\n<title>Pr\u00e9sentation - CIDGE<\/title>\n<meta name=\"robots\" content=\"index, follow, max-snippet:-1, max-image-preview:large, max-video-preview:-1\" \/>\n<link rel=\"canonical\" href=\"https:\/\/cidge.ch\/?page_id=2657\" \/>\n<meta property=\"og:locale\" content=\"fr_FR\" \/>\n<meta property=\"og:type\" content=\"article\" \/>\n<meta property=\"og:title\" content=\"Pr\u00e9sentation - CIDGE\" \/>\n<meta property=\"og:description\" content=\"Pr\u00e9sentation PR\u00c9SENTATION LES CLINIQUES DU SUJET Depuis 2011, au 14 Quai du Seujet, la Clinique Dermatologique du Seujet r\u00e9pond aux demandes des patients en\u00a0disposant de locaux enti\u00e8rement d\u00e9di\u00e9s \u00e0 la dermatologie m\u00e9dicale ambulatoire avec des techniques\u00a0\u00e9prouv\u00e9es.\u00a0En 2022, un deuxi\u00e8me \u00e9tablissement a \u00e9t\u00e9 ouvert Cours de Rive 2, dans lequel se trouvent des m\u00e9decins dermatologues, une &hellip; Pr\u00e9sentation Lire la suite\u00a0\u00bb\" \/>\n<meta property=\"og:url\" content=\"https:\/\/cidge.ch\/?page_id=2657\" \/>\n<meta property=\"og:site_name\" content=\"CIDGE\" \/>\n<meta property=\"article:modified_time\" content=\"2026-01-15T19:44:21+00:00\" \/>\n<meta property=\"og:image\" content=\"http:\/\/cidge.ch\/wp-content\/uploads\/2022\/08\/Capture-decran-2022-08-09-a-22.58.26-1024x553.png\" \/>\n<meta name=\"twitter:card\" content=\"summary_large_image\" \/>\n<meta name=\"twitter:label1\" content=\"Dur\u00e9e de lecture estim\u00e9e\" \/>\n\t<meta name=\"twitter:data1\" content=\"2 minutes\" \/>\n<script type=\"application\/ld+json\" class=\"yoast-schema-graph\">{\"@context\":\"https:\/\/schema.org\",\"@graph\":[{\"@type\":\"WebPage\",\"@id\":\"https:\/\/cidge.ch\/?page_id=2657\",\"url\":\"https:\/\/cidge.ch\/?page_id=2657\",\"name\":\"Pr\u00e9sentation - CIDGE\",\"isPartOf\":{\"@id\":\"https:\/\/cidge.ch\/#website\"},\"primaryImageOfPage\":{\"@id\":\"https:\/\/cidge.ch\/?page_id=2657#primaryimage\"},\"image\":{\"@id\":\"https:\/\/cidge.ch\/?page_id=2657#primaryimage\"},\"thumbnailUrl\":\"http:\/\/cidge.ch\/wp-content\/uploads\/2022\/08\/Capture-decran-2022-08-09-a-22.58.26-1024x553.png\",\"datePublished\":\"2026-01-15T18:50:14+00:00\",\"dateModified\":\"2026-01-15T19:44:21+00:00\",\"breadcrumb\":{\"@id\":\"https:\/\/cidge.ch\/?page_id=2657#breadcrumb\"},\"inLanguage\":\"fr-FR\",\"potentialAction\":[{\"@type\":\"ReadAction\",\"target\":[\"https:\/\/cidge.ch\/?page_id=2657\"]}]},{\"@type\":\"ImageObject\",\"inLanguage\":\"fr-FR\",\"@id\":\"https:\/\/cidge.ch\/?page_id=2657#primaryimage\",\"url\":\"http:\/\/cidge.ch\/wp-content\/uploads\/2022\/08\/Capture-decran-2022-08-09-a-22.58.26-1024x553.png\",\"contentUrl\":\"http:\/\/cidge.ch\/wp-content\/uploads\/2022\/08\/Capture-decran-2022-08-09-a-22.58.26-1024x553.png\"},{\"@type\":\"BreadcrumbList\",\"@id\":\"https:\/\/cidge.ch\/?page_id=2657#breadcrumb\",\"itemListElement\":[{\"@type\":\"ListItem\",\"position\":1,\"name\":\"Accueil\",\"item\":\"https:\/\/cidge.ch\/\"},{\"@type\":\"ListItem\",\"position\":2,\"name\":\"Pr\u00e9sentation\"}]},{\"@type\":\"WebSite\",\"@id\":\"https:\/\/cidge.ch\/#website\",\"url\":\"https:\/\/cidge.ch\/\",\"name\":\"CIDGE\",\"description\":\"Les Cliniques du Seujet (Seujet+Rive)\",\"publisher\":{\"@id\":\"https:\/\/cidge.ch\/#organization\"},\"potentialAction\":[{\"@type\":\"SearchAction\",\"target\":{\"@type\":\"EntryPoint\",\"urlTemplate\":\"https:\/\/cidge.ch\/?s={search_term_string}\"},\"query-input\":{\"@type\":\"PropertyValueSpecification\",\"valueRequired\":true,\"valueName\":\"search_term_string\"}}],\"inLanguage\":\"fr-FR\"},{\"@type\":\"Organization\",\"@id\":\"https:\/\/cidge.ch\/#organization\",\"name\":\"CIDGE\",\"url\":\"https:\/\/cidge.ch\/\",\"logo\":{\"@type\":\"ImageObject\",\"inLanguage\":\"fr-FR\",\"@id\":\"https:\/\/cidge.ch\/#\/schema\/logo\/image\/\",\"url\":\"https:\/\/cidge.ch\/wp-content\/uploads\/2022\/08\/cropped-Sans-titre-1-4.png\",\"contentUrl\":\"https:\/\/cidge.ch\/wp-content\/uploads\/2022\/08\/cropped-Sans-titre-1-4.png\",\"width\":2478,\"height\":822,\"caption\":\"CIDGE\"},\"image\":{\"@id\":\"https:\/\/cidge.ch\/#\/schema\/logo\/image\/\"}}]}<\/script>\n<!-- \/ Yoast SEO plugin. -->","yoast_head_json":{"title":"Pr\u00e9sentation - CIDGE","robots":{"index":"index","follow":"follow","max-snippet":"max-snippet:-1","max-image-preview":"max-image-preview:large","max-video-preview":"max-video-preview:-1"},"canonical":"https:\/\/cidge.ch\/?page_id=2657","og_locale":"fr_FR","og_type":"article","og_title":"Pr\u00e9sentation - CIDGE","og_description":"Pr\u00e9sentation PR\u00c9SENTATION LES CLINIQUES DU SUJET Depuis 2011, au 14 Quai du Seujet, la Clinique Dermatologique du Seujet r\u00e9pond aux demandes des patients en\u00a0disposant de locaux enti\u00e8rement d\u00e9di\u00e9s \u00e0 la dermatologie m\u00e9dicale ambulatoire avec des techniques\u00a0\u00e9prouv\u00e9es.\u00a0En 2022, un deuxi\u00e8me \u00e9tablissement a \u00e9t\u00e9 ouvert Cours de Rive 2, dans lequel se trouvent des m\u00e9decins dermatologues, une &hellip; Pr\u00e9sentation Lire la suite\u00a0\u00bb","og_url":"https:\/\/cidge.ch\/?page_id=2657","og_site_name":"CIDGE","article_modified_time":"2026-01-15T19:44:21+00:00","og_image":[{"url":"http:\/\/cidge.ch\/wp-content\/uploads\/2022\/08\/Capture-decran-2022-08-09-a-22.58.26-1024x553.png","type":"","width":"","height":""}],"twitter_card":"summary_large_image","twitter_misc":{"Dur\u00e9e de lecture estim\u00e9e":"2 minutes"},"schema":{"@context":"https:\/\/schema.org","@graph":[{"@type":"WebPage","@id":"https:\/\/cidge.ch\/?page_id=2657","url":"https:\/\/cidge.ch\/?page_id=2657","name":"Pr\u00e9sentation - CIDGE","isPartOf":{"@id":"https:\/\/cidge.ch\/#website"},"primaryImageOfPage":{"@id":"https:\/\/cidge.ch\/?page_id=2657#primaryimage"},"image":{"@id":"https:\/\/cidge.ch\/?page_id=2657#primaryimage"},"thumbnailUrl":"http:\/\/cidge.ch\/wp-content\/uploads\/2022\/08\/Capture-decran-2022-08-09-a-22.58.26-1024x553.png","datePublished":"2026-01-15T18:50:14+00:00","dateModified":"2026-01-15T19:44:21+00:00","breadcrumb":{"@id":"https:\/\/cidge.ch\/?page_id=2657#breadcrumb"},"inLanguage":"fr-FR","potentialAction":[{"@type":"ReadAction","target":["https:\/\/cidge.ch\/?page_id=2657"]}]},{"@type":"ImageObject","inLanguage":"fr-FR","@id":"https:\/\/cidge.ch\/?page_id=2657#primaryimage","url":"http:\/\/cidge.ch\/wp-content\/uploads\/2022\/08\/Capture-decran-2022-08-09-a-22.58.26-1024x553.png","contentUrl":"http:\/\/cidge.ch\/wp-content\/uploads\/2022\/08\/Capture-decran-2022-08-09-a-22.58.26-1024x553.png"},{"@type":"BreadcrumbList","@id":"https:\/\/cidge.ch\/?page_id=2657#breadcrumb","itemListElement":[{"@type":"ListItem","position":1,"name":"Accueil","item":"https:\/\/cidge.ch\/"},{"@type":"ListItem","position":2,"name":"Pr\u00e9sentation"}]},{"@type":"WebSite","@id":"https:\/\/cidge.ch\/#website","url":"https:\/\/cidge.ch\/","name":"CIDGE","description":"Les Cliniques du Seujet (Seujet+Rive)","publisher":{"@id":"https:\/\/cidge.ch\/#organization"},"potentialAction":[{"@type":"SearchAction","target":{"@type":"EntryPoint","urlTemplate":"https:\/\/cidge.ch\/?s={search_term_string}"},"query-input":{"@type":"PropertyValueSpecification","valueRequired":true,"valueName":"search_term_string"}}],"inLanguage":"fr-FR"},{"@type":"Organization","@id":"https:\/\/cidge.ch\/#organization","name":"CIDGE","url":"https:\/\/cidge.ch\/","logo":{"@type":"ImageObject","inLanguage":"fr-FR","@id":"https:\/\/cidge.ch\/#\/schema\/logo\/image\/","url":"https:\/\/cidge.ch\/wp-content\/uploads\/2022\/08\/cropped-Sans-titre-1-4.png","contentUrl":"https:\/\/cidge.ch\/wp-content\/uploads\/2022\/08\/cropped-Sans-titre-1-4.png","width":2478,"height":822,"caption":"CIDGE"},"image":{"@id":"https:\/\/cidge.ch\/#\/schema\/logo\/image\/"}}]}},"_links":{"self":[{"href":"https:\/\/cidge.ch\/index.php?rest_route=\/wp\/v2\/pages\/2657","targetHints":{"allow":["GET"]}}],"collection":[{"href":"https:\/\/cidge.ch\/index.php?rest_route=\/wp\/v2\/pages"}],"about":[{"href":"https:\/\/cidge.ch\/index.php?rest_route=\/wp\/v2\/types\/page"}],"author":[{"embeddable":true,"href":"https:\/\/cidge.ch\/index.php?rest_route=\/wp\/v2\/users\/1"}],"replies":[{"embeddable":true,"href":"https:\/\/cidge.ch\/index.php?rest_route=%2Fwp%2Fv2%2Fcomments&post=2657"}],"version-history":[{"count":4,"href":"https:\/\/cidge.ch\/index.php?rest_route=\/wp\/v2\/pages\/2657\/revisions"}],"predecessor-version":[{"id":2672,"href":"https:\/\/cidge.ch\/index.php?rest_route=\/wp\/v2\/pages\/2657\/revisions\/2672"}],"wp:attachment":[{"href":"https:\/\/cidge.ch\/index.php?rest_route=%2Fwp%2Fv2%2Fmedia&parent=2657"}],"curies":[{"name":"wp","href":"https:\/\/api.w.org\/{rel}","templated":true}]}}