{"id":2430,"date":"2024-09-17T11:17:39","date_gmt":"2024-09-17T09:17:39","guid":{"rendered":"https:\/\/cidge.ch\/?page_id=2430"},"modified":"2024-09-19T10:50:23","modified_gmt":"2024-09-19T08:50:23","slug":"medecins-en-dermatologie-2","status":"publish","type":"page","link":"https:\/\/cidge.ch\/?page_id=2430","title":{"rendered":"M\u00e9decins en dermatologie"},"content":{"rendered":"\t\t<div data-elementor-type=\"wp-page\" data-elementor-id=\"2430\" class=\"elementor elementor-2430\">\n\t\t\t\t\t\t<section class=\"elementor-section elementor-top-section elementor-element elementor-element-2e47da4d elementor-section-height-min-height elementor-section-boxed elementor-section-height-default elementor-section-items-middle\" data-id=\"2e47da4d\" data-element_type=\"section\" data-e-type=\"section\" data-settings=\"{&quot;background_background&quot;:&quot;classic&quot;}\">\n\t\t\t\t\t\t\t<div class=\"elementor-background-overlay\"><\/div>\n\t\t\t\t\t\t\t<div class=\"elementor-container elementor-column-gap-no\">\n\t\t\t\t\t<div class=\"elementor-column elementor-col-100 elementor-top-column elementor-element elementor-element-1d80e584\" data-id=\"1d80e584\" data-element_type=\"column\" data-e-type=\"column\">\n\t\t\t<div class=\"elementor-widget-wrap elementor-element-populated\">\n\t\t\t\t\t\t<div class=\"elementor-element elementor-element-15c598c1 elementor-widget elementor-widget-heading\" data-id=\"15c598c1\" data-element_type=\"widget\" data-e-type=\"widget\" data-widget_type=\"heading.default\">\n\t\t\t\t<div class=\"elementor-widget-container\">\n\t\t\t\t\t<h1 class=\"elementor-heading-title elementor-size-default\">La m\u00e9decin allergologue<\/h1>\t\t\t\t<\/div>\n\t\t\t\t<\/div>\n\t\t\t\t\t<\/div>\n\t\t<\/div>\n\t\t\t\t\t<\/div>\n\t\t<\/section>\n\t\t\t\t<section class=\"elementor-section elementor-top-section elementor-element elementor-element-351384d7 elementor-section-boxed elementor-section-height-default elementor-section-height-default\" data-id=\"351384d7\" data-element_type=\"section\" data-e-type=\"section\" data-settings=\"{&quot;background_background&quot;:&quot;classic&quot;,&quot;animation&quot;:&quot;none&quot;}\">\n\t\t\t\t\t\t<div class=\"elementor-container elementor-column-gap-default\">\n\t\t\t\t\t<div class=\"elementor-column elementor-col-100 elementor-top-column elementor-element elementor-element-20103431\" data-id=\"20103431\" data-element_type=\"column\" data-e-type=\"column\">\n\t\t\t<div class=\"elementor-widget-wrap elementor-element-populated\">\n\t\t\t\t\t\t<div class=\"elementor-element elementor-element-a1fd24d elementor-widget elementor-widget-spacer\" data-id=\"a1fd24d\" data-element_type=\"widget\" data-e-type=\"widget\" data-widget_type=\"spacer.default\">\n\t\t\t\t<div class=\"elementor-widget-container\">\n\t\t\t\t\t\t\t<div class=\"elementor-spacer\">\n\t\t\t<div class=\"elementor-spacer-inner\"><\/div>\n\t\t<\/div>\n\t\t\t\t\t\t<\/div>\n\t\t\t\t<\/div>\n\t\t\t\t<section class=\"elementor-section elementor-inner-section elementor-element elementor-element-21829f07 elementor-section-content-bottom elementor-section-boxed elementor-section-height-default elementor-section-height-default elementor-invisible\" data-id=\"21829f07\" data-element_type=\"section\" data-e-type=\"section\" data-settings=\"{&quot;animation&quot;:&quot;fadeIn&quot;}\">\n\t\t\t\t\t\t<div class=\"elementor-container elementor-column-gap-wider\">\n\t\t\t\t\t<div class=\"elementor-column elementor-col-33 elementor-inner-column elementor-element elementor-element-2abc1b6c\" data-id=\"2abc1b6c\" data-element_type=\"column\" data-e-type=\"column\">\n\t\t\t<div class=\"elementor-widget-wrap elementor-element-populated\">\n\t\t\t\t\t\t<div class=\"elementor-element elementor-element-8e0b131 elementor-widget elementor-widget-image\" data-id=\"8e0b131\" data-element_type=\"widget\" data-e-type=\"widget\" data-widget_type=\"image.default\">\n\t\t\t\t<div class=\"elementor-widget-container\">\n\t\t\t\t\t\t\t\t\t\t\t\t\t\t\t<img fetchpriority=\"high\" decoding=\"async\" width=\"500\" height=\"500\" src=\"https:\/\/cidge.ch\/wp-content\/uploads\/2024\/09\/Docteur-Perin-Minisini.jpg\" class=\"attachment-full size-full wp-image-2436\" alt=\"\" srcset=\"https:\/\/cidge.ch\/wp-content\/uploads\/2024\/09\/Docteur-Perin-Minisini.jpg 500w, https:\/\/cidge.ch\/wp-content\/uploads\/2024\/09\/Docteur-Perin-Minisini-300x300.jpg 300w, https:\/\/cidge.ch\/wp-content\/uploads\/2024\/09\/Docteur-Perin-Minisini-150x150.jpg 150w\" sizes=\"(max-width: 500px) 100vw, 500px\" \/>\t\t\t\t\t\t\t\t\t\t\t\t\t\t\t<\/div>\n\t\t\t\t<\/div>\n\t\t\t\t\t<\/div>\n\t\t<\/div>\n\t\t\t\t<div class=\"elementor-column elementor-col-66 elementor-inner-column elementor-element elementor-element-4db39c12\" data-id=\"4db39c12\" data-element_type=\"column\" data-e-type=\"column\">\n\t\t\t<div class=\"elementor-widget-wrap elementor-element-populated\">\n\t\t\t\t\t\t<div class=\"elementor-element elementor-element-f3a655b elementor-vertical-align-top elementor-widget elementor-widget-image-box\" data-id=\"f3a655b\" data-element_type=\"widget\" data-e-type=\"widget\" data-widget_type=\"image-box.default\">\n\t\t\t\t<div class=\"elementor-widget-container\">\n\t\t\t\t\t<div class=\"elementor-image-box-wrapper\"><div class=\"elementor-image-box-content\"><h3 class=\"elementor-image-box-title\">Docteur P\u00e9rin-Minisini<\/h3><p class=\"elementor-image-box-description\">Allergologue, Interniste sp\u00e9cialiste FMH<\/p><\/div><\/div>\t\t\t\t<\/div>\n\t\t\t\t<\/div>\n\t\t\t\t<div class=\"elementor-element elementor-element-57beb160 elementor-widget elementor-widget-heading\" data-id=\"57beb160\" data-element_type=\"widget\" data-e-type=\"widget\" data-widget_type=\"heading.default\">\n\t\t\t\t<div class=\"elementor-widget-container\">\n\t\t\t\t\t<h4 class=\"elementor-heading-title elementor-size-default\">Langues<\/h4>\t\t\t\t<\/div>\n\t\t\t\t<\/div>\n\t\t\t\t<div class=\"elementor-element elementor-element-45541ed7 elementor-widget elementor-widget-text-editor\" data-id=\"45541ed7\" data-element_type=\"widget\" data-e-type=\"widget\" data-widget_type=\"text-editor.default\">\n\t\t\t\t<div class=\"elementor-widget-container\">\n\t\t\t\t\t\t\t\t\t<p>Fran\u00e7ais, Anglais<\/p>\t\t\t\t\t\t\t\t<\/div>\n\t\t\t\t<\/div>\n\t\t\t\t\t<\/div>\n\t\t<\/div>\n\t\t\t\t\t<\/div>\n\t\t<\/section>\n\t\t\t\t<div class=\"elementor-element elementor-element-dddca96 elementor-widget elementor-widget-spacer\" data-id=\"dddca96\" data-element_type=\"widget\" data-e-type=\"widget\" data-widget_type=\"spacer.default\">\n\t\t\t\t<div class=\"elementor-widget-container\">\n\t\t\t\t\t\t\t<div class=\"elementor-spacer\">\n\t\t\t<div class=\"elementor-spacer-inner\"><\/div>\n\t\t<\/div>\n\t\t\t\t\t\t<\/div>\n\t\t\t\t<\/div>\n\t\t\t\t\t<\/div>\n\t\t<\/div>\n\t\t\t\t\t<\/div>\n\t\t<\/section>\n\t\t\t\t<\/div>\n\t\t","protected":false},"excerpt":{"rendered":"<p>La m\u00e9decin allergologue Docteur P\u00e9rin-Minisini Allergologue, Interniste sp\u00e9cialiste FMH Langues Fran\u00e7ais, Anglais<\/p>\n","protected":false},"author":1,"featured_media":0,"parent":0,"menu_order":0,"comment_status":"closed","ping_status":"closed","template":"","meta":{"site-sidebar-layout":"no-sidebar","site-content-layout":"page-builder","ast-global-header-display":"","ast-main-header-display":"","ast-hfb-above-header-display":"","ast-hfb-below-header-display":"","ast-hfb-mobile-header-display":"","site-post-title":"disabled","ast-breadcrumbs-content":"","ast-featured-img":"disabled","footer-sml-layout":"","theme-transparent-header-meta":"","adv-header-id-meta":"","stick-header-meta":"","header-above-stick-meta":"","header-main-stick-meta":"","header-below-stick-meta":"","footnotes":""},"class_list":["post-2430","page","type-page","status-publish","hentry"],"yoast_head":"<!-- This site is optimized with the Yoast SEO plugin v26.7 - https:\/\/yoast.com\/wordpress\/plugins\/seo\/ -->\n<title>M\u00e9decins en dermatologie - CIDGE<\/title>\n<meta name=\"robots\" content=\"index, follow, max-snippet:-1, max-image-preview:large, max-video-preview:-1\" \/>\n<link rel=\"canonical\" href=\"https:\/\/cidge.ch\/?page_id=2430\" \/>\n<meta property=\"og:locale\" content=\"fr_FR\" \/>\n<meta property=\"og:type\" content=\"article\" \/>\n<meta property=\"og:title\" content=\"M\u00e9decins en dermatologie - CIDGE\" \/>\n<meta property=\"og:description\" content=\"La m\u00e9decin allergologue Docteur P\u00e9rin-Minisini Allergologue, Interniste sp\u00e9cialiste FMH Langues Fran\u00e7ais, Anglais\" \/>\n<meta property=\"og:url\" content=\"https:\/\/cidge.ch\/?page_id=2430\" \/>\n<meta property=\"og:site_name\" content=\"CIDGE\" \/>\n<meta property=\"article:modified_time\" content=\"2024-09-19T08:50:23+00:00\" \/>\n<meta property=\"og:image\" content=\"http:\/\/cidge.ch\/wp-content\/uploads\/2024\/09\/Docteur-Perin-Minisini.jpg\" \/>\n<meta name=\"twitter:card\" content=\"summary_large_image\" \/>\n<meta name=\"twitter:label1\" content=\"Dur\u00e9e de lecture estim\u00e9e\" \/>\n\t<meta name=\"twitter:data1\" content=\"1 minute\" \/>\n<script type=\"application\/ld+json\" class=\"yoast-schema-graph\">{\"@context\":\"https:\/\/schema.org\",\"@graph\":[{\"@type\":\"WebPage\",\"@id\":\"https:\/\/cidge.ch\/?page_id=2430\",\"url\":\"https:\/\/cidge.ch\/?page_id=2430\",\"name\":\"M\u00e9decins en dermatologie - CIDGE\",\"isPartOf\":{\"@id\":\"https:\/\/cidge.ch\/#website\"},\"primaryImageOfPage\":{\"@id\":\"https:\/\/cidge.ch\/?page_id=2430#primaryimage\"},\"image\":{\"@id\":\"https:\/\/cidge.ch\/?page_id=2430#primaryimage\"},\"thumbnailUrl\":\"http:\/\/cidge.ch\/wp-content\/uploads\/2024\/09\/Docteur-Perin-Minisini.jpg\",\"datePublished\":\"2024-09-17T09:17:39+00:00\",\"dateModified\":\"2024-09-19T08:50:23+00:00\",\"breadcrumb\":{\"@id\":\"https:\/\/cidge.ch\/?page_id=2430#breadcrumb\"},\"inLanguage\":\"fr-FR\",\"potentialAction\":[{\"@type\":\"ReadAction\",\"target\":[\"https:\/\/cidge.ch\/?page_id=2430\"]}]},{\"@type\":\"ImageObject\",\"inLanguage\":\"fr-FR\",\"@id\":\"https:\/\/cidge.ch\/?page_id=2430#primaryimage\",\"url\":\"http:\/\/cidge.ch\/wp-content\/uploads\/2024\/09\/Docteur-Perin-Minisini.jpg\",\"contentUrl\":\"http:\/\/cidge.ch\/wp-content\/uploads\/2024\/09\/Docteur-Perin-Minisini.jpg\"},{\"@type\":\"BreadcrumbList\",\"@id\":\"https:\/\/cidge.ch\/?page_id=2430#breadcrumb\",\"itemListElement\":[{\"@type\":\"ListItem\",\"position\":1,\"name\":\"Accueil\",\"item\":\"https:\/\/cidge.ch\/\"},{\"@type\":\"ListItem\",\"position\":2,\"name\":\"M\u00e9decins en dermatologie\"}]},{\"@type\":\"WebSite\",\"@id\":\"https:\/\/cidge.ch\/#website\",\"url\":\"https:\/\/cidge.ch\/\",\"name\":\"CIDGE\",\"description\":\"Les Cliniques du Seujet (Seujet+Rive)\",\"publisher\":{\"@id\":\"https:\/\/cidge.ch\/#organization\"},\"potentialAction\":[{\"@type\":\"SearchAction\",\"target\":{\"@type\":\"EntryPoint\",\"urlTemplate\":\"https:\/\/cidge.ch\/?s={search_term_string}\"},\"query-input\":{\"@type\":\"PropertyValueSpecification\",\"valueRequired\":true,\"valueName\":\"search_term_string\"}}],\"inLanguage\":\"fr-FR\"},{\"@type\":\"Organization\",\"@id\":\"https:\/\/cidge.ch\/#organization\",\"name\":\"CIDGE\",\"url\":\"https:\/\/cidge.ch\/\",\"logo\":{\"@type\":\"ImageObject\",\"inLanguage\":\"fr-FR\",\"@id\":\"https:\/\/cidge.ch\/#\/schema\/logo\/image\/\",\"url\":\"https:\/\/cidge.ch\/wp-content\/uploads\/2022\/08\/cropped-Sans-titre-1-4.png\",\"contentUrl\":\"https:\/\/cidge.ch\/wp-content\/uploads\/2022\/08\/cropped-Sans-titre-1-4.png\",\"width\":2478,\"height\":822,\"caption\":\"CIDGE\"},\"image\":{\"@id\":\"https:\/\/cidge.ch\/#\/schema\/logo\/image\/\"}}]}<\/script>\n<!-- \/ Yoast SEO plugin. -->","yoast_head_json":{"title":"M\u00e9decins en dermatologie - CIDGE","robots":{"index":"index","follow":"follow","max-snippet":"max-snippet:-1","max-image-preview":"max-image-preview:large","max-video-preview":"max-video-preview:-1"},"canonical":"https:\/\/cidge.ch\/?page_id=2430","og_locale":"fr_FR","og_type":"article","og_title":"M\u00e9decins en dermatologie - CIDGE","og_description":"La m\u00e9decin allergologue Docteur P\u00e9rin-Minisini Allergologue, Interniste sp\u00e9cialiste FMH Langues Fran\u00e7ais, Anglais","og_url":"https:\/\/cidge.ch\/?page_id=2430","og_site_name":"CIDGE","article_modified_time":"2024-09-19T08:50:23+00:00","og_image":[{"url":"http:\/\/cidge.ch\/wp-content\/uploads\/2024\/09\/Docteur-Perin-Minisini.jpg","type":"","width":"","height":""}],"twitter_card":"summary_large_image","twitter_misc":{"Dur\u00e9e de lecture estim\u00e9e":"1 minute"},"schema":{"@context":"https:\/\/schema.org","@graph":[{"@type":"WebPage","@id":"https:\/\/cidge.ch\/?page_id=2430","url":"https:\/\/cidge.ch\/?page_id=2430","name":"M\u00e9decins en dermatologie - CIDGE","isPartOf":{"@id":"https:\/\/cidge.ch\/#website"},"primaryImageOfPage":{"@id":"https:\/\/cidge.ch\/?page_id=2430#primaryimage"},"image":{"@id":"https:\/\/cidge.ch\/?page_id=2430#primaryimage"},"thumbnailUrl":"http:\/\/cidge.ch\/wp-content\/uploads\/2024\/09\/Docteur-Perin-Minisini.jpg","datePublished":"2024-09-17T09:17:39+00:00","dateModified":"2024-09-19T08:50:23+00:00","breadcrumb":{"@id":"https:\/\/cidge.ch\/?page_id=2430#breadcrumb"},"inLanguage":"fr-FR","potentialAction":[{"@type":"ReadAction","target":["https:\/\/cidge.ch\/?page_id=2430"]}]},{"@type":"ImageObject","inLanguage":"fr-FR","@id":"https:\/\/cidge.ch\/?page_id=2430#primaryimage","url":"http:\/\/cidge.ch\/wp-content\/uploads\/2024\/09\/Docteur-Perin-Minisini.jpg","contentUrl":"http:\/\/cidge.ch\/wp-content\/uploads\/2024\/09\/Docteur-Perin-Minisini.jpg"},{"@type":"BreadcrumbList","@id":"https:\/\/cidge.ch\/?page_id=2430#breadcrumb","itemListElement":[{"@type":"ListItem","position":1,"name":"Accueil","item":"https:\/\/cidge.ch\/"},{"@type":"ListItem","position":2,"name":"M\u00e9decins en dermatologie"}]},{"@type":"WebSite","@id":"https:\/\/cidge.ch\/#website","url":"https:\/\/cidge.ch\/","name":"CIDGE","description":"Les Cliniques du Seujet (Seujet+Rive)","publisher":{"@id":"https:\/\/cidge.ch\/#organization"},"potentialAction":[{"@type":"SearchAction","target":{"@type":"EntryPoint","urlTemplate":"https:\/\/cidge.ch\/?s={search_term_string}"},"query-input":{"@type":"PropertyValueSpecification","valueRequired":true,"valueName":"search_term_string"}}],"inLanguage":"fr-FR"},{"@type":"Organization","@id":"https:\/\/cidge.ch\/#organization","name":"CIDGE","url":"https:\/\/cidge.ch\/","logo":{"@type":"ImageObject","inLanguage":"fr-FR","@id":"https:\/\/cidge.ch\/#\/schema\/logo\/image\/","url":"https:\/\/cidge.ch\/wp-content\/uploads\/2022\/08\/cropped-Sans-titre-1-4.png","contentUrl":"https:\/\/cidge.ch\/wp-content\/uploads\/2022\/08\/cropped-Sans-titre-1-4.png","width":2478,"height":822,"caption":"CIDGE"},"image":{"@id":"https:\/\/cidge.ch\/#\/schema\/logo\/image\/"}}]}},"_links":{"self":[{"href":"https:\/\/cidge.ch\/index.php?rest_route=\/wp\/v2\/pages\/2430","targetHints":{"allow":["GET"]}}],"collection":[{"href":"https:\/\/cidge.ch\/index.php?rest_route=\/wp\/v2\/pages"}],"about":[{"href":"https:\/\/cidge.ch\/index.php?rest_route=\/wp\/v2\/types\/page"}],"author":[{"embeddable":true,"href":"https:\/\/cidge.ch\/index.php?rest_route=\/wp\/v2\/users\/1"}],"replies":[{"embeddable":true,"href":"https:\/\/cidge.ch\/index.php?rest_route=%2Fwp%2Fv2%2Fcomments&post=2430"}],"version-history":[{"count":10,"href":"https:\/\/cidge.ch\/index.php?rest_route=\/wp\/v2\/pages\/2430\/revisions"}],"predecessor-version":[{"id":2471,"href":"https:\/\/cidge.ch\/index.php?rest_route=\/wp\/v2\/pages\/2430\/revisions\/2471"}],"wp:attachment":[{"href":"https:\/\/cidge.ch\/index.php?rest_route=%2Fwp%2Fv2%2Fmedia&parent=2430"}],"curies":[{"name":"wp","href":"https:\/\/api.w.org\/{rel}","templated":true}]}}