{"id":2407,"date":"2024-09-13T09:47:26","date_gmt":"2024-09-13T07:47:26","guid":{"rendered":"https:\/\/cidge.ch\/?page_id=2407"},"modified":"2024-09-17T11:16:08","modified_gmt":"2024-09-17T09:16:08","slug":"allergologie","status":"publish","type":"page","link":"https:\/\/cidge.ch\/?page_id=2407","title":{"rendered":"Allergologie"},"content":{"rendered":"\t\t<div data-elementor-type=\"wp-page\" data-elementor-id=\"2407\" class=\"elementor elementor-2407\">\n\t\t\t\t\t\t<section class=\"elementor-section elementor-top-section elementor-element elementor-element-48b2452e elementor-section-height-min-height elementor-section-boxed elementor-section-height-default elementor-section-items-middle\" data-id=\"48b2452e\" data-element_type=\"section\" data-e-type=\"section\" data-settings=\"{&quot;background_background&quot;:&quot;classic&quot;}\">\n\t\t\t\t\t\t\t<div class=\"elementor-background-overlay\"><\/div>\n\t\t\t\t\t\t\t<div class=\"elementor-container elementor-column-gap-no\">\n\t\t\t\t\t<div class=\"elementor-column elementor-col-100 elementor-top-column elementor-element elementor-element-5d7be8ed\" data-id=\"5d7be8ed\" data-element_type=\"column\" data-e-type=\"column\">\n\t\t\t<div class=\"elementor-widget-wrap elementor-element-populated\">\n\t\t\t\t\t\t<div class=\"elementor-element elementor-element-f277d4c elementor-absolute elementor-widget elementor-widget-heading\" data-id=\"f277d4c\" data-element_type=\"widget\" data-e-type=\"widget\" data-settings=\"{&quot;_position&quot;:&quot;absolute&quot;}\" data-widget_type=\"heading.default\">\n\t\t\t\t<div class=\"elementor-widget-container\">\n\t\t\t\t\t<h1 class=\"elementor-heading-title elementor-size-default\"><div style=\"text-align: start\"><span style=\"font-style: inherit;text-align: center\">          Allergologie<\/span><\/div><\/h1>\t\t\t\t<\/div>\n\t\t\t\t<\/div>\n\t\t\t\t\t<\/div>\n\t\t<\/div>\n\t\t\t\t\t<\/div>\n\t\t<\/section>\n\t\t\t\t<section class=\"elementor-section elementor-top-section elementor-element elementor-element-0237e73 elementor-section-boxed elementor-section-height-default elementor-section-height-default\" data-id=\"0237e73\" data-element_type=\"section\" data-e-type=\"section\">\n\t\t\t\t\t\t<div class=\"elementor-container elementor-column-gap-default\">\n\t\t\t\t\t<div class=\"elementor-column elementor-col-50 elementor-top-column elementor-element elementor-element-f2fd696\" data-id=\"f2fd696\" data-element_type=\"column\" data-e-type=\"column\">\n\t\t\t<div class=\"elementor-widget-wrap elementor-element-populated\">\n\t\t\t\t\t\t<div class=\"elementor-element elementor-element-c7c638f elementor-widget elementor-widget-spacer\" data-id=\"c7c638f\" data-element_type=\"widget\" data-e-type=\"widget\" data-widget_type=\"spacer.default\">\n\t\t\t\t<div class=\"elementor-widget-container\">\n\t\t\t\t\t\t\t<div class=\"elementor-spacer\">\n\t\t\t<div class=\"elementor-spacer-inner\"><\/div>\n\t\t<\/div>\n\t\t\t\t\t\t<\/div>\n\t\t\t\t<\/div>\n\t\t\t\t<div class=\"elementor-element elementor-element-6257874 elementor-widget elementor-widget-image\" data-id=\"6257874\" data-element_type=\"widget\" data-e-type=\"widget\" data-widget_type=\"image.default\">\n\t\t\t\t<div class=\"elementor-widget-container\">\n\t\t\t\t\t\t\t\t\t\t\t\t\t\t\t<img fetchpriority=\"high\" decoding=\"async\" width=\"886\" height=\"678\" src=\"http:\/\/cidge.ch\/wp-content\/uploads\/2024\/09\/Capture-decran-2024-09-17-a-11.11.53.png\" class=\"attachment-large size-large wp-image-2426\" alt=\"\" srcset=\"http:\/\/cidge.ch\/wp-content\/uploads\/2024\/09\/Capture-decran-2024-09-17-a-11.11.53.png 886w, http:\/\/cidge.ch\/wp-content\/uploads\/2024\/09\/Capture-decran-2024-09-17-a-11.11.53-300x230.png 300w, http:\/\/cidge.ch\/wp-content\/uploads\/2024\/09\/Capture-decran-2024-09-17-a-11.11.53-768x588.png 768w\" sizes=\"(max-width: 886px) 100vw, 886px\" \/>\t\t\t\t\t\t\t\t\t\t\t\t\t\t\t<\/div>\n\t\t\t\t<\/div>\n\t\t\t\t\t<\/div>\n\t\t<\/div>\n\t\t\t\t<div class=\"elementor-column elementor-col-50 elementor-top-column elementor-element elementor-element-294356e\" data-id=\"294356e\" data-element_type=\"column\" data-e-type=\"column\">\n\t\t\t<div class=\"elementor-widget-wrap elementor-element-populated\">\n\t\t\t\t\t\t<div class=\"elementor-element elementor-element-50d7966 elementor-widget elementor-widget-spacer\" data-id=\"50d7966\" data-element_type=\"widget\" data-e-type=\"widget\" data-widget_type=\"spacer.default\">\n\t\t\t\t<div class=\"elementor-widget-container\">\n\t\t\t\t\t\t\t<div class=\"elementor-spacer\">\n\t\t\t<div class=\"elementor-spacer-inner\"><\/div>\n\t\t<\/div>\n\t\t\t\t\t\t<\/div>\n\t\t\t\t<\/div>\n\t\t\t\t<div class=\"elementor-element elementor-element-884fa15 elementor-widget elementor-widget-heading\" data-id=\"884fa15\" data-element_type=\"widget\" data-e-type=\"widget\" data-widget_type=\"heading.default\">\n\t\t\t\t<div class=\"elementor-widget-container\">\n\t\t\t\t\t<h2 class=\"elementor-heading-title elementor-size-default\">Allergologie<\/h2>\t\t\t\t<\/div>\n\t\t\t\t<\/div>\n\t\t\t\t<div class=\"elementor-element elementor-element-39af5c8 elementor-widget elementor-widget-text-editor\" data-id=\"39af5c8\" data-element_type=\"widget\" data-e-type=\"widget\" data-widget_type=\"text-editor.default\">\n\t\t\t\t<div class=\"elementor-widget-container\">\n\t\t\t\t\t\t\t\t\t<div>Dans le cadre des consultations dermatologiques, des pathologies d&rsquo;origine allergiques peuvent \u00eatre suspect\u00e9es.<\/div><div>\u00a0<\/div><div>Les Cliniques du Seujet offrent une prise en charge rapide et efficace par une M\u00e9decin allergologue sp\u00e9cialiste FMH pour confirmer ou infirmer cette origine \u00e0 l&rsquo;aide de tests sp\u00e9cialis\u00e9s.<\/div><div>\u00a0<\/div><div>Ces tests sont effectu\u00e9s par une infirmi\u00e8re sp\u00e9cialis\u00e9e et la m\u00e9decin. Une fois les allerg\u00e8nes identifi\u00e9s, un traitement de d\u00e9sensibilisation et de suivi est propos\u00e9.<\/div>\t\t\t\t\t\t\t\t<\/div>\n\t\t\t\t<\/div>\n\t\t\t\t\t<\/div>\n\t\t<\/div>\n\t\t\t\t\t<\/div>\n\t\t<\/section>\n\t\t\t\t<section class=\"elementor-section elementor-top-section elementor-element elementor-element-16b7cef elementor-section-boxed elementor-section-height-default elementor-section-height-default\" data-id=\"16b7cef\" data-element_type=\"section\" data-e-type=\"section\">\n\t\t\t\t\t\t<div class=\"elementor-container elementor-column-gap-default\">\n\t\t\t\t\t<div class=\"elementor-column elementor-col-100 elementor-top-column elementor-element elementor-element-6f9a51a\" data-id=\"6f9a51a\" data-element_type=\"column\" data-e-type=\"column\">\n\t\t\t<div class=\"elementor-widget-wrap elementor-element-populated\">\n\t\t\t\t\t\t<div class=\"elementor-element elementor-element-dda93cd elementor-widget elementor-widget-spacer\" data-id=\"dda93cd\" data-element_type=\"widget\" data-e-type=\"widget\" data-widget_type=\"spacer.default\">\n\t\t\t\t<div class=\"elementor-widget-container\">\n\t\t\t\t\t\t\t<div class=\"elementor-spacer\">\n\t\t\t<div class=\"elementor-spacer-inner\"><\/div>\n\t\t<\/div>\n\t\t\t\t\t\t<\/div>\n\t\t\t\t<\/div>\n\t\t\t\t\t<\/div>\n\t\t<\/div>\n\t\t\t\t\t<\/div>\n\t\t<\/section>\n\t\t\t\t<\/div>\n\t\t","protected":false},"excerpt":{"rendered":"<p>Allergologie Allergologie Dans le cadre des consultations dermatologiques, des pathologies d&rsquo;origine allergiques peuvent \u00eatre suspect\u00e9es.\u00a0Les Cliniques du Seujet offrent une prise en charge rapide et efficace par une M\u00e9decin allergologue sp\u00e9cialiste FMH pour confirmer ou infirmer cette origine \u00e0 l&rsquo;aide de tests sp\u00e9cialis\u00e9s.\u00a0Ces tests sont effectu\u00e9s par une infirmi\u00e8re sp\u00e9cialis\u00e9e et la m\u00e9decin. Une fois &hellip;<\/p>\n<p class=\"read-more\"> <a class=\"\" href=\"https:\/\/cidge.ch\/?page_id=2407\"> <span class=\"screen-reader-text\">Allergologie<\/span> Lire la suite\u00a0\u00bb<\/a><\/p>\n","protected":false},"author":1,"featured_media":0,"parent":0,"menu_order":0,"comment_status":"closed","ping_status":"closed","template":"","meta":{"site-sidebar-layout":"no-sidebar","site-content-layout":"page-builder","ast-global-header-display":"","ast-main-header-display":"","ast-hfb-above-header-display":"","ast-hfb-below-header-display":"","ast-hfb-mobile-header-display":"","site-post-title":"disabled","ast-breadcrumbs-content":"","ast-featured-img":"disabled","footer-sml-layout":"","theme-transparent-header-meta":"","adv-header-id-meta":"","stick-header-meta":"","header-above-stick-meta":"","header-main-stick-meta":"","header-below-stick-meta":"","footnotes":""},"class_list":["post-2407","page","type-page","status-publish","hentry"],"yoast_head":"<!-- This site is optimized with the Yoast SEO plugin v26.7 - https:\/\/yoast.com\/wordpress\/plugins\/seo\/ -->\n<title>Allergologie - CIDGE<\/title>\n<meta name=\"robots\" content=\"index, follow, max-snippet:-1, max-image-preview:large, max-video-preview:-1\" \/>\n<link rel=\"canonical\" href=\"http:\/\/cidge.ch\/?page_id=2407\" \/>\n<meta property=\"og:locale\" content=\"fr_FR\" \/>\n<meta property=\"og:type\" content=\"article\" \/>\n<meta property=\"og:title\" content=\"Allergologie - CIDGE\" \/>\n<meta property=\"og:description\" content=\"Allergologie Allergologie Dans le cadre des consultations dermatologiques, des pathologies d&rsquo;origine allergiques peuvent \u00eatre suspect\u00e9es.\u00a0Les Cliniques du Seujet offrent une prise en charge rapide et efficace par une M\u00e9decin allergologue sp\u00e9cialiste FMH pour confirmer ou infirmer cette origine \u00e0 l&rsquo;aide de tests sp\u00e9cialis\u00e9s.\u00a0Ces tests sont effectu\u00e9s par une infirmi\u00e8re sp\u00e9cialis\u00e9e et la m\u00e9decin. Une fois &hellip; Allergologie Lire la suite\u00a0\u00bb\" \/>\n<meta property=\"og:url\" content=\"http:\/\/cidge.ch\/?page_id=2407\" \/>\n<meta property=\"og:site_name\" content=\"CIDGE\" \/>\n<meta property=\"article:modified_time\" content=\"2024-09-17T09:16:08+00:00\" \/>\n<meta property=\"og:image\" content=\"http:\/\/cidge.ch\/wp-content\/uploads\/2024\/09\/Capture-decran-2024-09-17-a-11.11.53.png\" \/>\n<meta name=\"twitter:card\" content=\"summary_large_image\" \/>\n<meta name=\"twitter:label1\" content=\"Dur\u00e9e de lecture estim\u00e9e\" \/>\n\t<meta name=\"twitter:data1\" content=\"1 minute\" \/>\n<script type=\"application\/ld+json\" class=\"yoast-schema-graph\">{\"@context\":\"https:\/\/schema.org\",\"@graph\":[{\"@type\":\"WebPage\",\"@id\":\"http:\/\/cidge.ch\/?page_id=2407\",\"url\":\"http:\/\/cidge.ch\/?page_id=2407\",\"name\":\"Allergologie - CIDGE\",\"isPartOf\":{\"@id\":\"https:\/\/cidge.ch\/#website\"},\"primaryImageOfPage\":{\"@id\":\"http:\/\/cidge.ch\/?page_id=2407#primaryimage\"},\"image\":{\"@id\":\"http:\/\/cidge.ch\/?page_id=2407#primaryimage\"},\"thumbnailUrl\":\"http:\/\/cidge.ch\/wp-content\/uploads\/2024\/09\/Capture-decran-2024-09-17-a-11.11.53.png\",\"datePublished\":\"2024-09-13T07:47:26+00:00\",\"dateModified\":\"2024-09-17T09:16:08+00:00\",\"breadcrumb\":{\"@id\":\"http:\/\/cidge.ch\/?page_id=2407#breadcrumb\"},\"inLanguage\":\"fr-FR\",\"potentialAction\":[{\"@type\":\"ReadAction\",\"target\":[\"http:\/\/cidge.ch\/?page_id=2407\"]}]},{\"@type\":\"ImageObject\",\"inLanguage\":\"fr-FR\",\"@id\":\"http:\/\/cidge.ch\/?page_id=2407#primaryimage\",\"url\":\"http:\/\/cidge.ch\/wp-content\/uploads\/2024\/09\/Capture-decran-2024-09-17-a-11.11.53.png\",\"contentUrl\":\"http:\/\/cidge.ch\/wp-content\/uploads\/2024\/09\/Capture-decran-2024-09-17-a-11.11.53.png\"},{\"@type\":\"BreadcrumbList\",\"@id\":\"http:\/\/cidge.ch\/?page_id=2407#breadcrumb\",\"itemListElement\":[{\"@type\":\"ListItem\",\"position\":1,\"name\":\"Accueil\",\"item\":\"https:\/\/cidge.ch\/\"},{\"@type\":\"ListItem\",\"position\":2,\"name\":\"Allergologie\"}]},{\"@type\":\"WebSite\",\"@id\":\"https:\/\/cidge.ch\/#website\",\"url\":\"https:\/\/cidge.ch\/\",\"name\":\"CIDGE\",\"description\":\"Les Cliniques du Seujet (Seujet+Rive)\",\"publisher\":{\"@id\":\"https:\/\/cidge.ch\/#organization\"},\"potentialAction\":[{\"@type\":\"SearchAction\",\"target\":{\"@type\":\"EntryPoint\",\"urlTemplate\":\"https:\/\/cidge.ch\/?s={search_term_string}\"},\"query-input\":{\"@type\":\"PropertyValueSpecification\",\"valueRequired\":true,\"valueName\":\"search_term_string\"}}],\"inLanguage\":\"fr-FR\"},{\"@type\":\"Organization\",\"@id\":\"https:\/\/cidge.ch\/#organization\",\"name\":\"CIDGE\",\"url\":\"https:\/\/cidge.ch\/\",\"logo\":{\"@type\":\"ImageObject\",\"inLanguage\":\"fr-FR\",\"@id\":\"https:\/\/cidge.ch\/#\/schema\/logo\/image\/\",\"url\":\"https:\/\/cidge.ch\/wp-content\/uploads\/2022\/08\/cropped-Sans-titre-1-4.png\",\"contentUrl\":\"https:\/\/cidge.ch\/wp-content\/uploads\/2022\/08\/cropped-Sans-titre-1-4.png\",\"width\":2478,\"height\":822,\"caption\":\"CIDGE\"},\"image\":{\"@id\":\"https:\/\/cidge.ch\/#\/schema\/logo\/image\/\"}}]}<\/script>\n<!-- \/ Yoast SEO plugin. -->","yoast_head_json":{"title":"Allergologie - CIDGE","robots":{"index":"index","follow":"follow","max-snippet":"max-snippet:-1","max-image-preview":"max-image-preview:large","max-video-preview":"max-video-preview:-1"},"canonical":"http:\/\/cidge.ch\/?page_id=2407","og_locale":"fr_FR","og_type":"article","og_title":"Allergologie - CIDGE","og_description":"Allergologie Allergologie Dans le cadre des consultations dermatologiques, des pathologies d&rsquo;origine allergiques peuvent \u00eatre suspect\u00e9es.\u00a0Les Cliniques du Seujet offrent une prise en charge rapide et efficace par une M\u00e9decin allergologue sp\u00e9cialiste FMH pour confirmer ou infirmer cette origine \u00e0 l&rsquo;aide de tests sp\u00e9cialis\u00e9s.\u00a0Ces tests sont effectu\u00e9s par une infirmi\u00e8re sp\u00e9cialis\u00e9e et la m\u00e9decin. Une fois &hellip; Allergologie Lire la suite\u00a0\u00bb","og_url":"http:\/\/cidge.ch\/?page_id=2407","og_site_name":"CIDGE","article_modified_time":"2024-09-17T09:16:08+00:00","og_image":[{"url":"http:\/\/cidge.ch\/wp-content\/uploads\/2024\/09\/Capture-decran-2024-09-17-a-11.11.53.png","type":"","width":"","height":""}],"twitter_card":"summary_large_image","twitter_misc":{"Dur\u00e9e de lecture estim\u00e9e":"1 minute"},"schema":{"@context":"https:\/\/schema.org","@graph":[{"@type":"WebPage","@id":"http:\/\/cidge.ch\/?page_id=2407","url":"http:\/\/cidge.ch\/?page_id=2407","name":"Allergologie - CIDGE","isPartOf":{"@id":"https:\/\/cidge.ch\/#website"},"primaryImageOfPage":{"@id":"http:\/\/cidge.ch\/?page_id=2407#primaryimage"},"image":{"@id":"http:\/\/cidge.ch\/?page_id=2407#primaryimage"},"thumbnailUrl":"http:\/\/cidge.ch\/wp-content\/uploads\/2024\/09\/Capture-decran-2024-09-17-a-11.11.53.png","datePublished":"2024-09-13T07:47:26+00:00","dateModified":"2024-09-17T09:16:08+00:00","breadcrumb":{"@id":"http:\/\/cidge.ch\/?page_id=2407#breadcrumb"},"inLanguage":"fr-FR","potentialAction":[{"@type":"ReadAction","target":["http:\/\/cidge.ch\/?page_id=2407"]}]},{"@type":"ImageObject","inLanguage":"fr-FR","@id":"http:\/\/cidge.ch\/?page_id=2407#primaryimage","url":"http:\/\/cidge.ch\/wp-content\/uploads\/2024\/09\/Capture-decran-2024-09-17-a-11.11.53.png","contentUrl":"http:\/\/cidge.ch\/wp-content\/uploads\/2024\/09\/Capture-decran-2024-09-17-a-11.11.53.png"},{"@type":"BreadcrumbList","@id":"http:\/\/cidge.ch\/?page_id=2407#breadcrumb","itemListElement":[{"@type":"ListItem","position":1,"name":"Accueil","item":"https:\/\/cidge.ch\/"},{"@type":"ListItem","position":2,"name":"Allergologie"}]},{"@type":"WebSite","@id":"https:\/\/cidge.ch\/#website","url":"https:\/\/cidge.ch\/","name":"CIDGE","description":"Les Cliniques du Seujet (Seujet+Rive)","publisher":{"@id":"https:\/\/cidge.ch\/#organization"},"potentialAction":[{"@type":"SearchAction","target":{"@type":"EntryPoint","urlTemplate":"https:\/\/cidge.ch\/?s={search_term_string}"},"query-input":{"@type":"PropertyValueSpecification","valueRequired":true,"valueName":"search_term_string"}}],"inLanguage":"fr-FR"},{"@type":"Organization","@id":"https:\/\/cidge.ch\/#organization","name":"CIDGE","url":"https:\/\/cidge.ch\/","logo":{"@type":"ImageObject","inLanguage":"fr-FR","@id":"https:\/\/cidge.ch\/#\/schema\/logo\/image\/","url":"https:\/\/cidge.ch\/wp-content\/uploads\/2022\/08\/cropped-Sans-titre-1-4.png","contentUrl":"https:\/\/cidge.ch\/wp-content\/uploads\/2022\/08\/cropped-Sans-titre-1-4.png","width":2478,"height":822,"caption":"CIDGE"},"image":{"@id":"https:\/\/cidge.ch\/#\/schema\/logo\/image\/"}}]}},"_links":{"self":[{"href":"https:\/\/cidge.ch\/index.php?rest_route=\/wp\/v2\/pages\/2407","targetHints":{"allow":["GET"]}}],"collection":[{"href":"https:\/\/cidge.ch\/index.php?rest_route=\/wp\/v2\/pages"}],"about":[{"href":"https:\/\/cidge.ch\/index.php?rest_route=\/wp\/v2\/types\/page"}],"author":[{"embeddable":true,"href":"https:\/\/cidge.ch\/index.php?rest_route=\/wp\/v2\/users\/1"}],"replies":[{"embeddable":true,"href":"https:\/\/cidge.ch\/index.php?rest_route=%2Fwp%2Fv2%2Fcomments&post=2407"}],"version-history":[{"count":10,"href":"https:\/\/cidge.ch\/index.php?rest_route=\/wp\/v2\/pages\/2407\/revisions"}],"predecessor-version":[{"id":2429,"href":"https:\/\/cidge.ch\/index.php?rest_route=\/wp\/v2\/pages\/2407\/revisions\/2429"}],"wp:attachment":[{"href":"https:\/\/cidge.ch\/index.php?rest_route=%2Fwp%2Fv2%2Fmedia&parent=2407"}],"curies":[{"name":"wp","href":"https:\/\/api.w.org\/{rel}","templated":true}]}}