{"id":2145,"date":"2023-02-27T19:37:52","date_gmt":"2023-02-27T18:37:52","guid":{"rendered":"https:\/\/cidge.ch\/?page_id=2145"},"modified":"2024-03-13T20:13:10","modified_gmt":"2024-03-13T19:13:10","slug":"medecin-et-infirmiere-en-traitements-des-plaies","status":"publish","type":"page","link":"https:\/\/cidge.ch\/?page_id=2145","title":{"rendered":"M\u00e9decin et Infirmi\u00e8re en traitements des plaies"},"content":{"rendered":"\t\t<div data-elementor-type=\"wp-page\" data-elementor-id=\"2145\" class=\"elementor elementor-2145\">\n\t\t\t\t\t\t<section class=\"elementor-section elementor-top-section elementor-element elementor-element-964aa1f elementor-section-height-min-height elementor-section-boxed elementor-section-height-default elementor-section-items-middle\" data-id=\"964aa1f\" data-element_type=\"section\" data-e-type=\"section\" data-settings=\"{&quot;background_background&quot;:&quot;classic&quot;}\">\n\t\t\t\t\t\t\t<div class=\"elementor-background-overlay\"><\/div>\n\t\t\t\t\t\t\t<div class=\"elementor-container elementor-column-gap-no\">\n\t\t\t\t\t<div class=\"elementor-column elementor-col-100 elementor-top-column elementor-element elementor-element-58fc9673\" data-id=\"58fc9673\" data-element_type=\"column\" data-e-type=\"column\">\n\t\t\t<div class=\"elementor-widget-wrap elementor-element-populated\">\n\t\t\t\t\t\t<div class=\"elementor-element elementor-element-7dbaddb0 elementor-widget elementor-widget-heading\" data-id=\"7dbaddb0\" data-element_type=\"widget\" data-e-type=\"widget\" data-widget_type=\"heading.default\">\n\t\t\t\t<div class=\"elementor-widget-container\">\n\t\t\t\t\t<h1 class=\"elementor-heading-title elementor-size-default\">M\u00e9decin et infirmi\u00e8re en traitement des plaies<\/h1>\t\t\t\t<\/div>\n\t\t\t\t<\/div>\n\t\t\t\t\t<\/div>\n\t\t<\/div>\n\t\t\t\t\t<\/div>\n\t\t<\/section>\n\t\t\t\t<section class=\"elementor-section elementor-top-section elementor-element elementor-element-78cb1d42 elementor-section-boxed elementor-section-height-default elementor-section-height-default\" data-id=\"78cb1d42\" data-element_type=\"section\" data-e-type=\"section\" data-settings=\"{&quot;background_background&quot;:&quot;classic&quot;}\">\n\t\t\t\t\t\t<div class=\"elementor-container elementor-column-gap-default\">\n\t\t\t\t\t<div class=\"elementor-column elementor-col-100 elementor-top-column elementor-element elementor-element-7fe7db09\" data-id=\"7fe7db09\" data-element_type=\"column\" data-e-type=\"column\">\n\t\t\t<div class=\"elementor-widget-wrap elementor-element-populated\">\n\t\t\t\t\t\t<section class=\"elementor-section elementor-inner-section elementor-element elementor-element-836cec2 elementor-section-content-bottom elementor-section-boxed elementor-section-height-default elementor-section-height-default elementor-invisible\" data-id=\"836cec2\" data-element_type=\"section\" data-e-type=\"section\" data-settings=\"{&quot;animation&quot;:&quot;fadeIn&quot;}\">\n\t\t\t\t\t\t<div class=\"elementor-container elementor-column-gap-wider\">\n\t\t\t\t\t<div class=\"elementor-column elementor-col-66 elementor-inner-column elementor-element elementor-element-181c9042\" data-id=\"181c9042\" data-element_type=\"column\" data-e-type=\"column\">\n\t\t\t<div class=\"elementor-widget-wrap elementor-element-populated\">\n\t\t\t\t\t\t<div class=\"elementor-element elementor-element-2556856b elementor-vertical-align-top elementor-widget elementor-widget-image-box\" data-id=\"2556856b\" data-element_type=\"widget\" data-e-type=\"widget\" data-widget_type=\"image-box.default\">\n\t\t\t\t<div class=\"elementor-widget-container\">\n\t\t\t\t\t<div class=\"elementor-image-box-wrapper\"><div class=\"elementor-image-box-content\"><h3 class=\"elementor-image-box-title\">Docteur Denis Salomon<\/h3><p class=\"elementor-image-box-description\"><span style=\"text-align: right;white-space: normal\">Dermatologue et V\u00e9n\u00e9r\u00e9ologue sp\u00e9cialiste FMH<\/span><\/p><\/div><\/div>\t\t\t\t<\/div>\n\t\t\t\t<\/div>\n\t\t\t\t<div class=\"elementor-element elementor-element-1f76c9c3 elementor-widget elementor-widget-heading\" data-id=\"1f76c9c3\" data-element_type=\"widget\" data-e-type=\"widget\" data-widget_type=\"heading.default\">\n\t\t\t\t<div class=\"elementor-widget-container\">\n\t\t\t\t\t<h4 class=\"elementor-heading-title elementor-size-default\">Langues<\/h4>\t\t\t\t<\/div>\n\t\t\t\t<\/div>\n\t\t\t\t<div class=\"elementor-element elementor-element-9d7dcf0 elementor-widget elementor-widget-text-editor\" data-id=\"9d7dcf0\" data-element_type=\"widget\" data-e-type=\"widget\" data-widget_type=\"text-editor.default\">\n\t\t\t\t<div class=\"elementor-widget-container\">\n\t\t\t\t\t\t\t\t\t<p><span style=\"font-size: 17px;\">Fran\u00e7ais, Anglais<\/span><\/p>\t\t\t\t\t\t\t\t<\/div>\n\t\t\t\t<\/div>\n\t\t\t\t<div class=\"elementor-element elementor-element-4e942278 elementor-widget elementor-widget-heading\" data-id=\"4e942278\" data-element_type=\"widget\" data-e-type=\"widget\" data-widget_type=\"heading.default\">\n\t\t\t\t<div class=\"elementor-widget-container\">\n\t\t\t\t\t<h4 class=\"elementor-heading-title elementor-size-default\">Sp\u00e9cialit\u00e9s<\/h4>\t\t\t\t<\/div>\n\t\t\t\t<\/div>\n\t\t\t\t<div class=\"elementor-element elementor-element-417de662 elementor-widget elementor-widget-text-editor\" data-id=\"417de662\" data-element_type=\"widget\" data-e-type=\"widget\" data-widget_type=\"text-editor.default\">\n\t\t\t\t<div class=\"elementor-widget-container\">\n\t\t\t\t\t\t\t\t\t<p>Sp\u00e9cialiste FMH en Dermatologie et V\u00e9n\u00e9r\u00e9ologie,<br \/>Charg\u00e9 de cours \u00e0 la Facult\u00e9 de M\u00e9decine de l\u2019Universit\u00e9 de Gen\u00e8ve,<br \/>Ancien m\u00e9decin adjoint agr\u00e9g\u00e9 des H\u00f4pitaux Universitaires de Gen\u00e8ve\u00a0(HUG),\u00a0Chirurgien en dermatologie MOHS<\/p>\t\t\t\t\t\t\t\t<\/div>\n\t\t\t\t<\/div>\n\t\t\t\t\t<\/div>\n\t\t<\/div>\n\t\t\t\t<div class=\"elementor-column elementor-col-33 elementor-inner-column elementor-element elementor-element-73b9cf68\" data-id=\"73b9cf68\" data-element_type=\"column\" data-e-type=\"column\">\n\t\t\t<div class=\"elementor-widget-wrap elementor-element-populated\">\n\t\t\t\t\t\t<div class=\"elementor-element elementor-element-356e51f1 elementor-widget elementor-widget-image\" data-id=\"356e51f1\" data-element_type=\"widget\" data-e-type=\"widget\" data-widget_type=\"image.default\">\n\t\t\t\t<div class=\"elementor-widget-container\">\n\t\t\t\t\t\t\t\t\t\t\t\t\t\t\t<img fetchpriority=\"high\" decoding=\"async\" width=\"299\" height=\"447\" src=\"http:\/\/cidge.ch\/wp-content\/uploads\/2022\/08\/Capture-decran-2022-06-16-a-09.11.44.png\" class=\"attachment-full size-full wp-image-1362\" alt=\"\" srcset=\"http:\/\/cidge.ch\/wp-content\/uploads\/2022\/08\/Capture-decran-2022-06-16-a-09.11.44.png 299w, http:\/\/cidge.ch\/wp-content\/uploads\/2022\/08\/Capture-decran-2022-06-16-a-09.11.44-201x300.png 201w\" sizes=\"(max-width: 299px) 100vw, 299px\" \/>\t\t\t\t\t\t\t\t\t\t\t\t\t\t\t<\/div>\n\t\t\t\t<\/div>\n\t\t\t\t\t<\/div>\n\t\t<\/div>\n\t\t\t\t\t<\/div>\n\t\t<\/section>\n\t\t\t\t<section class=\"elementor-section elementor-inner-section elementor-element elementor-element-5526c0ec elementor-section-content-top elementor-reverse-mobile elementor-section-boxed elementor-section-height-default elementor-section-height-default elementor-invisible\" data-id=\"5526c0ec\" data-element_type=\"section\" data-e-type=\"section\" data-settings=\"{&quot;animation&quot;:&quot;fadeIn&quot;}\">\n\t\t\t\t\t\t<div class=\"elementor-container elementor-column-gap-wider\">\n\t\t\t\t\t<div class=\"elementor-column elementor-col-33 elementor-inner-column elementor-element elementor-element-2096aa40\" data-id=\"2096aa40\" data-element_type=\"column\" data-e-type=\"column\">\n\t\t\t<div class=\"elementor-widget-wrap elementor-element-populated\">\n\t\t\t\t\t\t<div class=\"elementor-element elementor-element-627cec6e elementor-widget elementor-widget-image\" data-id=\"627cec6e\" data-element_type=\"widget\" data-e-type=\"widget\" data-widget_type=\"image.default\">\n\t\t\t\t<div class=\"elementor-widget-container\">\n\t\t\t\t\t\t\t\t\t\t\t\t\t\t\t<img decoding=\"async\" width=\"1958\" height=\"2560\" src=\"http:\/\/cidge.ch\/wp-content\/uploads\/2023\/03\/1410258-scaled.jpg\" class=\"attachment-full size-full wp-image-2195\" alt=\"\" srcset=\"http:\/\/cidge.ch\/wp-content\/uploads\/2023\/03\/1410258-scaled.jpg 1958w, http:\/\/cidge.ch\/wp-content\/uploads\/2023\/03\/1410258-229x300.jpg 229w, http:\/\/cidge.ch\/wp-content\/uploads\/2023\/03\/1410258-783x1024.jpg 783w, http:\/\/cidge.ch\/wp-content\/uploads\/2023\/03\/1410258-768x1004.jpg 768w, http:\/\/cidge.ch\/wp-content\/uploads\/2023\/03\/1410258-1175x1536.jpg 1175w, http:\/\/cidge.ch\/wp-content\/uploads\/2023\/03\/1410258-1567x2048.jpg 1567w\" sizes=\"(max-width: 1958px) 100vw, 1958px\" \/>\t\t\t\t\t\t\t\t\t\t\t\t\t\t\t<\/div>\n\t\t\t\t<\/div>\n\t\t\t\t\t<\/div>\n\t\t<\/div>\n\t\t\t\t<div class=\"elementor-column elementor-col-66 elementor-inner-column elementor-element elementor-element-1b1ef0b6\" data-id=\"1b1ef0b6\" data-element_type=\"column\" data-e-type=\"column\">\n\t\t\t<div class=\"elementor-widget-wrap elementor-element-populated\">\n\t\t\t\t\t\t<div class=\"elementor-element elementor-element-aaa9b3 elementor-vertical-align-top elementor-widget elementor-widget-image-box\" data-id=\"aaa9b3\" data-element_type=\"widget\" data-e-type=\"widget\" data-widget_type=\"image-box.default\">\n\t\t\t\t<div class=\"elementor-widget-container\">\n\t\t\t\t\t<div class=\"elementor-image-box-wrapper\"><div class=\"elementor-image-box-content\"><h3 class=\"elementor-image-box-title\">Madame Emeline Joye<\/h3><p class=\"elementor-image-box-description\">Infirmi\u00e8re sp\u00e9cialis\u00e9e<\/p><\/div><\/div>\t\t\t\t<\/div>\n\t\t\t\t<\/div>\n\t\t\t\t<div class=\"elementor-element elementor-element-2aa9e70c elementor-widget elementor-widget-heading\" data-id=\"2aa9e70c\" data-element_type=\"widget\" data-e-type=\"widget\" data-widget_type=\"heading.default\">\n\t\t\t\t<div class=\"elementor-widget-container\">\n\t\t\t\t\t<h4 class=\"elementor-heading-title elementor-size-default\">Langue<\/h4>\t\t\t\t<\/div>\n\t\t\t\t<\/div>\n\t\t\t\t<div class=\"elementor-element elementor-element-1cd5082e elementor-widget elementor-widget-text-editor\" data-id=\"1cd5082e\" data-element_type=\"widget\" data-e-type=\"widget\" data-widget_type=\"text-editor.default\">\n\t\t\t\t<div class=\"elementor-widget-container\">\n\t\t\t\t\t\t\t\t\t<p>Fran\u00e7ais<\/p>\t\t\t\t\t\t\t\t<\/div>\n\t\t\t\t<\/div>\n\t\t\t\t<div class=\"elementor-element elementor-element-19886b51 elementor-widget elementor-widget-heading\" data-id=\"19886b51\" data-element_type=\"widget\" data-e-type=\"widget\" data-widget_type=\"heading.default\">\n\t\t\t\t<div class=\"elementor-widget-container\">\n\t\t\t\t\t<h4 class=\"elementor-heading-title elementor-size-default\">Sp\u00e9cialit\u00e9s<\/h4>\t\t\t\t<\/div>\n\t\t\t\t<\/div>\n\t\t\t\t<div class=\"elementor-element elementor-element-1b950157 elementor-widget elementor-widget-text-editor\" data-id=\"1b950157\" data-element_type=\"widget\" data-e-type=\"widget\" data-widget_type=\"text-editor.default\">\n\t\t\t\t<div class=\"elementor-widget-container\">\n\t\t\t\t\t\t\t\t\t<p>Certificate of Advanced Studies HES-SO en Prise en charge interdisciplinaire des plaies et cicatrisation<\/p>\t\t\t\t\t\t\t\t<\/div>\n\t\t\t\t<\/div>\n\t\t\t\t\t<\/div>\n\t\t<\/div>\n\t\t\t\t\t<\/div>\n\t\t<\/section>\n\t\t\t\t\t<\/div>\n\t\t<\/div>\n\t\t\t\t\t<\/div>\n\t\t<\/section>\n\t\t\t\t<\/div>\n\t\t","protected":false},"excerpt":{"rendered":"<p>M\u00e9decin et infirmi\u00e8re en traitement des plaies Docteur Denis Salomon Dermatologue et V\u00e9n\u00e9r\u00e9ologue sp\u00e9cialiste FMH Langues Fran\u00e7ais, Anglais Sp\u00e9cialit\u00e9s Sp\u00e9cialiste FMH en Dermatologie et V\u00e9n\u00e9r\u00e9ologie,Charg\u00e9 de cours \u00e0 la Facult\u00e9 de M\u00e9decine de l\u2019Universit\u00e9 de Gen\u00e8ve,Ancien m\u00e9decin adjoint agr\u00e9g\u00e9 des H\u00f4pitaux Universitaires de Gen\u00e8ve\u00a0(HUG),\u00a0Chirurgien en dermatologie MOHS Madame Emeline Joye Infirmi\u00e8re sp\u00e9cialis\u00e9e Langue Fran\u00e7ais Sp\u00e9cialit\u00e9s &hellip;<\/p>\n<p class=\"read-more\"> <a class=\"\" href=\"https:\/\/cidge.ch\/?page_id=2145\"> <span class=\"screen-reader-text\">M\u00e9decin et Infirmi\u00e8re en traitements des plaies<\/span> Lire la suite\u00a0\u00bb<\/a><\/p>\n","protected":false},"author":1,"featured_media":0,"parent":0,"menu_order":0,"comment_status":"closed","ping_status":"closed","template":"","meta":{"site-sidebar-layout":"no-sidebar","site-content-layout":"page-builder","ast-global-header-display":"","ast-main-header-display":"","ast-hfb-above-header-display":"","ast-hfb-below-header-display":"","ast-hfb-mobile-header-display":"","site-post-title":"disabled","ast-breadcrumbs-content":"","ast-featured-img":"disabled","footer-sml-layout":"","theme-transparent-header-meta":"","adv-header-id-meta":"","stick-header-meta":"","header-above-stick-meta":"","header-main-stick-meta":"","header-below-stick-meta":"","footnotes":""},"class_list":["post-2145","page","type-page","status-publish","hentry"],"yoast_head":"<!-- This site is optimized with the Yoast SEO plugin v26.7 - https:\/\/yoast.com\/wordpress\/plugins\/seo\/ -->\n<title>M\u00e9decin et Infirmi\u00e8re en traitements des plaies - CIDGE<\/title>\n<meta name=\"robots\" content=\"index, follow, max-snippet:-1, max-image-preview:large, max-video-preview:-1\" \/>\n<link rel=\"canonical\" href=\"http:\/\/cidge.ch\/?page_id=2145\" \/>\n<meta property=\"og:locale\" content=\"fr_FR\" \/>\n<meta property=\"og:type\" content=\"article\" \/>\n<meta property=\"og:title\" content=\"M\u00e9decin et Infirmi\u00e8re en traitements des plaies - CIDGE\" \/>\n<meta property=\"og:description\" content=\"M\u00e9decin et infirmi\u00e8re en traitement des plaies Docteur Denis Salomon Dermatologue et V\u00e9n\u00e9r\u00e9ologue sp\u00e9cialiste FMH Langues Fran\u00e7ais, Anglais Sp\u00e9cialit\u00e9s Sp\u00e9cialiste FMH en Dermatologie et V\u00e9n\u00e9r\u00e9ologie,Charg\u00e9 de cours \u00e0 la Facult\u00e9 de M\u00e9decine de l\u2019Universit\u00e9 de Gen\u00e8ve,Ancien m\u00e9decin adjoint agr\u00e9g\u00e9 des H\u00f4pitaux Universitaires de Gen\u00e8ve\u00a0(HUG),\u00a0Chirurgien en dermatologie MOHS Madame Emeline Joye Infirmi\u00e8re sp\u00e9cialis\u00e9e Langue Fran\u00e7ais Sp\u00e9cialit\u00e9s &hellip; M\u00e9decin et Infirmi\u00e8re en traitements des plaies Lire la suite\u00a0\u00bb\" \/>\n<meta property=\"og:url\" content=\"http:\/\/cidge.ch\/?page_id=2145\" \/>\n<meta property=\"og:site_name\" content=\"CIDGE\" \/>\n<meta property=\"article:modified_time\" content=\"2024-03-13T19:13:10+00:00\" \/>\n<meta property=\"og:image\" content=\"http:\/\/cidge.ch\/wp-content\/uploads\/2022\/08\/Capture-decran-2022-06-16-a-09.11.44.png\" \/>\n<meta name=\"twitter:card\" content=\"summary_large_image\" \/>\n<meta name=\"twitter:label1\" content=\"Dur\u00e9e de lecture estim\u00e9e\" \/>\n\t<meta name=\"twitter:data1\" content=\"2 minutes\" \/>\n<script type=\"application\/ld+json\" class=\"yoast-schema-graph\">{\"@context\":\"https:\/\/schema.org\",\"@graph\":[{\"@type\":\"WebPage\",\"@id\":\"http:\/\/cidge.ch\/?page_id=2145\",\"url\":\"http:\/\/cidge.ch\/?page_id=2145\",\"name\":\"M\u00e9decin et Infirmi\u00e8re en traitements des plaies - CIDGE\",\"isPartOf\":{\"@id\":\"https:\/\/cidge.ch\/#website\"},\"primaryImageOfPage\":{\"@id\":\"http:\/\/cidge.ch\/?page_id=2145#primaryimage\"},\"image\":{\"@id\":\"http:\/\/cidge.ch\/?page_id=2145#primaryimage\"},\"thumbnailUrl\":\"http:\/\/cidge.ch\/wp-content\/uploads\/2022\/08\/Capture-decran-2022-06-16-a-09.11.44.png\",\"datePublished\":\"2023-02-27T18:37:52+00:00\",\"dateModified\":\"2024-03-13T19:13:10+00:00\",\"breadcrumb\":{\"@id\":\"http:\/\/cidge.ch\/?page_id=2145#breadcrumb\"},\"inLanguage\":\"fr-FR\",\"potentialAction\":[{\"@type\":\"ReadAction\",\"target\":[\"http:\/\/cidge.ch\/?page_id=2145\"]}]},{\"@type\":\"ImageObject\",\"inLanguage\":\"fr-FR\",\"@id\":\"http:\/\/cidge.ch\/?page_id=2145#primaryimage\",\"url\":\"http:\/\/cidge.ch\/wp-content\/uploads\/2022\/08\/Capture-decran-2022-06-16-a-09.11.44.png\",\"contentUrl\":\"http:\/\/cidge.ch\/wp-content\/uploads\/2022\/08\/Capture-decran-2022-06-16-a-09.11.44.png\"},{\"@type\":\"BreadcrumbList\",\"@id\":\"http:\/\/cidge.ch\/?page_id=2145#breadcrumb\",\"itemListElement\":[{\"@type\":\"ListItem\",\"position\":1,\"name\":\"Accueil\",\"item\":\"https:\/\/cidge.ch\/\"},{\"@type\":\"ListItem\",\"position\":2,\"name\":\"M\u00e9decin et Infirmi\u00e8re en traitements des plaies\"}]},{\"@type\":\"WebSite\",\"@id\":\"https:\/\/cidge.ch\/#website\",\"url\":\"https:\/\/cidge.ch\/\",\"name\":\"CIDGE\",\"description\":\"Les Cliniques du Seujet (Seujet+Rive)\",\"publisher\":{\"@id\":\"https:\/\/cidge.ch\/#organization\"},\"potentialAction\":[{\"@type\":\"SearchAction\",\"target\":{\"@type\":\"EntryPoint\",\"urlTemplate\":\"https:\/\/cidge.ch\/?s={search_term_string}\"},\"query-input\":{\"@type\":\"PropertyValueSpecification\",\"valueRequired\":true,\"valueName\":\"search_term_string\"}}],\"inLanguage\":\"fr-FR\"},{\"@type\":\"Organization\",\"@id\":\"https:\/\/cidge.ch\/#organization\",\"name\":\"CIDGE\",\"url\":\"https:\/\/cidge.ch\/\",\"logo\":{\"@type\":\"ImageObject\",\"inLanguage\":\"fr-FR\",\"@id\":\"https:\/\/cidge.ch\/#\/schema\/logo\/image\/\",\"url\":\"https:\/\/cidge.ch\/wp-content\/uploads\/2022\/08\/cropped-Sans-titre-1-4.png\",\"contentUrl\":\"https:\/\/cidge.ch\/wp-content\/uploads\/2022\/08\/cropped-Sans-titre-1-4.png\",\"width\":2478,\"height\":822,\"caption\":\"CIDGE\"},\"image\":{\"@id\":\"https:\/\/cidge.ch\/#\/schema\/logo\/image\/\"}}]}<\/script>\n<!-- \/ Yoast SEO plugin. -->","yoast_head_json":{"title":"M\u00e9decin et Infirmi\u00e8re en traitements des plaies - CIDGE","robots":{"index":"index","follow":"follow","max-snippet":"max-snippet:-1","max-image-preview":"max-image-preview:large","max-video-preview":"max-video-preview:-1"},"canonical":"http:\/\/cidge.ch\/?page_id=2145","og_locale":"fr_FR","og_type":"article","og_title":"M\u00e9decin et Infirmi\u00e8re en traitements des plaies - CIDGE","og_description":"M\u00e9decin et infirmi\u00e8re en traitement des plaies Docteur Denis Salomon Dermatologue et V\u00e9n\u00e9r\u00e9ologue sp\u00e9cialiste FMH Langues Fran\u00e7ais, Anglais Sp\u00e9cialit\u00e9s Sp\u00e9cialiste FMH en Dermatologie et V\u00e9n\u00e9r\u00e9ologie,Charg\u00e9 de cours \u00e0 la Facult\u00e9 de M\u00e9decine de l\u2019Universit\u00e9 de Gen\u00e8ve,Ancien m\u00e9decin adjoint agr\u00e9g\u00e9 des H\u00f4pitaux Universitaires de Gen\u00e8ve\u00a0(HUG),\u00a0Chirurgien en dermatologie MOHS Madame Emeline Joye Infirmi\u00e8re sp\u00e9cialis\u00e9e Langue Fran\u00e7ais Sp\u00e9cialit\u00e9s &hellip; M\u00e9decin et Infirmi\u00e8re en traitements des plaies Lire la suite\u00a0\u00bb","og_url":"http:\/\/cidge.ch\/?page_id=2145","og_site_name":"CIDGE","article_modified_time":"2024-03-13T19:13:10+00:00","og_image":[{"url":"http:\/\/cidge.ch\/wp-content\/uploads\/2022\/08\/Capture-decran-2022-06-16-a-09.11.44.png","type":"","width":"","height":""}],"twitter_card":"summary_large_image","twitter_misc":{"Dur\u00e9e de lecture estim\u00e9e":"2 minutes"},"schema":{"@context":"https:\/\/schema.org","@graph":[{"@type":"WebPage","@id":"http:\/\/cidge.ch\/?page_id=2145","url":"http:\/\/cidge.ch\/?page_id=2145","name":"M\u00e9decin et Infirmi\u00e8re en traitements des plaies - CIDGE","isPartOf":{"@id":"https:\/\/cidge.ch\/#website"},"primaryImageOfPage":{"@id":"http:\/\/cidge.ch\/?page_id=2145#primaryimage"},"image":{"@id":"http:\/\/cidge.ch\/?page_id=2145#primaryimage"},"thumbnailUrl":"http:\/\/cidge.ch\/wp-content\/uploads\/2022\/08\/Capture-decran-2022-06-16-a-09.11.44.png","datePublished":"2023-02-27T18:37:52+00:00","dateModified":"2024-03-13T19:13:10+00:00","breadcrumb":{"@id":"http:\/\/cidge.ch\/?page_id=2145#breadcrumb"},"inLanguage":"fr-FR","potentialAction":[{"@type":"ReadAction","target":["http:\/\/cidge.ch\/?page_id=2145"]}]},{"@type":"ImageObject","inLanguage":"fr-FR","@id":"http:\/\/cidge.ch\/?page_id=2145#primaryimage","url":"http:\/\/cidge.ch\/wp-content\/uploads\/2022\/08\/Capture-decran-2022-06-16-a-09.11.44.png","contentUrl":"http:\/\/cidge.ch\/wp-content\/uploads\/2022\/08\/Capture-decran-2022-06-16-a-09.11.44.png"},{"@type":"BreadcrumbList","@id":"http:\/\/cidge.ch\/?page_id=2145#breadcrumb","itemListElement":[{"@type":"ListItem","position":1,"name":"Accueil","item":"https:\/\/cidge.ch\/"},{"@type":"ListItem","position":2,"name":"M\u00e9decin et Infirmi\u00e8re en traitements des plaies"}]},{"@type":"WebSite","@id":"https:\/\/cidge.ch\/#website","url":"https:\/\/cidge.ch\/","name":"CIDGE","description":"Les Cliniques du Seujet (Seujet+Rive)","publisher":{"@id":"https:\/\/cidge.ch\/#organization"},"potentialAction":[{"@type":"SearchAction","target":{"@type":"EntryPoint","urlTemplate":"https:\/\/cidge.ch\/?s={search_term_string}"},"query-input":{"@type":"PropertyValueSpecification","valueRequired":true,"valueName":"search_term_string"}}],"inLanguage":"fr-FR"},{"@type":"Organization","@id":"https:\/\/cidge.ch\/#organization","name":"CIDGE","url":"https:\/\/cidge.ch\/","logo":{"@type":"ImageObject","inLanguage":"fr-FR","@id":"https:\/\/cidge.ch\/#\/schema\/logo\/image\/","url":"https:\/\/cidge.ch\/wp-content\/uploads\/2022\/08\/cropped-Sans-titre-1-4.png","contentUrl":"https:\/\/cidge.ch\/wp-content\/uploads\/2022\/08\/cropped-Sans-titre-1-4.png","width":2478,"height":822,"caption":"CIDGE"},"image":{"@id":"https:\/\/cidge.ch\/#\/schema\/logo\/image\/"}}]}},"_links":{"self":[{"href":"https:\/\/cidge.ch\/index.php?rest_route=\/wp\/v2\/pages\/2145","targetHints":{"allow":["GET"]}}],"collection":[{"href":"https:\/\/cidge.ch\/index.php?rest_route=\/wp\/v2\/pages"}],"about":[{"href":"https:\/\/cidge.ch\/index.php?rest_route=\/wp\/v2\/types\/page"}],"author":[{"embeddable":true,"href":"https:\/\/cidge.ch\/index.php?rest_route=\/wp\/v2\/users\/1"}],"replies":[{"embeddable":true,"href":"https:\/\/cidge.ch\/index.php?rest_route=%2Fwp%2Fv2%2Fcomments&post=2145"}],"version-history":[{"count":31,"href":"https:\/\/cidge.ch\/index.php?rest_route=\/wp\/v2\/pages\/2145\/revisions"}],"predecessor-version":[{"id":2365,"href":"https:\/\/cidge.ch\/index.php?rest_route=\/wp\/v2\/pages\/2145\/revisions\/2365"}],"wp:attachment":[{"href":"https:\/\/cidge.ch\/index.php?rest_route=%2Fwp%2Fv2%2Fmedia&parent=2145"}],"curies":[{"name":"wp","href":"https:\/\/api.w.org\/{rel}","templated":true}]}}