{"id":2110,"date":"2023-02-27T19:00:56","date_gmt":"2023-02-27T18:00:56","guid":{"rendered":"https:\/\/cidge.ch\/?page_id=2110"},"modified":"2024-03-13T19:42:57","modified_gmt":"2024-03-13T18:42:57","slug":"traitement-des-plaies","status":"publish","type":"page","link":"https:\/\/cidge.ch\/?page_id=2110","title":{"rendered":"Traitement des plaies"},"content":{"rendered":"\t\t<div data-elementor-type=\"wp-page\" data-elementor-id=\"2110\" class=\"elementor elementor-2110\">\n\t\t\t\t\t\t<section class=\"elementor-section elementor-top-section elementor-element elementor-element-1199432 elementor-section-height-min-height elementor-section-boxed elementor-section-height-default elementor-section-items-middle\" data-id=\"1199432\" data-element_type=\"section\" data-e-type=\"section\" data-settings=\"{&quot;background_background&quot;:&quot;classic&quot;}\">\n\t\t\t\t\t\t\t<div class=\"elementor-background-overlay\"><\/div>\n\t\t\t\t\t\t\t<div class=\"elementor-container elementor-column-gap-no\">\n\t\t\t\t\t<div class=\"elementor-column elementor-col-100 elementor-top-column elementor-element elementor-element-14a7fc34\" data-id=\"14a7fc34\" data-element_type=\"column\" data-e-type=\"column\">\n\t\t\t<div class=\"elementor-widget-wrap elementor-element-populated\">\n\t\t\t\t\t\t<div class=\"elementor-element elementor-element-6ec8bad3 elementor-widget elementor-widget-heading\" data-id=\"6ec8bad3\" data-element_type=\"widget\" data-e-type=\"widget\" data-widget_type=\"heading.default\">\n\t\t\t\t<div class=\"elementor-widget-container\">\n\t\t\t\t\t<h1 class=\"elementor-heading-title elementor-size-default\">Traitement des plaies<\/h1>\t\t\t\t<\/div>\n\t\t\t\t<\/div>\n\t\t\t\t\t<\/div>\n\t\t<\/div>\n\t\t\t\t\t<\/div>\n\t\t<\/section>\n\t\t\t\t<section class=\"elementor-section elementor-top-section elementor-element elementor-element-aaa359c elementor-section-boxed elementor-section-height-default elementor-section-height-default\" data-id=\"aaa359c\" data-element_type=\"section\" data-e-type=\"section\">\n\t\t\t\t\t\t<div class=\"elementor-container elementor-column-gap-default\">\n\t\t\t\t\t<div class=\"elementor-column elementor-col-50 elementor-top-column elementor-element elementor-element-434b2ad\" data-id=\"434b2ad\" data-element_type=\"column\" data-e-type=\"column\">\n\t\t\t<div class=\"elementor-widget-wrap elementor-element-populated\">\n\t\t\t\t\t\t<div class=\"elementor-element elementor-element-2b53bee elementor-widget elementor-widget-spacer\" data-id=\"2b53bee\" data-element_type=\"widget\" data-e-type=\"widget\" data-widget_type=\"spacer.default\">\n\t\t\t\t<div class=\"elementor-widget-container\">\n\t\t\t\t\t\t\t<div class=\"elementor-spacer\">\n\t\t\t<div class=\"elementor-spacer-inner\"><\/div>\n\t\t<\/div>\n\t\t\t\t\t\t<\/div>\n\t\t\t\t<\/div>\n\t\t\t\t<div class=\"elementor-element elementor-element-526f9fe elementor-widget elementor-widget-heading\" data-id=\"526f9fe\" data-element_type=\"widget\" data-e-type=\"widget\" data-widget_type=\"heading.default\">\n\t\t\t\t<div class=\"elementor-widget-container\">\n\t\t\t\t\t<h2 class=\"elementor-heading-title elementor-size-default\">Traitements des plaies<\/h2>\t\t\t\t<\/div>\n\t\t\t\t<\/div>\n\t\t\t\t<div class=\"elementor-element elementor-element-4a2bcae elementor-widget elementor-widget-text-editor\" data-id=\"4a2bcae\" data-element_type=\"widget\" data-e-type=\"widget\" data-widget_type=\"text-editor.default\">\n\t\t\t\t<div class=\"elementor-widget-container\">\n\t\t\t\t\t\t\t\t\t<p>Consultation sp\u00e9cifique dans la prise en charge des plaies chroniques.<\/p>\n<p>Un m\u00e9decin dermatologue et une infirmi\u00e8re sp\u00e9cialis\u00e9e en plaies et cicatrisation d\u00e9di\u00e9s \u00e0 ce p\u00f4le de comp\u00e9tences.<\/p>\n<p>Soins sp\u00e9cifiques, tels que&nbsp;:<\/p>\n<ul type=\"disc\">\n<li>D\u00e9bridement m\u00e9canique<\/li>\n<li>Bandage multicouches<\/li>\n<li>Th\u00e9rapie avec cicatrisation dirig\u00e9e ou substituts cutan\u00e9s<\/li>\n<\/ul>\n<p>Mise en place d\u2019un suivi au domicile gr\u00e2ce \u00e0 une collaboration \u00e9troite avec des infirmiers et des physioth\u00e9rapeutes sp\u00e9cialis\u00e9s dans ce domaine.<\/p>\n<p><\/p>\t\t\t\t\t\t\t\t<\/div>\n\t\t\t\t<\/div>\n\t\t\t\t\t<\/div>\n\t\t<\/div>\n\t\t\t\t<div class=\"elementor-column elementor-col-50 elementor-top-column elementor-element elementor-element-6a5bc7c\" data-id=\"6a5bc7c\" data-element_type=\"column\" data-e-type=\"column\">\n\t\t\t<div class=\"elementor-widget-wrap elementor-element-populated\">\n\t\t\t\t\t\t<div class=\"elementor-element elementor-element-63de5c1 elementor-widget elementor-widget-spacer\" data-id=\"63de5c1\" data-element_type=\"widget\" data-e-type=\"widget\" data-widget_type=\"spacer.default\">\n\t\t\t\t<div class=\"elementor-widget-container\">\n\t\t\t\t\t\t\t<div class=\"elementor-spacer\">\n\t\t\t<div class=\"elementor-spacer-inner\"><\/div>\n\t\t<\/div>\n\t\t\t\t\t\t<\/div>\n\t\t\t\t<\/div>\n\t\t\t\t<div class=\"elementor-element elementor-element-ba58cec elementor-widget elementor-widget-image\" data-id=\"ba58cec\" data-element_type=\"widget\" data-e-type=\"widget\" data-widget_type=\"image.default\">\n\t\t\t\t<div class=\"elementor-widget-container\">\n\t\t\t\t\t\t\t\t\t\t\t\t\t\t\t<img decoding=\"async\" src=\"http:\/\/cidge.ch\/wp-content\/plugins\/elementor\/assets\/images\/placeholder.png\" title=\"\" alt=\"\" loading=\"lazy\" \/>\t\t\t\t\t\t\t\t\t\t\t\t\t\t\t<\/div>\n\t\t\t\t<\/div>\n\t\t\t\t<div class=\"elementor-element elementor-element-c4f8063 elementor-widget elementor-widget-text-editor\" data-id=\"c4f8063\" data-element_type=\"widget\" data-e-type=\"widget\" data-widget_type=\"text-editor.default\">\n\t\t\t\t<div class=\"elementor-widget-container\">\n\t\t\t\t\t\t\t\t\t<p>Pour toutes demandes, merci de nous \u00e9crire \u00e0\u00a0<strong><a rel=\"noopener noreferrer\">plaies@cidge.ch<\/a><\/strong>, en indiquant votre num\u00e9ro de t\u00e9l\u00e9phone.<\/p><p>Afin d\u2019optimiser la prise en charge, vous pouvez aussi nous joindre une photo.<\/p><p>Notre infirmi\u00e8re sp\u00e9cialis\u00e9e prendra contact avec vous dans les meilleurs d\u00e9lais afin de fixer un rendez-vous.<\/p>\t\t\t\t\t\t\t\t<\/div>\n\t\t\t\t<\/div>\n\t\t\t\t\t<\/div>\n\t\t<\/div>\n\t\t\t\t\t<\/div>\n\t\t<\/section>\n\t\t\t\t<\/div>\n\t\t","protected":false},"excerpt":{"rendered":"<p>Traitement des plaies Traitements des plaies Consultation sp\u00e9cifique dans la prise en charge des plaies chroniques. Un m\u00e9decin dermatologue et une infirmi\u00e8re sp\u00e9cialis\u00e9e en plaies et cicatrisation d\u00e9di\u00e9s \u00e0 ce p\u00f4le de comp\u00e9tences. Soins sp\u00e9cifiques, tels que&nbsp;: D\u00e9bridement m\u00e9canique Bandage multicouches Th\u00e9rapie avec cicatrisation dirig\u00e9e ou substituts cutan\u00e9s Mise en place d\u2019un suivi au domicile &hellip;<\/p>\n<p class=\"read-more\"> <a class=\"\" href=\"https:\/\/cidge.ch\/?page_id=2110\"> <span class=\"screen-reader-text\">Traitement des plaies<\/span> Lire la suite\u00a0\u00bb<\/a><\/p>\n","protected":false},"author":1,"featured_media":0,"parent":0,"menu_order":0,"comment_status":"closed","ping_status":"closed","template":"","meta":{"site-sidebar-layout":"no-sidebar","site-content-layout":"page-builder","ast-global-header-display":"","ast-main-header-display":"","ast-hfb-above-header-display":"","ast-hfb-below-header-display":"","ast-hfb-mobile-header-display":"","site-post-title":"disabled","ast-breadcrumbs-content":"","ast-featured-img":"disabled","footer-sml-layout":"","theme-transparent-header-meta":"","adv-header-id-meta":"","stick-header-meta":"","header-above-stick-meta":"","header-main-stick-meta":"","header-below-stick-meta":"","footnotes":""},"class_list":["post-2110","page","type-page","status-publish","hentry"],"yoast_head":"<!-- This site is optimized with the Yoast SEO plugin v26.7 - https:\/\/yoast.com\/wordpress\/plugins\/seo\/ -->\n<title>Traitement des plaies - CIDGE<\/title>\n<meta name=\"robots\" content=\"index, follow, max-snippet:-1, max-image-preview:large, max-video-preview:-1\" \/>\n<link rel=\"canonical\" href=\"https:\/\/cidge.ch\/?page_id=2110\" \/>\n<meta property=\"og:locale\" content=\"fr_FR\" \/>\n<meta property=\"og:type\" content=\"article\" \/>\n<meta property=\"og:title\" content=\"Traitement des plaies - CIDGE\" \/>\n<meta property=\"og:description\" content=\"Traitement des plaies Traitements des plaies Consultation sp\u00e9cifique dans la prise en charge des plaies chroniques. Un m\u00e9decin dermatologue et une infirmi\u00e8re sp\u00e9cialis\u00e9e en plaies et cicatrisation d\u00e9di\u00e9s \u00e0 ce p\u00f4le de comp\u00e9tences. Soins sp\u00e9cifiques, tels que&nbsp;: D\u00e9bridement m\u00e9canique Bandage multicouches Th\u00e9rapie avec cicatrisation dirig\u00e9e ou substituts cutan\u00e9s Mise en place d\u2019un suivi au domicile &hellip; Traitement des plaies Lire la suite\u00a0\u00bb\" \/>\n<meta property=\"og:url\" content=\"https:\/\/cidge.ch\/?page_id=2110\" \/>\n<meta property=\"og:site_name\" content=\"CIDGE\" \/>\n<meta property=\"article:modified_time\" content=\"2024-03-13T18:42:57+00:00\" \/>\n<meta property=\"og:image\" content=\"https:\/\/cidge.ch\/wp-content\/plugins\/elementor\/assets\/images\/placeholder.png\" \/>\n<meta name=\"twitter:card\" content=\"summary_large_image\" \/>\n<meta name=\"twitter:label1\" content=\"Dur\u00e9e de lecture estim\u00e9e\" \/>\n\t<meta name=\"twitter:data1\" content=\"1 minute\" \/>\n<script type=\"application\/ld+json\" class=\"yoast-schema-graph\">{\"@context\":\"https:\/\/schema.org\",\"@graph\":[{\"@type\":\"WebPage\",\"@id\":\"https:\/\/cidge.ch\/?page_id=2110\",\"url\":\"https:\/\/cidge.ch\/?page_id=2110\",\"name\":\"Traitement des plaies - CIDGE\",\"isPartOf\":{\"@id\":\"https:\/\/cidge.ch\/#website\"},\"primaryImageOfPage\":{\"@id\":\"https:\/\/cidge.ch\/?page_id=2110#primaryimage\"},\"image\":{\"@id\":\"https:\/\/cidge.ch\/?page_id=2110#primaryimage\"},\"thumbnailUrl\":\"https:\/\/cidge.ch\/wp-content\/plugins\/elementor\/assets\/images\/placeholder.png\",\"datePublished\":\"2023-02-27T18:00:56+00:00\",\"dateModified\":\"2024-03-13T18:42:57+00:00\",\"breadcrumb\":{\"@id\":\"https:\/\/cidge.ch\/?page_id=2110#breadcrumb\"},\"inLanguage\":\"fr-FR\",\"potentialAction\":[{\"@type\":\"ReadAction\",\"target\":[\"https:\/\/cidge.ch\/?page_id=2110\"]}]},{\"@type\":\"ImageObject\",\"inLanguage\":\"fr-FR\",\"@id\":\"https:\/\/cidge.ch\/?page_id=2110#primaryimage\",\"url\":\"https:\/\/cidge.ch\/wp-content\/plugins\/elementor\/assets\/images\/placeholder.png\",\"contentUrl\":\"https:\/\/cidge.ch\/wp-content\/plugins\/elementor\/assets\/images\/placeholder.png\"},{\"@type\":\"BreadcrumbList\",\"@id\":\"https:\/\/cidge.ch\/?page_id=2110#breadcrumb\",\"itemListElement\":[{\"@type\":\"ListItem\",\"position\":1,\"name\":\"Accueil\",\"item\":\"https:\/\/cidge.ch\/\"},{\"@type\":\"ListItem\",\"position\":2,\"name\":\"Traitement des plaies\"}]},{\"@type\":\"WebSite\",\"@id\":\"https:\/\/cidge.ch\/#website\",\"url\":\"https:\/\/cidge.ch\/\",\"name\":\"CIDGE\",\"description\":\"Les Cliniques du Seujet (Seujet+Rive)\",\"publisher\":{\"@id\":\"https:\/\/cidge.ch\/#organization\"},\"potentialAction\":[{\"@type\":\"SearchAction\",\"target\":{\"@type\":\"EntryPoint\",\"urlTemplate\":\"https:\/\/cidge.ch\/?s={search_term_string}\"},\"query-input\":{\"@type\":\"PropertyValueSpecification\",\"valueRequired\":true,\"valueName\":\"search_term_string\"}}],\"inLanguage\":\"fr-FR\"},{\"@type\":\"Organization\",\"@id\":\"https:\/\/cidge.ch\/#organization\",\"name\":\"CIDGE\",\"url\":\"https:\/\/cidge.ch\/\",\"logo\":{\"@type\":\"ImageObject\",\"inLanguage\":\"fr-FR\",\"@id\":\"https:\/\/cidge.ch\/#\/schema\/logo\/image\/\",\"url\":\"https:\/\/cidge.ch\/wp-content\/uploads\/2022\/08\/cropped-Sans-titre-1-4.png\",\"contentUrl\":\"https:\/\/cidge.ch\/wp-content\/uploads\/2022\/08\/cropped-Sans-titre-1-4.png\",\"width\":2478,\"height\":822,\"caption\":\"CIDGE\"},\"image\":{\"@id\":\"https:\/\/cidge.ch\/#\/schema\/logo\/image\/\"}}]}<\/script>\n<!-- \/ Yoast SEO plugin. -->","yoast_head_json":{"title":"Traitement des plaies - CIDGE","robots":{"index":"index","follow":"follow","max-snippet":"max-snippet:-1","max-image-preview":"max-image-preview:large","max-video-preview":"max-video-preview:-1"},"canonical":"https:\/\/cidge.ch\/?page_id=2110","og_locale":"fr_FR","og_type":"article","og_title":"Traitement des plaies - CIDGE","og_description":"Traitement des plaies Traitements des plaies Consultation sp\u00e9cifique dans la prise en charge des plaies chroniques. Un m\u00e9decin dermatologue et une infirmi\u00e8re sp\u00e9cialis\u00e9e en plaies et cicatrisation d\u00e9di\u00e9s \u00e0 ce p\u00f4le de comp\u00e9tences. Soins sp\u00e9cifiques, tels que&nbsp;: D\u00e9bridement m\u00e9canique Bandage multicouches Th\u00e9rapie avec cicatrisation dirig\u00e9e ou substituts cutan\u00e9s Mise en place d\u2019un suivi au domicile &hellip; Traitement des plaies Lire la suite\u00a0\u00bb","og_url":"https:\/\/cidge.ch\/?page_id=2110","og_site_name":"CIDGE","article_modified_time":"2024-03-13T18:42:57+00:00","og_image":[{"url":"https:\/\/cidge.ch\/wp-content\/plugins\/elementor\/assets\/images\/placeholder.png","type":"","width":"","height":""}],"twitter_card":"summary_large_image","twitter_misc":{"Dur\u00e9e de lecture estim\u00e9e":"1 minute"},"schema":{"@context":"https:\/\/schema.org","@graph":[{"@type":"WebPage","@id":"https:\/\/cidge.ch\/?page_id=2110","url":"https:\/\/cidge.ch\/?page_id=2110","name":"Traitement des plaies - CIDGE","isPartOf":{"@id":"https:\/\/cidge.ch\/#website"},"primaryImageOfPage":{"@id":"https:\/\/cidge.ch\/?page_id=2110#primaryimage"},"image":{"@id":"https:\/\/cidge.ch\/?page_id=2110#primaryimage"},"thumbnailUrl":"https:\/\/cidge.ch\/wp-content\/plugins\/elementor\/assets\/images\/placeholder.png","datePublished":"2023-02-27T18:00:56+00:00","dateModified":"2024-03-13T18:42:57+00:00","breadcrumb":{"@id":"https:\/\/cidge.ch\/?page_id=2110#breadcrumb"},"inLanguage":"fr-FR","potentialAction":[{"@type":"ReadAction","target":["https:\/\/cidge.ch\/?page_id=2110"]}]},{"@type":"ImageObject","inLanguage":"fr-FR","@id":"https:\/\/cidge.ch\/?page_id=2110#primaryimage","url":"https:\/\/cidge.ch\/wp-content\/plugins\/elementor\/assets\/images\/placeholder.png","contentUrl":"https:\/\/cidge.ch\/wp-content\/plugins\/elementor\/assets\/images\/placeholder.png"},{"@type":"BreadcrumbList","@id":"https:\/\/cidge.ch\/?page_id=2110#breadcrumb","itemListElement":[{"@type":"ListItem","position":1,"name":"Accueil","item":"https:\/\/cidge.ch\/"},{"@type":"ListItem","position":2,"name":"Traitement des plaies"}]},{"@type":"WebSite","@id":"https:\/\/cidge.ch\/#website","url":"https:\/\/cidge.ch\/","name":"CIDGE","description":"Les Cliniques du Seujet (Seujet+Rive)","publisher":{"@id":"https:\/\/cidge.ch\/#organization"},"potentialAction":[{"@type":"SearchAction","target":{"@type":"EntryPoint","urlTemplate":"https:\/\/cidge.ch\/?s={search_term_string}"},"query-input":{"@type":"PropertyValueSpecification","valueRequired":true,"valueName":"search_term_string"}}],"inLanguage":"fr-FR"},{"@type":"Organization","@id":"https:\/\/cidge.ch\/#organization","name":"CIDGE","url":"https:\/\/cidge.ch\/","logo":{"@type":"ImageObject","inLanguage":"fr-FR","@id":"https:\/\/cidge.ch\/#\/schema\/logo\/image\/","url":"https:\/\/cidge.ch\/wp-content\/uploads\/2022\/08\/cropped-Sans-titre-1-4.png","contentUrl":"https:\/\/cidge.ch\/wp-content\/uploads\/2022\/08\/cropped-Sans-titre-1-4.png","width":2478,"height":822,"caption":"CIDGE"},"image":{"@id":"https:\/\/cidge.ch\/#\/schema\/logo\/image\/"}}]}},"_links":{"self":[{"href":"https:\/\/cidge.ch\/index.php?rest_route=\/wp\/v2\/pages\/2110","targetHints":{"allow":["GET"]}}],"collection":[{"href":"https:\/\/cidge.ch\/index.php?rest_route=\/wp\/v2\/pages"}],"about":[{"href":"https:\/\/cidge.ch\/index.php?rest_route=\/wp\/v2\/types\/page"}],"author":[{"embeddable":true,"href":"https:\/\/cidge.ch\/index.php?rest_route=\/wp\/v2\/users\/1"}],"replies":[{"embeddable":true,"href":"https:\/\/cidge.ch\/index.php?rest_route=%2Fwp%2Fv2%2Fcomments&post=2110"}],"version-history":[{"count":23,"href":"https:\/\/cidge.ch\/index.php?rest_route=\/wp\/v2\/pages\/2110\/revisions"}],"predecessor-version":[{"id":2343,"href":"https:\/\/cidge.ch\/index.php?rest_route=\/wp\/v2\/pages\/2110\/revisions\/2343"}],"wp:attachment":[{"href":"https:\/\/cidge.ch\/index.php?rest_route=%2Fwp%2Fv2%2Fmedia&parent=2110"}],"curies":[{"name":"wp","href":"https:\/\/api.w.org\/{rel}","templated":true}]}}