{"id":1343,"date":"2022-08-13T17:10:22","date_gmt":"2022-08-13T15:10:22","guid":{"rendered":"https:\/\/new.cidge.ch\/?page_id=1343"},"modified":"2024-03-13T19:39:30","modified_gmt":"2024-03-13T18:39:30","slug":"politique-environnementale-2","status":"publish","type":"page","link":"https:\/\/cidge.ch\/?page_id=1343","title":{"rendered":"Politique environnementale"},"content":{"rendered":"\t\t<div data-elementor-type=\"wp-page\" data-elementor-id=\"1343\" class=\"elementor elementor-1343\">\n\t\t\t\t\t\t<section class=\"elementor-section elementor-top-section elementor-element elementor-element-60b8c788 elementor-section-height-min-height elementor-section-boxed elementor-section-height-default elementor-section-items-middle\" data-id=\"60b8c788\" data-element_type=\"section\" data-e-type=\"section\" data-settings=\"{&quot;background_background&quot;:&quot;classic&quot;}\">\n\t\t\t\t\t\t\t<div class=\"elementor-background-overlay\"><\/div>\n\t\t\t\t\t\t\t<div class=\"elementor-container elementor-column-gap-no\">\n\t\t\t\t\t<div class=\"elementor-column elementor-col-100 elementor-top-column elementor-element elementor-element-4601305f\" data-id=\"4601305f\" data-element_type=\"column\" data-e-type=\"column\">\n\t\t\t<div class=\"elementor-widget-wrap elementor-element-populated\">\n\t\t\t\t\t\t<div class=\"elementor-element elementor-element-6ff0cc46 elementor-widget elementor-widget-heading\" data-id=\"6ff0cc46\" data-element_type=\"widget\" data-e-type=\"widget\" data-widget_type=\"heading.default\">\n\t\t\t\t<div class=\"elementor-widget-container\">\n\t\t\t\t\t<h1 class=\"elementor-heading-title elementor-size-default\">Politique environnementale<\/h1>\t\t\t\t<\/div>\n\t\t\t\t<\/div>\n\t\t\t\t\t<\/div>\n\t\t<\/div>\n\t\t\t\t\t<\/div>\n\t\t<\/section>\n\t\t\t\t<section class=\"elementor-section elementor-top-section elementor-element elementor-element-zq3fukw elementor-section-content-middle elementor-section-boxed elementor-section-height-default elementor-section-height-default\" data-id=\"zq3fukw\" data-element_type=\"section\" data-e-type=\"section\" data-settings=\"{&quot;background_background&quot;:&quot;classic&quot;}\">\n\t\t\t\t\t\t<div class=\"elementor-container elementor-column-gap-no\">\n\t\t\t\t\t<div class=\"elementor-column elementor-col-50 elementor-top-column elementor-element elementor-element-4d7ad86\" data-id=\"4d7ad86\" data-element_type=\"column\" data-e-type=\"column\">\n\t\t\t<div class=\"elementor-widget-wrap elementor-element-populated\">\n\t\t\t\t\t\t<div class=\"elementor-element elementor-element-91de7cd elementor-widget elementor-widget-heading\" data-id=\"91de7cd\" data-element_type=\"widget\" data-e-type=\"widget\" data-widget_type=\"heading.default\">\n\t\t\t\t<div class=\"elementor-widget-container\">\n\t\t\t\t\t<h2 class=\"elementor-heading-title elementor-size-default\">Politique environnementale<\/h2>\t\t\t\t<\/div>\n\t\t\t\t<\/div>\n\t\t\t\t<div class=\"elementor-element elementor-element-0e457ca elementor-widget elementor-widget-text-editor\" data-id=\"0e457ca\" data-element_type=\"widget\" data-e-type=\"widget\" data-widget_type=\"text-editor.default\">\n\t\t\t\t<div class=\"elementor-widget-container\">\n\t\t\t\t\t\t\t\t\t<p>Nous privil\u00e9gions le mat\u00e9riel r\u00e9utilisable plut\u00f4t que l\u2019usage unique tout en garantissant un niveau d\u2019hygi\u00e8ne irr\u00e9prochable gr\u00e2ce \u00e0 un partenariat renforc\u00e9 avec un leader Suisse de la st\u00e9rilisation :<strong> Steriswiss<\/strong><\/p><p>Nous vous proposons une facturation dans un format \u00e9lectronique plut\u00f4t que papier.<\/p><p>Nous proposons des consultations \u00e0 distance, en vid\u00e9o ou par t\u00e9l\u00e9phone, lorsque ceci est opportun.<\/p>\t\t\t\t\t\t\t\t<\/div>\n\t\t\t\t<\/div>\n\t\t\t\t\t<\/div>\n\t\t<\/div>\n\t\t\t\t<div class=\"elementor-column elementor-col-50 elementor-top-column elementor-element elementor-element-03a6bc5\" data-id=\"03a6bc5\" data-element_type=\"column\" data-e-type=\"column\">\n\t\t\t<div class=\"elementor-widget-wrap elementor-element-populated\">\n\t\t\t\t\t\t<div class=\"elementor-element elementor-element-02ae585 elementor-widget elementor-widget-image\" data-id=\"02ae585\" data-element_type=\"widget\" data-e-type=\"widget\" data-widget_type=\"image.default\">\n\t\t\t\t<div class=\"elementor-widget-container\">\n\t\t\t\t\t\t\t\t\t\t\t\t\t\t\t<img fetchpriority=\"high\" decoding=\"async\" width=\"462\" height=\"212\" src=\"https:\/\/cidge.ch\/wp-content\/uploads\/2022\/08\/Logo.png.webp\" class=\"attachment-full size-full wp-image-1528\" alt=\"\" srcset=\"https:\/\/cidge.ch\/wp-content\/uploads\/2022\/08\/Logo.png.webp 462w, https:\/\/cidge.ch\/wp-content\/uploads\/2022\/08\/Logo.png-300x138.webp 300w\" sizes=\"(max-width: 462px) 100vw, 462px\" \/>\t\t\t\t\t\t\t\t\t\t\t\t\t\t\t<\/div>\n\t\t\t\t<\/div>\n\t\t\t\t\t<\/div>\n\t\t<\/div>\n\t\t\t\t\t<\/div>\n\t\t<\/section>\n\t\t\t\t<section class=\"elementor-section elementor-top-section elementor-element elementor-element-49a3933 elementor-section-boxed elementor-section-height-default elementor-section-height-default\" data-id=\"49a3933\" data-element_type=\"section\" data-e-type=\"section\" data-settings=\"{&quot;background_background&quot;:&quot;classic&quot;}\">\n\t\t\t\t\t\t<div class=\"elementor-container elementor-column-gap-default\">\n\t\t\t\t\t<div class=\"elementor-column elementor-col-100 elementor-top-column elementor-element elementor-element-8eb251a\" data-id=\"8eb251a\" data-element_type=\"column\" data-e-type=\"column\">\n\t\t\t<div class=\"elementor-widget-wrap elementor-element-populated\">\n\t\t\t\t\t\t<div class=\"elementor-element elementor-element-2d0994e elementor-widget elementor-widget-spacer\" data-id=\"2d0994e\" data-element_type=\"widget\" data-e-type=\"widget\" data-widget_type=\"spacer.default\">\n\t\t\t\t<div class=\"elementor-widget-container\">\n\t\t\t\t\t\t\t<div class=\"elementor-spacer\">\n\t\t\t<div class=\"elementor-spacer-inner\"><\/div>\n\t\t<\/div>\n\t\t\t\t\t\t<\/div>\n\t\t\t\t<\/div>\n\t\t\t\t\t<\/div>\n\t\t<\/div>\n\t\t\t\t\t<\/div>\n\t\t<\/section>\n\t\t\t\t<\/div>\n\t\t","protected":false},"excerpt":{"rendered":"<p>Politique environnementale Politique environnementale Nous privil\u00e9gions le mat\u00e9riel r\u00e9utilisable plut\u00f4t que l\u2019usage unique tout en garantissant un niveau d\u2019hygi\u00e8ne irr\u00e9prochable gr\u00e2ce \u00e0 un partenariat renforc\u00e9 avec un leader Suisse de la st\u00e9rilisation : Steriswiss Nous vous proposons une facturation dans un format \u00e9lectronique plut\u00f4t que papier. Nous proposons des consultations \u00e0 distance, en vid\u00e9o ou &hellip;<\/p>\n<p class=\"read-more\"> <a class=\"\" href=\"https:\/\/cidge.ch\/?page_id=1343\"> <span class=\"screen-reader-text\">Politique environnementale<\/span> Lire la suite\u00a0\u00bb<\/a><\/p>\n","protected":false},"author":1,"featured_media":0,"parent":0,"menu_order":0,"comment_status":"closed","ping_status":"closed","template":"","meta":{"site-sidebar-layout":"no-sidebar","site-content-layout":"page-builder","ast-global-header-display":"","ast-main-header-display":"","ast-hfb-above-header-display":"","ast-hfb-below-header-display":"","ast-hfb-mobile-header-display":"","site-post-title":"disabled","ast-breadcrumbs-content":"","ast-featured-img":"disabled","footer-sml-layout":"","theme-transparent-header-meta":"","adv-header-id-meta":"","stick-header-meta":"","header-above-stick-meta":"","header-main-stick-meta":"","header-below-stick-meta":"","footnotes":""},"class_list":["post-1343","page","type-page","status-publish","hentry"],"yoast_head":"<!-- This site is optimized with the Yoast SEO plugin v26.7 - https:\/\/yoast.com\/wordpress\/plugins\/seo\/ -->\n<title>Politique environnementale - CIDGE<\/title>\n<meta name=\"robots\" content=\"index, follow, max-snippet:-1, max-image-preview:large, max-video-preview:-1\" \/>\n<link rel=\"canonical\" href=\"http:\/\/cidge.ch\/?page_id=1343\" \/>\n<meta property=\"og:locale\" content=\"fr_FR\" \/>\n<meta property=\"og:type\" content=\"article\" \/>\n<meta property=\"og:title\" content=\"Politique environnementale - CIDGE\" \/>\n<meta property=\"og:description\" content=\"Politique environnementale Politique environnementale Nous privil\u00e9gions le mat\u00e9riel r\u00e9utilisable plut\u00f4t que l\u2019usage unique tout en garantissant un niveau d\u2019hygi\u00e8ne irr\u00e9prochable gr\u00e2ce \u00e0 un partenariat renforc\u00e9 avec un leader Suisse de la st\u00e9rilisation : Steriswiss Nous vous proposons une facturation dans un format \u00e9lectronique plut\u00f4t que papier. Nous proposons des consultations \u00e0 distance, en vid\u00e9o ou &hellip; Politique environnementale Lire la suite\u00a0\u00bb\" \/>\n<meta property=\"og:url\" content=\"http:\/\/cidge.ch\/?page_id=1343\" \/>\n<meta property=\"og:site_name\" content=\"CIDGE\" \/>\n<meta property=\"article:modified_time\" content=\"2024-03-13T18:39:30+00:00\" \/>\n<meta property=\"og:image\" content=\"http:\/\/cidge.ch\/wp-content\/uploads\/2022\/08\/Logo.png.webp\" \/>\n<meta name=\"twitter:card\" content=\"summary_large_image\" \/>\n<script type=\"application\/ld+json\" class=\"yoast-schema-graph\">{\"@context\":\"https:\/\/schema.org\",\"@graph\":[{\"@type\":\"WebPage\",\"@id\":\"http:\/\/cidge.ch\/?page_id=1343\",\"url\":\"http:\/\/cidge.ch\/?page_id=1343\",\"name\":\"Politique environnementale - CIDGE\",\"isPartOf\":{\"@id\":\"https:\/\/cidge.ch\/#website\"},\"primaryImageOfPage\":{\"@id\":\"http:\/\/cidge.ch\/?page_id=1343#primaryimage\"},\"image\":{\"@id\":\"http:\/\/cidge.ch\/?page_id=1343#primaryimage\"},\"thumbnailUrl\":\"http:\/\/cidge.ch\/wp-content\/uploads\/2022\/08\/Logo.png.webp\",\"datePublished\":\"2022-08-13T15:10:22+00:00\",\"dateModified\":\"2024-03-13T18:39:30+00:00\",\"breadcrumb\":{\"@id\":\"http:\/\/cidge.ch\/?page_id=1343#breadcrumb\"},\"inLanguage\":\"fr-FR\",\"potentialAction\":[{\"@type\":\"ReadAction\",\"target\":[\"http:\/\/cidge.ch\/?page_id=1343\"]}]},{\"@type\":\"ImageObject\",\"inLanguage\":\"fr-FR\",\"@id\":\"http:\/\/cidge.ch\/?page_id=1343#primaryimage\",\"url\":\"http:\/\/cidge.ch\/wp-content\/uploads\/2022\/08\/Logo.png.webp\",\"contentUrl\":\"http:\/\/cidge.ch\/wp-content\/uploads\/2022\/08\/Logo.png.webp\"},{\"@type\":\"BreadcrumbList\",\"@id\":\"http:\/\/cidge.ch\/?page_id=1343#breadcrumb\",\"itemListElement\":[{\"@type\":\"ListItem\",\"position\":1,\"name\":\"Accueil\",\"item\":\"https:\/\/cidge.ch\/\"},{\"@type\":\"ListItem\",\"position\":2,\"name\":\"Politique environnementale\"}]},{\"@type\":\"WebSite\",\"@id\":\"https:\/\/cidge.ch\/#website\",\"url\":\"https:\/\/cidge.ch\/\",\"name\":\"CIDGE\",\"description\":\"Les Cliniques du Seujet (Seujet+Rive)\",\"publisher\":{\"@id\":\"https:\/\/cidge.ch\/#organization\"},\"potentialAction\":[{\"@type\":\"SearchAction\",\"target\":{\"@type\":\"EntryPoint\",\"urlTemplate\":\"https:\/\/cidge.ch\/?s={search_term_string}\"},\"query-input\":{\"@type\":\"PropertyValueSpecification\",\"valueRequired\":true,\"valueName\":\"search_term_string\"}}],\"inLanguage\":\"fr-FR\"},{\"@type\":\"Organization\",\"@id\":\"https:\/\/cidge.ch\/#organization\",\"name\":\"CIDGE\",\"url\":\"https:\/\/cidge.ch\/\",\"logo\":{\"@type\":\"ImageObject\",\"inLanguage\":\"fr-FR\",\"@id\":\"https:\/\/cidge.ch\/#\/schema\/logo\/image\/\",\"url\":\"https:\/\/cidge.ch\/wp-content\/uploads\/2022\/08\/cropped-Sans-titre-1-4.png\",\"contentUrl\":\"https:\/\/cidge.ch\/wp-content\/uploads\/2022\/08\/cropped-Sans-titre-1-4.png\",\"width\":2478,\"height\":822,\"caption\":\"CIDGE\"},\"image\":{\"@id\":\"https:\/\/cidge.ch\/#\/schema\/logo\/image\/\"}}]}<\/script>\n<!-- \/ Yoast SEO plugin. -->","yoast_head_json":{"title":"Politique environnementale - CIDGE","robots":{"index":"index","follow":"follow","max-snippet":"max-snippet:-1","max-image-preview":"max-image-preview:large","max-video-preview":"max-video-preview:-1"},"canonical":"http:\/\/cidge.ch\/?page_id=1343","og_locale":"fr_FR","og_type":"article","og_title":"Politique environnementale - CIDGE","og_description":"Politique environnementale Politique environnementale Nous privil\u00e9gions le mat\u00e9riel r\u00e9utilisable plut\u00f4t que l\u2019usage unique tout en garantissant un niveau d\u2019hygi\u00e8ne irr\u00e9prochable gr\u00e2ce \u00e0 un partenariat renforc\u00e9 avec un leader Suisse de la st\u00e9rilisation : Steriswiss Nous vous proposons une facturation dans un format \u00e9lectronique plut\u00f4t que papier. Nous proposons des consultations \u00e0 distance, en vid\u00e9o ou &hellip; Politique environnementale Lire la suite\u00a0\u00bb","og_url":"http:\/\/cidge.ch\/?page_id=1343","og_site_name":"CIDGE","article_modified_time":"2024-03-13T18:39:30+00:00","og_image":[{"url":"http:\/\/cidge.ch\/wp-content\/uploads\/2022\/08\/Logo.png.webp","type":"","width":"","height":""}],"twitter_card":"summary_large_image","schema":{"@context":"https:\/\/schema.org","@graph":[{"@type":"WebPage","@id":"http:\/\/cidge.ch\/?page_id=1343","url":"http:\/\/cidge.ch\/?page_id=1343","name":"Politique environnementale - CIDGE","isPartOf":{"@id":"https:\/\/cidge.ch\/#website"},"primaryImageOfPage":{"@id":"http:\/\/cidge.ch\/?page_id=1343#primaryimage"},"image":{"@id":"http:\/\/cidge.ch\/?page_id=1343#primaryimage"},"thumbnailUrl":"http:\/\/cidge.ch\/wp-content\/uploads\/2022\/08\/Logo.png.webp","datePublished":"2022-08-13T15:10:22+00:00","dateModified":"2024-03-13T18:39:30+00:00","breadcrumb":{"@id":"http:\/\/cidge.ch\/?page_id=1343#breadcrumb"},"inLanguage":"fr-FR","potentialAction":[{"@type":"ReadAction","target":["http:\/\/cidge.ch\/?page_id=1343"]}]},{"@type":"ImageObject","inLanguage":"fr-FR","@id":"http:\/\/cidge.ch\/?page_id=1343#primaryimage","url":"http:\/\/cidge.ch\/wp-content\/uploads\/2022\/08\/Logo.png.webp","contentUrl":"http:\/\/cidge.ch\/wp-content\/uploads\/2022\/08\/Logo.png.webp"},{"@type":"BreadcrumbList","@id":"http:\/\/cidge.ch\/?page_id=1343#breadcrumb","itemListElement":[{"@type":"ListItem","position":1,"name":"Accueil","item":"https:\/\/cidge.ch\/"},{"@type":"ListItem","position":2,"name":"Politique environnementale"}]},{"@type":"WebSite","@id":"https:\/\/cidge.ch\/#website","url":"https:\/\/cidge.ch\/","name":"CIDGE","description":"Les Cliniques du Seujet (Seujet+Rive)","publisher":{"@id":"https:\/\/cidge.ch\/#organization"},"potentialAction":[{"@type":"SearchAction","target":{"@type":"EntryPoint","urlTemplate":"https:\/\/cidge.ch\/?s={search_term_string}"},"query-input":{"@type":"PropertyValueSpecification","valueRequired":true,"valueName":"search_term_string"}}],"inLanguage":"fr-FR"},{"@type":"Organization","@id":"https:\/\/cidge.ch\/#organization","name":"CIDGE","url":"https:\/\/cidge.ch\/","logo":{"@type":"ImageObject","inLanguage":"fr-FR","@id":"https:\/\/cidge.ch\/#\/schema\/logo\/image\/","url":"https:\/\/cidge.ch\/wp-content\/uploads\/2022\/08\/cropped-Sans-titre-1-4.png","contentUrl":"https:\/\/cidge.ch\/wp-content\/uploads\/2022\/08\/cropped-Sans-titre-1-4.png","width":2478,"height":822,"caption":"CIDGE"},"image":{"@id":"https:\/\/cidge.ch\/#\/schema\/logo\/image\/"}}]}},"_links":{"self":[{"href":"https:\/\/cidge.ch\/index.php?rest_route=\/wp\/v2\/pages\/1343","targetHints":{"allow":["GET"]}}],"collection":[{"href":"https:\/\/cidge.ch\/index.php?rest_route=\/wp\/v2\/pages"}],"about":[{"href":"https:\/\/cidge.ch\/index.php?rest_route=\/wp\/v2\/types\/page"}],"author":[{"embeddable":true,"href":"https:\/\/cidge.ch\/index.php?rest_route=\/wp\/v2\/users\/1"}],"replies":[{"embeddable":true,"href":"https:\/\/cidge.ch\/index.php?rest_route=%2Fwp%2Fv2%2Fcomments&post=1343"}],"version-history":[{"count":7,"href":"https:\/\/cidge.ch\/index.php?rest_route=\/wp\/v2\/pages\/1343\/revisions"}],"predecessor-version":[{"id":2334,"href":"https:\/\/cidge.ch\/index.php?rest_route=\/wp\/v2\/pages\/1343\/revisions\/2334"}],"wp:attachment":[{"href":"https:\/\/cidge.ch\/index.php?rest_route=%2Fwp%2Fv2%2Fmedia&parent=1343"}],"curies":[{"name":"wp","href":"https:\/\/api.w.org\/{rel}","templated":true}]}}