{"id":1143,"date":"2022-08-11T20:54:38","date_gmt":"2022-08-11T18:54:38","guid":{"rendered":"https:\/\/new.cidge.ch\/?page_id=1143"},"modified":"2024-03-13T19:48:03","modified_gmt":"2024-03-13T18:48:03","slug":"gynecologie-obstetrique","status":"publish","type":"page","link":"https:\/\/cidge.ch\/?page_id=1143","title":{"rendered":"Gyn\u00e9cologie obst\u00e9trique"},"content":{"rendered":"\t\t<div data-elementor-type=\"wp-page\" data-elementor-id=\"1143\" class=\"elementor elementor-1143\">\n\t\t\t\t\t\t<section class=\"elementor-section elementor-top-section elementor-element elementor-element-ylb9xns elementor-section-height-min-height elementor-section-boxed elementor-section-height-default elementor-section-items-middle\" data-id=\"ylb9xns\" data-element_type=\"section\" data-e-type=\"section\" data-settings=\"{&quot;background_background&quot;:&quot;classic&quot;}\">\n\t\t\t\t\t\t\t<div class=\"elementor-background-overlay\"><\/div>\n\t\t\t\t\t\t\t<div class=\"elementor-container elementor-column-gap-no\">\n\t\t\t\t\t<div class=\"elementor-column elementor-col-100 elementor-top-column elementor-element elementor-element-aa19351\" data-id=\"aa19351\" data-element_type=\"column\" data-e-type=\"column\">\n\t\t\t<div class=\"elementor-widget-wrap elementor-element-populated\">\n\t\t\t\t\t\t<div class=\"elementor-element elementor-element-da59f45 elementor-widget elementor-widget-heading\" data-id=\"da59f45\" data-element_type=\"widget\" data-e-type=\"widget\" data-widget_type=\"heading.default\">\n\t\t\t\t<div class=\"elementor-widget-container\">\n\t\t\t\t\t<h1 class=\"elementor-heading-title elementor-size-default\">Gyn\u00e9cologie Obst\u00e9trique<\/h1>\t\t\t\t<\/div>\n\t\t\t\t<\/div>\n\t\t\t\t\t<\/div>\n\t\t<\/div>\n\t\t\t\t\t<\/div>\n\t\t<\/section>\n\t\t\t\t<section class=\"elementor-section elementor-top-section elementor-element elementor-element-s63z721 elementor-section-content-middle elementor-section-boxed elementor-section-height-default elementor-section-height-default\" data-id=\"s63z721\" data-element_type=\"section\" data-e-type=\"section\" data-settings=\"{&quot;background_background&quot;:&quot;classic&quot;}\">\n\t\t\t\t\t\t<div class=\"elementor-container elementor-column-gap-no\">\n\t\t\t\t\t<div class=\"elementor-column elementor-col-50 elementor-top-column elementor-element elementor-element-258231d\" data-id=\"258231d\" data-element_type=\"column\" data-e-type=\"column\">\n\t\t\t<div class=\"elementor-widget-wrap elementor-element-populated\">\n\t\t\t\t\t\t<div class=\"elementor-element elementor-element-77de1e7 elementor-widget elementor-widget-heading\" data-id=\"77de1e7\" data-element_type=\"widget\" data-e-type=\"widget\" data-widget_type=\"heading.default\">\n\t\t\t\t<div class=\"elementor-widget-container\">\n\t\t\t\t\t<h2 class=\"elementor-heading-title elementor-size-default\">Prise en charge globale de la grossesse<\/h2>\t\t\t\t<\/div>\n\t\t\t\t<\/div>\n\t\t\t\t<div class=\"elementor-element elementor-element-4f6265e elementor-widget elementor-widget-text-editor\" data-id=\"4f6265e\" data-element_type=\"widget\" data-e-type=\"widget\" data-widget_type=\"text-editor.default\">\n\t\t\t\t<div class=\"elementor-widget-container\">\n\t\t\t\t\t\t\t\t\t<ul><li>Suivi des grossesses (Examen clinique, prise de sang, \u00e9chographie)<\/li><li>Suivi des grossesses \u00e0 risque (doppler et enregistrement du c\u0153ur f\u0153tal)<\/li><li>Echographie du 1er trimestre (2D et 3D) &#8211;&gt; D\u00e9pistage de la Trisomie 21 avec test pr\u00e9natal non invasif<\/li><li>Echographie du 2\u00e8me trimestre (2D et 3D) &#8211;&gt;Echographie du col de l\u2019ut\u00e9rus<\/li><li>Suivi Post Partum<\/li><\/ul>\t\t\t\t\t\t\t\t<\/div>\n\t\t\t\t<\/div>\n\t\t\t\t\t<\/div>\n\t\t<\/div>\n\t\t\t\t<div class=\"elementor-column elementor-col-50 elementor-top-column elementor-element elementor-element-ca44c59\" data-id=\"ca44c59\" data-element_type=\"column\" data-e-type=\"column\" data-settings=\"{&quot;background_background&quot;:&quot;classic&quot;}\">\n\t\t\t<div class=\"elementor-widget-wrap elementor-element-populated\">\n\t\t\t\t\t\t<div class=\"elementor-element elementor-element-7ea6e21 elementor-invisible elementor-widget elementor-widget-image\" data-id=\"7ea6e21\" data-element_type=\"widget\" data-e-type=\"widget\" data-settings=\"{&quot;_animation&quot;:&quot;fadeInRight&quot;}\" data-widget_type=\"image.default\">\n\t\t\t\t<div class=\"elementor-widget-container\">\n\t\t\t\t\t\t\t\t\t\t\t\t\t\t\t<img fetchpriority=\"high\" decoding=\"async\" width=\"439\" height=\"406\" src=\"https:\/\/cidge.ch\/wp-content\/uploads\/2022\/08\/Capture-decran-2022-08-12-a-12.32.52.png\" class=\"attachment-large size-large wp-image-1281\" alt=\"\" srcset=\"https:\/\/cidge.ch\/wp-content\/uploads\/2022\/08\/Capture-decran-2022-08-12-a-12.32.52.png 439w, https:\/\/cidge.ch\/wp-content\/uploads\/2022\/08\/Capture-decran-2022-08-12-a-12.32.52-300x277.png 300w\" sizes=\"(max-width: 439px) 100vw, 439px\" \/>\t\t\t\t\t\t\t\t\t\t\t\t\t\t\t<\/div>\n\t\t\t\t<\/div>\n\t\t\t\t\t<\/div>\n\t\t<\/div>\n\t\t\t\t\t<\/div>\n\t\t<\/section>\n\t\t\t\t<section class=\"elementor-section elementor-top-section elementor-element elementor-element-5b2a37c elementor-section-content-middle elementor-section-boxed elementor-section-height-default elementor-section-height-default\" data-id=\"5b2a37c\" data-element_type=\"section\" data-e-type=\"section\" data-settings=\"{&quot;background_background&quot;:&quot;classic&quot;}\">\n\t\t\t\t\t\t<div class=\"elementor-container elementor-column-gap-no\">\n\t\t\t\t\t<div class=\"elementor-column elementor-col-50 elementor-top-column elementor-element elementor-element-f761d2f\" data-id=\"f761d2f\" data-element_type=\"column\" data-e-type=\"column\" data-settings=\"{&quot;background_background&quot;:&quot;classic&quot;}\">\n\t\t\t<div class=\"elementor-widget-wrap elementor-element-populated\">\n\t\t\t\t\t\t<div class=\"elementor-element elementor-element-1ddf0de elementor-invisible elementor-widget elementor-widget-image\" data-id=\"1ddf0de\" data-element_type=\"widget\" data-e-type=\"widget\" data-settings=\"{&quot;_animation&quot;:&quot;fadeInLeft&quot;}\" data-widget_type=\"image.default\">\n\t\t\t\t<div class=\"elementor-widget-container\">\n\t\t\t\t\t\t\t\t\t\t\t\t\t\t\t<img decoding=\"async\" width=\"438\" height=\"403\" src=\"https:\/\/cidge.ch\/wp-content\/uploads\/2022\/08\/Capture-decran-2022-08-12-a-12.33.00.png\" class=\"attachment-large size-large wp-image-1280\" alt=\"\" srcset=\"https:\/\/cidge.ch\/wp-content\/uploads\/2022\/08\/Capture-decran-2022-08-12-a-12.33.00.png 438w, https:\/\/cidge.ch\/wp-content\/uploads\/2022\/08\/Capture-decran-2022-08-12-a-12.33.00-300x276.png 300w\" sizes=\"(max-width: 438px) 100vw, 438px\" \/>\t\t\t\t\t\t\t\t\t\t\t\t\t\t\t<\/div>\n\t\t\t\t<\/div>\n\t\t\t\t\t<\/div>\n\t\t<\/div>\n\t\t\t\t<div class=\"elementor-column elementor-col-50 elementor-top-column elementor-element elementor-element-ced8137\" data-id=\"ced8137\" data-element_type=\"column\" data-e-type=\"column\">\n\t\t\t<div class=\"elementor-widget-wrap elementor-element-populated\">\n\t\t\t\t\t\t<div class=\"elementor-element elementor-element-2abaaa0 elementor-widget elementor-widget-heading\" data-id=\"2abaaa0\" data-element_type=\"widget\" data-e-type=\"widget\" data-widget_type=\"heading.default\">\n\t\t\t\t<div class=\"elementor-widget-container\">\n\t\t\t\t\t<h2 class=\"elementor-heading-title elementor-size-default\">Prise en charge gyn\u00e9cologique<\/h2>\t\t\t\t<\/div>\n\t\t\t\t<\/div>\n\t\t\t\t<div class=\"elementor-element elementor-element-26ecd3a elementor-widget elementor-widget-text-editor\" data-id=\"26ecd3a\" data-element_type=\"widget\" data-e-type=\"widget\" data-widget_type=\"text-editor.default\">\n\t\t\t\t<div class=\"elementor-widget-container\">\n\t\t\t\t\t\t\t\t\t<ul><li>Contr\u00f4le annuel avec PAP Test<\/li><li>Examen gyn\u00e9cologique dans le cadre des urgences<\/li><li>Examen gyn\u00e9cologique sp\u00e9cialis\u00e9 : Contraception, Infertilit\u00e9 du couple, M\u00e9nopause, MST, Cancers, Examens techniques :<span class=\"Apple-converted-space\">\u00a0<\/span><span style=\"font-size: 16px;\">\u2014&gt; Colposcopie<\/span>\u00a0<span style=\"font-size: 16px;\">\u2014&gt; Echographie 2D et 3D<\/span><\/li><\/ul>\t\t\t\t\t\t\t\t<\/div>\n\t\t\t\t<\/div>\n\t\t\t\t\t<\/div>\n\t\t<\/div>\n\t\t\t\t\t<\/div>\n\t\t<\/section>\n\t\t\t\t<section class=\"elementor-section elementor-top-section elementor-element elementor-element-ef24146 elementor-section-boxed elementor-section-height-default elementor-section-height-default\" data-id=\"ef24146\" data-element_type=\"section\" data-e-type=\"section\" data-settings=\"{&quot;background_background&quot;:&quot;classic&quot;}\">\n\t\t\t\t\t\t<div class=\"elementor-container elementor-column-gap-default\">\n\t\t\t\t\t<div class=\"elementor-column elementor-col-100 elementor-top-column elementor-element elementor-element-082ac8f\" data-id=\"082ac8f\" data-element_type=\"column\" data-e-type=\"column\">\n\t\t\t<div class=\"elementor-widget-wrap elementor-element-populated\">\n\t\t\t\t\t\t<div class=\"elementor-element elementor-element-80f7ded elementor-widget elementor-widget-spacer\" data-id=\"80f7ded\" data-element_type=\"widget\" data-e-type=\"widget\" data-widget_type=\"spacer.default\">\n\t\t\t\t<div class=\"elementor-widget-container\">\n\t\t\t\t\t\t\t<div class=\"elementor-spacer\">\n\t\t\t<div class=\"elementor-spacer-inner\"><\/div>\n\t\t<\/div>\n\t\t\t\t\t\t<\/div>\n\t\t\t\t<\/div>\n\t\t\t\t\t<\/div>\n\t\t<\/div>\n\t\t\t\t\t<\/div>\n\t\t<\/section>\n\t\t\t\t<\/div>\n\t\t","protected":false},"excerpt":{"rendered":"<p>Gyn\u00e9cologie Obst\u00e9trique Prise en charge globale de la grossesse Suivi des grossesses (Examen clinique, prise de sang, \u00e9chographie) Suivi des grossesses \u00e0 risque (doppler et enregistrement du c\u0153ur f\u0153tal) Echographie du 1er trimestre (2D et 3D) &#8211;&gt; D\u00e9pistage de la Trisomie 21 avec test pr\u00e9natal non invasif Echographie du 2\u00e8me trimestre (2D et 3D) &#8211;&gt;Echographie &hellip;<\/p>\n<p class=\"read-more\"> <a class=\"\" href=\"https:\/\/cidge.ch\/?page_id=1143\"> <span class=\"screen-reader-text\">Gyn\u00e9cologie obst\u00e9trique<\/span> Lire la suite\u00a0\u00bb<\/a><\/p>\n","protected":false},"author":1,"featured_media":0,"parent":0,"menu_order":0,"comment_status":"closed","ping_status":"closed","template":"","meta":{"site-sidebar-layout":"no-sidebar","site-content-layout":"page-builder","ast-global-header-display":"","ast-main-header-display":"","ast-hfb-above-header-display":"","ast-hfb-below-header-display":"","ast-hfb-mobile-header-display":"","site-post-title":"disabled","ast-breadcrumbs-content":"","ast-featured-img":"disabled","footer-sml-layout":"","theme-transparent-header-meta":"","adv-header-id-meta":"","stick-header-meta":"","header-above-stick-meta":"","header-main-stick-meta":"","header-below-stick-meta":"","footnotes":""},"class_list":["post-1143","page","type-page","status-publish","hentry"],"yoast_head":"<!-- This site is optimized with the Yoast SEO plugin v26.7 - https:\/\/yoast.com\/wordpress\/plugins\/seo\/ -->\n<title>Gyn\u00e9cologie obst\u00e9trique - CIDGE<\/title>\n<meta name=\"robots\" content=\"index, follow, max-snippet:-1, max-image-preview:large, max-video-preview:-1\" \/>\n<link rel=\"canonical\" href=\"https:\/\/cidge.ch\/?page_id=1143\" \/>\n<meta property=\"og:locale\" content=\"fr_FR\" \/>\n<meta property=\"og:type\" content=\"article\" \/>\n<meta property=\"og:title\" content=\"Gyn\u00e9cologie obst\u00e9trique - CIDGE\" \/>\n<meta property=\"og:description\" content=\"Gyn\u00e9cologie Obst\u00e9trique Prise en charge globale de la grossesse Suivi des grossesses (Examen clinique, prise de sang, \u00e9chographie) Suivi des grossesses \u00e0 risque (doppler et enregistrement du c\u0153ur f\u0153tal) Echographie du 1er trimestre (2D et 3D) &#8211;&gt; D\u00e9pistage de la Trisomie 21 avec test pr\u00e9natal non invasif Echographie du 2\u00e8me trimestre (2D et 3D) &#8211;&gt;Echographie &hellip; Gyn\u00e9cologie obst\u00e9trique Lire la suite\u00a0\u00bb\" \/>\n<meta property=\"og:url\" content=\"https:\/\/cidge.ch\/?page_id=1143\" \/>\n<meta property=\"og:site_name\" content=\"CIDGE\" \/>\n<meta property=\"article:modified_time\" content=\"2024-03-13T18:48:03+00:00\" \/>\n<meta property=\"og:image\" content=\"http:\/\/cidge.ch\/wp-content\/uploads\/2022\/08\/Capture-decran-2022-08-12-a-12.32.52.png\" \/>\n<meta name=\"twitter:card\" content=\"summary_large_image\" \/>\n<meta name=\"twitter:label1\" content=\"Dur\u00e9e de lecture estim\u00e9e\" \/>\n\t<meta name=\"twitter:data1\" content=\"1 minute\" \/>\n<script type=\"application\/ld+json\" class=\"yoast-schema-graph\">{\"@context\":\"https:\/\/schema.org\",\"@graph\":[{\"@type\":\"WebPage\",\"@id\":\"https:\/\/cidge.ch\/?page_id=1143\",\"url\":\"https:\/\/cidge.ch\/?page_id=1143\",\"name\":\"Gyn\u00e9cologie obst\u00e9trique - CIDGE\",\"isPartOf\":{\"@id\":\"https:\/\/cidge.ch\/#website\"},\"primaryImageOfPage\":{\"@id\":\"https:\/\/cidge.ch\/?page_id=1143#primaryimage\"},\"image\":{\"@id\":\"https:\/\/cidge.ch\/?page_id=1143#primaryimage\"},\"thumbnailUrl\":\"http:\/\/cidge.ch\/wp-content\/uploads\/2022\/08\/Capture-decran-2022-08-12-a-12.32.52.png\",\"datePublished\":\"2022-08-11T18:54:38+00:00\",\"dateModified\":\"2024-03-13T18:48:03+00:00\",\"breadcrumb\":{\"@id\":\"https:\/\/cidge.ch\/?page_id=1143#breadcrumb\"},\"inLanguage\":\"fr-FR\",\"potentialAction\":[{\"@type\":\"ReadAction\",\"target\":[\"https:\/\/cidge.ch\/?page_id=1143\"]}]},{\"@type\":\"ImageObject\",\"inLanguage\":\"fr-FR\",\"@id\":\"https:\/\/cidge.ch\/?page_id=1143#primaryimage\",\"url\":\"http:\/\/cidge.ch\/wp-content\/uploads\/2022\/08\/Capture-decran-2022-08-12-a-12.32.52.png\",\"contentUrl\":\"http:\/\/cidge.ch\/wp-content\/uploads\/2022\/08\/Capture-decran-2022-08-12-a-12.32.52.png\"},{\"@type\":\"BreadcrumbList\",\"@id\":\"https:\/\/cidge.ch\/?page_id=1143#breadcrumb\",\"itemListElement\":[{\"@type\":\"ListItem\",\"position\":1,\"name\":\"Accueil\",\"item\":\"https:\/\/cidge.ch\/\"},{\"@type\":\"ListItem\",\"position\":2,\"name\":\"Gyn\u00e9cologie obst\u00e9trique\"}]},{\"@type\":\"WebSite\",\"@id\":\"https:\/\/cidge.ch\/#website\",\"url\":\"https:\/\/cidge.ch\/\",\"name\":\"CIDGE\",\"description\":\"Les Cliniques du Seujet (Seujet+Rive)\",\"publisher\":{\"@id\":\"https:\/\/cidge.ch\/#organization\"},\"potentialAction\":[{\"@type\":\"SearchAction\",\"target\":{\"@type\":\"EntryPoint\",\"urlTemplate\":\"https:\/\/cidge.ch\/?s={search_term_string}\"},\"query-input\":{\"@type\":\"PropertyValueSpecification\",\"valueRequired\":true,\"valueName\":\"search_term_string\"}}],\"inLanguage\":\"fr-FR\"},{\"@type\":\"Organization\",\"@id\":\"https:\/\/cidge.ch\/#organization\",\"name\":\"CIDGE\",\"url\":\"https:\/\/cidge.ch\/\",\"logo\":{\"@type\":\"ImageObject\",\"inLanguage\":\"fr-FR\",\"@id\":\"https:\/\/cidge.ch\/#\/schema\/logo\/image\/\",\"url\":\"https:\/\/cidge.ch\/wp-content\/uploads\/2022\/08\/cropped-Sans-titre-1-4.png\",\"contentUrl\":\"https:\/\/cidge.ch\/wp-content\/uploads\/2022\/08\/cropped-Sans-titre-1-4.png\",\"width\":2478,\"height\":822,\"caption\":\"CIDGE\"},\"image\":{\"@id\":\"https:\/\/cidge.ch\/#\/schema\/logo\/image\/\"}}]}<\/script>\n<!-- \/ Yoast SEO plugin. -->","yoast_head_json":{"title":"Gyn\u00e9cologie obst\u00e9trique - CIDGE","robots":{"index":"index","follow":"follow","max-snippet":"max-snippet:-1","max-image-preview":"max-image-preview:large","max-video-preview":"max-video-preview:-1"},"canonical":"https:\/\/cidge.ch\/?page_id=1143","og_locale":"fr_FR","og_type":"article","og_title":"Gyn\u00e9cologie obst\u00e9trique - CIDGE","og_description":"Gyn\u00e9cologie Obst\u00e9trique Prise en charge globale de la grossesse Suivi des grossesses (Examen clinique, prise de sang, \u00e9chographie) Suivi des grossesses \u00e0 risque (doppler et enregistrement du c\u0153ur f\u0153tal) Echographie du 1er trimestre (2D et 3D) &#8211;&gt; D\u00e9pistage de la Trisomie 21 avec test pr\u00e9natal non invasif Echographie du 2\u00e8me trimestre (2D et 3D) &#8211;&gt;Echographie &hellip; Gyn\u00e9cologie obst\u00e9trique Lire la suite\u00a0\u00bb","og_url":"https:\/\/cidge.ch\/?page_id=1143","og_site_name":"CIDGE","article_modified_time":"2024-03-13T18:48:03+00:00","og_image":[{"url":"http:\/\/cidge.ch\/wp-content\/uploads\/2022\/08\/Capture-decran-2022-08-12-a-12.32.52.png","type":"","width":"","height":""}],"twitter_card":"summary_large_image","twitter_misc":{"Dur\u00e9e de lecture estim\u00e9e":"1 minute"},"schema":{"@context":"https:\/\/schema.org","@graph":[{"@type":"WebPage","@id":"https:\/\/cidge.ch\/?page_id=1143","url":"https:\/\/cidge.ch\/?page_id=1143","name":"Gyn\u00e9cologie obst\u00e9trique - CIDGE","isPartOf":{"@id":"https:\/\/cidge.ch\/#website"},"primaryImageOfPage":{"@id":"https:\/\/cidge.ch\/?page_id=1143#primaryimage"},"image":{"@id":"https:\/\/cidge.ch\/?page_id=1143#primaryimage"},"thumbnailUrl":"http:\/\/cidge.ch\/wp-content\/uploads\/2022\/08\/Capture-decran-2022-08-12-a-12.32.52.png","datePublished":"2022-08-11T18:54:38+00:00","dateModified":"2024-03-13T18:48:03+00:00","breadcrumb":{"@id":"https:\/\/cidge.ch\/?page_id=1143#breadcrumb"},"inLanguage":"fr-FR","potentialAction":[{"@type":"ReadAction","target":["https:\/\/cidge.ch\/?page_id=1143"]}]},{"@type":"ImageObject","inLanguage":"fr-FR","@id":"https:\/\/cidge.ch\/?page_id=1143#primaryimage","url":"http:\/\/cidge.ch\/wp-content\/uploads\/2022\/08\/Capture-decran-2022-08-12-a-12.32.52.png","contentUrl":"http:\/\/cidge.ch\/wp-content\/uploads\/2022\/08\/Capture-decran-2022-08-12-a-12.32.52.png"},{"@type":"BreadcrumbList","@id":"https:\/\/cidge.ch\/?page_id=1143#breadcrumb","itemListElement":[{"@type":"ListItem","position":1,"name":"Accueil","item":"https:\/\/cidge.ch\/"},{"@type":"ListItem","position":2,"name":"Gyn\u00e9cologie obst\u00e9trique"}]},{"@type":"WebSite","@id":"https:\/\/cidge.ch\/#website","url":"https:\/\/cidge.ch\/","name":"CIDGE","description":"Les Cliniques du Seujet (Seujet+Rive)","publisher":{"@id":"https:\/\/cidge.ch\/#organization"},"potentialAction":[{"@type":"SearchAction","target":{"@type":"EntryPoint","urlTemplate":"https:\/\/cidge.ch\/?s={search_term_string}"},"query-input":{"@type":"PropertyValueSpecification","valueRequired":true,"valueName":"search_term_string"}}],"inLanguage":"fr-FR"},{"@type":"Organization","@id":"https:\/\/cidge.ch\/#organization","name":"CIDGE","url":"https:\/\/cidge.ch\/","logo":{"@type":"ImageObject","inLanguage":"fr-FR","@id":"https:\/\/cidge.ch\/#\/schema\/logo\/image\/","url":"https:\/\/cidge.ch\/wp-content\/uploads\/2022\/08\/cropped-Sans-titre-1-4.png","contentUrl":"https:\/\/cidge.ch\/wp-content\/uploads\/2022\/08\/cropped-Sans-titre-1-4.png","width":2478,"height":822,"caption":"CIDGE"},"image":{"@id":"https:\/\/cidge.ch\/#\/schema\/logo\/image\/"}}]}},"_links":{"self":[{"href":"https:\/\/cidge.ch\/index.php?rest_route=\/wp\/v2\/pages\/1143","targetHints":{"allow":["GET"]}}],"collection":[{"href":"https:\/\/cidge.ch\/index.php?rest_route=\/wp\/v2\/pages"}],"about":[{"href":"https:\/\/cidge.ch\/index.php?rest_route=\/wp\/v2\/types\/page"}],"author":[{"embeddable":true,"href":"https:\/\/cidge.ch\/index.php?rest_route=\/wp\/v2\/users\/1"}],"replies":[{"embeddable":true,"href":"https:\/\/cidge.ch\/index.php?rest_route=%2Fwp%2Fv2%2Fcomments&post=1143"}],"version-history":[{"count":13,"href":"https:\/\/cidge.ch\/index.php?rest_route=\/wp\/v2\/pages\/1143\/revisions"}],"predecessor-version":[{"id":2350,"href":"https:\/\/cidge.ch\/index.php?rest_route=\/wp\/v2\/pages\/1143\/revisions\/2350"}],"wp:attachment":[{"href":"https:\/\/cidge.ch\/index.php?rest_route=%2Fwp%2Fv2%2Fmedia&parent=1143"}],"curies":[{"name":"wp","href":"https:\/\/api.w.org\/{rel}","templated":true}]}}