{"id":1141,"date":"2022-08-11T20:54:38","date_gmt":"2022-08-11T18:54:38","guid":{"rendered":"https:\/\/new.cidge.ch\/?page_id=1141"},"modified":"2024-03-13T19:38:31","modified_gmt":"2024-03-13T18:38:31","slug":"centre-de-formation","status":"publish","type":"page","link":"https:\/\/cidge.ch\/?page_id=1141","title":{"rendered":"Centre de formation"},"content":{"rendered":"\t\t<div data-elementor-type=\"wp-page\" data-elementor-id=\"1141\" class=\"elementor elementor-1141\">\n\t\t\t\t\t\t<section class=\"elementor-section elementor-top-section elementor-element elementor-element-t03mhyv elementor-section-height-min-height elementor-section-boxed elementor-section-height-default elementor-section-items-middle\" data-id=\"t03mhyv\" data-element_type=\"section\" data-e-type=\"section\" data-settings=\"{&quot;background_background&quot;:&quot;classic&quot;}\">\n\t\t\t\t\t\t\t<div class=\"elementor-background-overlay\"><\/div>\n\t\t\t\t\t\t\t<div class=\"elementor-container elementor-column-gap-no\">\n\t\t\t\t\t<div class=\"elementor-column elementor-col-100 elementor-top-column elementor-element elementor-element-aa19351\" data-id=\"aa19351\" data-element_type=\"column\" data-e-type=\"column\">\n\t\t\t<div class=\"elementor-widget-wrap elementor-element-populated\">\n\t\t\t\t\t\t<div class=\"elementor-element elementor-element-da59f45 elementor-widget elementor-widget-heading\" data-id=\"da59f45\" data-element_type=\"widget\" data-e-type=\"widget\" data-widget_type=\"heading.default\">\n\t\t\t\t<div class=\"elementor-widget-container\">\n\t\t\t\t\t<h1 class=\"elementor-heading-title elementor-size-default\">Centre de formation<\/h1>\t\t\t\t<\/div>\n\t\t\t\t<\/div>\n\t\t\t\t\t<\/div>\n\t\t<\/div>\n\t\t\t\t\t<\/div>\n\t\t<\/section>\n\t\t\t\t<section class=\"elementor-section elementor-top-section elementor-element elementor-element-6fa95b0 elementor-section-boxed elementor-section-height-default elementor-section-height-default\" data-id=\"6fa95b0\" data-element_type=\"section\" data-e-type=\"section\" data-settings=\"{&quot;background_background&quot;:&quot;classic&quot;}\">\n\t\t\t\t\t\t<div class=\"elementor-container elementor-column-gap-default\">\n\t\t\t\t\t<div class=\"elementor-column elementor-col-100 elementor-top-column elementor-element elementor-element-506ed30\" data-id=\"506ed30\" data-element_type=\"column\" data-e-type=\"column\">\n\t\t\t<div class=\"elementor-widget-wrap elementor-element-populated\">\n\t\t\t\t\t\t<div class=\"elementor-element elementor-element-0c02afa elementor-widget elementor-widget-spacer\" data-id=\"0c02afa\" data-element_type=\"widget\" data-e-type=\"widget\" data-widget_type=\"spacer.default\">\n\t\t\t\t<div class=\"elementor-widget-container\">\n\t\t\t\t\t\t\t<div class=\"elementor-spacer\">\n\t\t\t<div class=\"elementor-spacer-inner\"><\/div>\n\t\t<\/div>\n\t\t\t\t\t\t<\/div>\n\t\t\t\t<\/div>\n\t\t\t\t<section class=\"elementor-section elementor-inner-section elementor-element elementor-element-1b7b60b elementor-section-boxed elementor-section-height-default elementor-section-height-default\" data-id=\"1b7b60b\" data-element_type=\"section\" data-e-type=\"section\">\n\t\t\t\t\t\t<div class=\"elementor-container elementor-column-gap-default\">\n\t\t\t\t\t<div class=\"elementor-column elementor-col-50 elementor-inner-column elementor-element elementor-element-cffaa73\" data-id=\"cffaa73\" data-element_type=\"column\" data-e-type=\"column\">\n\t\t\t<div class=\"elementor-widget-wrap elementor-element-populated\">\n\t\t\t\t\t\t<div class=\"elementor-element elementor-element-ada311b elementor-widget elementor-widget-spacer\" data-id=\"ada311b\" data-element_type=\"widget\" data-e-type=\"widget\" data-widget_type=\"spacer.default\">\n\t\t\t\t<div class=\"elementor-widget-container\">\n\t\t\t\t\t\t\t<div class=\"elementor-spacer\">\n\t\t\t<div class=\"elementor-spacer-inner\"><\/div>\n\t\t<\/div>\n\t\t\t\t\t\t<\/div>\n\t\t\t\t<\/div>\n\t\t\t\t<div class=\"elementor-element elementor-element-43a2996 elementor-widget elementor-widget-heading\" data-id=\"43a2996\" data-element_type=\"widget\" data-e-type=\"widget\" data-widget_type=\"heading.default\">\n\t\t\t\t<div class=\"elementor-widget-container\">\n\t\t\t\t\t<h2 class=\"elementor-heading-title elementor-size-default\">Centre de formation<\/h2>\t\t\t\t<\/div>\n\t\t\t\t<\/div>\n\t\t\t\t<div class=\"elementor-element elementor-element-ce950df elementor-widget elementor-widget-text-editor\" data-id=\"ce950df\" data-element_type=\"widget\" data-e-type=\"widget\" data-widget_type=\"text-editor.default\">\n\t\t\t\t<div class=\"elementor-widget-container\">\n\t\t\t\t\t\t\t\t\t<p>Durant leur formation, les m\u00e9decins internes en dermatologie doivent pratiquer durant un an en dehors de leur h\u00f4pital universitaire d\u2019origine. Certains des m\u00e9decins dermatologues exer\u00e7ant au sein des Cliniques du Seujet, sont agr\u00e9\u00e9s pour les accueillir et les encadrer. Durant cette ann\u00e9e, les m\u00e9decins internes assurent des consultations et des activit\u00e9s de soins, encadr\u00e9s par des m\u00e9decins chevronn\u00e9s, eux-m\u00eames form\u00e9s dans les h\u00f4pitaux universitaires. Partager leur connaissance et transmettre une exp\u00e9rience, assure une continuit\u00e9 dans les savoirs et les techniques pour la dermatologie.<\/p>\t\t\t\t\t\t\t\t<\/div>\n\t\t\t\t<\/div>\n\t\t\t\t\t<\/div>\n\t\t<\/div>\n\t\t\t\t<div class=\"elementor-column elementor-col-50 elementor-inner-column elementor-element elementor-element-a00d1a7\" data-id=\"a00d1a7\" data-element_type=\"column\" data-e-type=\"column\">\n\t\t\t<div class=\"elementor-widget-wrap elementor-element-populated\">\n\t\t\t\t\t\t<div class=\"elementor-element elementor-element-2a25b05 elementor-widget elementor-widget-image\" data-id=\"2a25b05\" data-element_type=\"widget\" data-e-type=\"widget\" data-widget_type=\"image.default\">\n\t\t\t\t<div class=\"elementor-widget-container\">\n\t\t\t\t\t\t\t\t\t\t\t\t\t\t\t<img fetchpriority=\"high\" decoding=\"async\" width=\"1024\" height=\"683\" src=\"http:\/\/cidge.ch\/wp-content\/uploads\/2022\/08\/pexels-vidal-balielo-jr-3376799-1024x683.jpg\" class=\"attachment-large size-large wp-image-1261\" alt=\"\" srcset=\"http:\/\/cidge.ch\/wp-content\/uploads\/2022\/08\/pexels-vidal-balielo-jr-3376799-1024x683.jpg 1024w, http:\/\/cidge.ch\/wp-content\/uploads\/2022\/08\/pexels-vidal-balielo-jr-3376799-300x200.jpg 300w, http:\/\/cidge.ch\/wp-content\/uploads\/2022\/08\/pexels-vidal-balielo-jr-3376799-768x512.jpg 768w, http:\/\/cidge.ch\/wp-content\/uploads\/2022\/08\/pexels-vidal-balielo-jr-3376799-1536x1024.jpg 1536w, http:\/\/cidge.ch\/wp-content\/uploads\/2022\/08\/pexels-vidal-balielo-jr-3376799-2048x1365.jpg 2048w, http:\/\/cidge.ch\/wp-content\/uploads\/2022\/08\/pexels-vidal-balielo-jr-3376799-600x400.jpg 600w\" sizes=\"(max-width: 1024px) 100vw, 1024px\" \/>\t\t\t\t\t\t\t\t\t\t\t\t\t\t\t<\/div>\n\t\t\t\t<\/div>\n\t\t\t\t\t<\/div>\n\t\t<\/div>\n\t\t\t\t\t<\/div>\n\t\t<\/section>\n\t\t\t\t\t<\/div>\n\t\t<\/div>\n\t\t\t\t\t<\/div>\n\t\t<\/section>\n\t\t\t\t<section class=\"elementor-section elementor-top-section elementor-element elementor-element-2ef0073 elementor-section-boxed elementor-section-height-default elementor-section-height-default\" data-id=\"2ef0073\" data-element_type=\"section\" data-e-type=\"section\" data-settings=\"{&quot;background_background&quot;:&quot;classic&quot;}\">\n\t\t\t\t\t\t<div class=\"elementor-container elementor-column-gap-default\">\n\t\t\t\t\t<div class=\"elementor-column elementor-col-100 elementor-top-column elementor-element elementor-element-2818578\" data-id=\"2818578\" data-element_type=\"column\" data-e-type=\"column\">\n\t\t\t<div class=\"elementor-widget-wrap elementor-element-populated\">\n\t\t\t\t\t\t<div class=\"elementor-element elementor-element-91427ab elementor-widget elementor-widget-spacer\" data-id=\"91427ab\" data-element_type=\"widget\" data-e-type=\"widget\" data-widget_type=\"spacer.default\">\n\t\t\t\t<div class=\"elementor-widget-container\">\n\t\t\t\t\t\t\t<div class=\"elementor-spacer\">\n\t\t\t<div class=\"elementor-spacer-inner\"><\/div>\n\t\t<\/div>\n\t\t\t\t\t\t<\/div>\n\t\t\t\t<\/div>\n\t\t\t\t\t<\/div>\n\t\t<\/div>\n\t\t\t\t\t<\/div>\n\t\t<\/section>\n\t\t\t\t<\/div>\n\t\t","protected":false},"excerpt":{"rendered":"<p>Centre de formation Centre de formation Durant leur formation, les m\u00e9decins internes en dermatologie doivent pratiquer durant un an en dehors de leur h\u00f4pital universitaire d\u2019origine. Certains des m\u00e9decins dermatologues exer\u00e7ant au sein des Cliniques du Seujet, sont agr\u00e9\u00e9s pour les accueillir et les encadrer. Durant cette ann\u00e9e, les m\u00e9decins internes assurent des consultations et &hellip;<\/p>\n<p class=\"read-more\"> <a class=\"\" href=\"https:\/\/cidge.ch\/?page_id=1141\"> <span class=\"screen-reader-text\">Centre de formation<\/span> Lire la suite\u00a0\u00bb<\/a><\/p>\n","protected":false},"author":1,"featured_media":0,"parent":0,"menu_order":0,"comment_status":"closed","ping_status":"closed","template":"","meta":{"site-sidebar-layout":"no-sidebar","site-content-layout":"page-builder","ast-global-header-display":"","ast-main-header-display":"","ast-hfb-above-header-display":"","ast-hfb-below-header-display":"","ast-hfb-mobile-header-display":"","site-post-title":"disabled","ast-breadcrumbs-content":"","ast-featured-img":"disabled","footer-sml-layout":"","theme-transparent-header-meta":"","adv-header-id-meta":"","stick-header-meta":"","header-above-stick-meta":"","header-main-stick-meta":"","header-below-stick-meta":"","footnotes":""},"class_list":["post-1141","page","type-page","status-publish","hentry"],"yoast_head":"<!-- This site is optimized with the Yoast SEO plugin v26.7 - https:\/\/yoast.com\/wordpress\/plugins\/seo\/ -->\n<title>Centre de formation - CIDGE<\/title>\n<meta name=\"robots\" content=\"index, follow, max-snippet:-1, max-image-preview:large, max-video-preview:-1\" \/>\n<link rel=\"canonical\" href=\"https:\/\/cidge.ch\/?page_id=1141\" \/>\n<meta property=\"og:locale\" content=\"fr_FR\" \/>\n<meta property=\"og:type\" content=\"article\" \/>\n<meta property=\"og:title\" content=\"Centre de formation - CIDGE\" \/>\n<meta property=\"og:description\" content=\"Centre de formation Centre de formation Durant leur formation, les m\u00e9decins internes en dermatologie doivent pratiquer durant un an en dehors de leur h\u00f4pital universitaire d\u2019origine. Certains des m\u00e9decins dermatologues exer\u00e7ant au sein des Cliniques du Seujet, sont agr\u00e9\u00e9s pour les accueillir et les encadrer. Durant cette ann\u00e9e, les m\u00e9decins internes assurent des consultations et &hellip; Centre de formation Lire la suite\u00a0\u00bb\" \/>\n<meta property=\"og:url\" content=\"https:\/\/cidge.ch\/?page_id=1141\" \/>\n<meta property=\"og:site_name\" content=\"CIDGE\" \/>\n<meta property=\"article:modified_time\" content=\"2024-03-13T18:38:31+00:00\" \/>\n<meta property=\"og:image\" content=\"http:\/\/cidge.ch\/wp-content\/uploads\/2022\/08\/pexels-vidal-balielo-jr-3376799-1024x683.jpg\" \/>\n<meta name=\"twitter:card\" content=\"summary_large_image\" \/>\n<meta name=\"twitter:label1\" content=\"Dur\u00e9e de lecture estim\u00e9e\" \/>\n\t<meta name=\"twitter:data1\" content=\"1 minute\" \/>\n<script type=\"application\/ld+json\" class=\"yoast-schema-graph\">{\"@context\":\"https:\/\/schema.org\",\"@graph\":[{\"@type\":\"WebPage\",\"@id\":\"https:\/\/cidge.ch\/?page_id=1141\",\"url\":\"https:\/\/cidge.ch\/?page_id=1141\",\"name\":\"Centre de formation - CIDGE\",\"isPartOf\":{\"@id\":\"https:\/\/cidge.ch\/#website\"},\"primaryImageOfPage\":{\"@id\":\"https:\/\/cidge.ch\/?page_id=1141#primaryimage\"},\"image\":{\"@id\":\"https:\/\/cidge.ch\/?page_id=1141#primaryimage\"},\"thumbnailUrl\":\"http:\/\/cidge.ch\/wp-content\/uploads\/2022\/08\/pexels-vidal-balielo-jr-3376799-1024x683.jpg\",\"datePublished\":\"2022-08-11T18:54:38+00:00\",\"dateModified\":\"2024-03-13T18:38:31+00:00\",\"breadcrumb\":{\"@id\":\"https:\/\/cidge.ch\/?page_id=1141#breadcrumb\"},\"inLanguage\":\"fr-FR\",\"potentialAction\":[{\"@type\":\"ReadAction\",\"target\":[\"https:\/\/cidge.ch\/?page_id=1141\"]}]},{\"@type\":\"ImageObject\",\"inLanguage\":\"fr-FR\",\"@id\":\"https:\/\/cidge.ch\/?page_id=1141#primaryimage\",\"url\":\"http:\/\/cidge.ch\/wp-content\/uploads\/2022\/08\/pexels-vidal-balielo-jr-3376799-1024x683.jpg\",\"contentUrl\":\"http:\/\/cidge.ch\/wp-content\/uploads\/2022\/08\/pexels-vidal-balielo-jr-3376799-1024x683.jpg\"},{\"@type\":\"BreadcrumbList\",\"@id\":\"https:\/\/cidge.ch\/?page_id=1141#breadcrumb\",\"itemListElement\":[{\"@type\":\"ListItem\",\"position\":1,\"name\":\"Accueil\",\"item\":\"https:\/\/cidge.ch\/\"},{\"@type\":\"ListItem\",\"position\":2,\"name\":\"Centre de formation\"}]},{\"@type\":\"WebSite\",\"@id\":\"https:\/\/cidge.ch\/#website\",\"url\":\"https:\/\/cidge.ch\/\",\"name\":\"CIDGE\",\"description\":\"Les Cliniques du Seujet (Seujet+Rive)\",\"publisher\":{\"@id\":\"https:\/\/cidge.ch\/#organization\"},\"potentialAction\":[{\"@type\":\"SearchAction\",\"target\":{\"@type\":\"EntryPoint\",\"urlTemplate\":\"https:\/\/cidge.ch\/?s={search_term_string}\"},\"query-input\":{\"@type\":\"PropertyValueSpecification\",\"valueRequired\":true,\"valueName\":\"search_term_string\"}}],\"inLanguage\":\"fr-FR\"},{\"@type\":\"Organization\",\"@id\":\"https:\/\/cidge.ch\/#organization\",\"name\":\"CIDGE\",\"url\":\"https:\/\/cidge.ch\/\",\"logo\":{\"@type\":\"ImageObject\",\"inLanguage\":\"fr-FR\",\"@id\":\"https:\/\/cidge.ch\/#\/schema\/logo\/image\/\",\"url\":\"https:\/\/cidge.ch\/wp-content\/uploads\/2022\/08\/cropped-Sans-titre-1-4.png\",\"contentUrl\":\"https:\/\/cidge.ch\/wp-content\/uploads\/2022\/08\/cropped-Sans-titre-1-4.png\",\"width\":2478,\"height\":822,\"caption\":\"CIDGE\"},\"image\":{\"@id\":\"https:\/\/cidge.ch\/#\/schema\/logo\/image\/\"}}]}<\/script>\n<!-- \/ Yoast SEO plugin. -->","yoast_head_json":{"title":"Centre de formation - CIDGE","robots":{"index":"index","follow":"follow","max-snippet":"max-snippet:-1","max-image-preview":"max-image-preview:large","max-video-preview":"max-video-preview:-1"},"canonical":"https:\/\/cidge.ch\/?page_id=1141","og_locale":"fr_FR","og_type":"article","og_title":"Centre de formation - CIDGE","og_description":"Centre de formation Centre de formation Durant leur formation, les m\u00e9decins internes en dermatologie doivent pratiquer durant un an en dehors de leur h\u00f4pital universitaire d\u2019origine. Certains des m\u00e9decins dermatologues exer\u00e7ant au sein des Cliniques du Seujet, sont agr\u00e9\u00e9s pour les accueillir et les encadrer. Durant cette ann\u00e9e, les m\u00e9decins internes assurent des consultations et &hellip; Centre de formation Lire la suite\u00a0\u00bb","og_url":"https:\/\/cidge.ch\/?page_id=1141","og_site_name":"CIDGE","article_modified_time":"2024-03-13T18:38:31+00:00","og_image":[{"url":"http:\/\/cidge.ch\/wp-content\/uploads\/2022\/08\/pexels-vidal-balielo-jr-3376799-1024x683.jpg","type":"","width":"","height":""}],"twitter_card":"summary_large_image","twitter_misc":{"Dur\u00e9e de lecture estim\u00e9e":"1 minute"},"schema":{"@context":"https:\/\/schema.org","@graph":[{"@type":"WebPage","@id":"https:\/\/cidge.ch\/?page_id=1141","url":"https:\/\/cidge.ch\/?page_id=1141","name":"Centre de formation - CIDGE","isPartOf":{"@id":"https:\/\/cidge.ch\/#website"},"primaryImageOfPage":{"@id":"https:\/\/cidge.ch\/?page_id=1141#primaryimage"},"image":{"@id":"https:\/\/cidge.ch\/?page_id=1141#primaryimage"},"thumbnailUrl":"http:\/\/cidge.ch\/wp-content\/uploads\/2022\/08\/pexels-vidal-balielo-jr-3376799-1024x683.jpg","datePublished":"2022-08-11T18:54:38+00:00","dateModified":"2024-03-13T18:38:31+00:00","breadcrumb":{"@id":"https:\/\/cidge.ch\/?page_id=1141#breadcrumb"},"inLanguage":"fr-FR","potentialAction":[{"@type":"ReadAction","target":["https:\/\/cidge.ch\/?page_id=1141"]}]},{"@type":"ImageObject","inLanguage":"fr-FR","@id":"https:\/\/cidge.ch\/?page_id=1141#primaryimage","url":"http:\/\/cidge.ch\/wp-content\/uploads\/2022\/08\/pexels-vidal-balielo-jr-3376799-1024x683.jpg","contentUrl":"http:\/\/cidge.ch\/wp-content\/uploads\/2022\/08\/pexels-vidal-balielo-jr-3376799-1024x683.jpg"},{"@type":"BreadcrumbList","@id":"https:\/\/cidge.ch\/?page_id=1141#breadcrumb","itemListElement":[{"@type":"ListItem","position":1,"name":"Accueil","item":"https:\/\/cidge.ch\/"},{"@type":"ListItem","position":2,"name":"Centre de formation"}]},{"@type":"WebSite","@id":"https:\/\/cidge.ch\/#website","url":"https:\/\/cidge.ch\/","name":"CIDGE","description":"Les Cliniques du Seujet (Seujet+Rive)","publisher":{"@id":"https:\/\/cidge.ch\/#organization"},"potentialAction":[{"@type":"SearchAction","target":{"@type":"EntryPoint","urlTemplate":"https:\/\/cidge.ch\/?s={search_term_string}"},"query-input":{"@type":"PropertyValueSpecification","valueRequired":true,"valueName":"search_term_string"}}],"inLanguage":"fr-FR"},{"@type":"Organization","@id":"https:\/\/cidge.ch\/#organization","name":"CIDGE","url":"https:\/\/cidge.ch\/","logo":{"@type":"ImageObject","inLanguage":"fr-FR","@id":"https:\/\/cidge.ch\/#\/schema\/logo\/image\/","url":"https:\/\/cidge.ch\/wp-content\/uploads\/2022\/08\/cropped-Sans-titre-1-4.png","contentUrl":"https:\/\/cidge.ch\/wp-content\/uploads\/2022\/08\/cropped-Sans-titre-1-4.png","width":2478,"height":822,"caption":"CIDGE"},"image":{"@id":"https:\/\/cidge.ch\/#\/schema\/logo\/image\/"}}]}},"_links":{"self":[{"href":"https:\/\/cidge.ch\/index.php?rest_route=\/wp\/v2\/pages\/1141","targetHints":{"allow":["GET"]}}],"collection":[{"href":"https:\/\/cidge.ch\/index.php?rest_route=\/wp\/v2\/pages"}],"about":[{"href":"https:\/\/cidge.ch\/index.php?rest_route=\/wp\/v2\/types\/page"}],"author":[{"embeddable":true,"href":"https:\/\/cidge.ch\/index.php?rest_route=\/wp\/v2\/users\/1"}],"replies":[{"embeddable":true,"href":"https:\/\/cidge.ch\/index.php?rest_route=%2Fwp%2Fv2%2Fcomments&post=1141"}],"version-history":[{"count":19,"href":"https:\/\/cidge.ch\/index.php?rest_route=\/wp\/v2\/pages\/1141\/revisions"}],"predecessor-version":[{"id":2331,"href":"https:\/\/cidge.ch\/index.php?rest_route=\/wp\/v2\/pages\/1141\/revisions\/2331"}],"wp:attachment":[{"href":"https:\/\/cidge.ch\/index.php?rest_route=%2Fwp%2Fv2%2Fmedia&parent=1141"}],"curies":[{"name":"wp","href":"https:\/\/api.w.org\/{rel}","templated":true}]}}