{"id":1148,"date":"2022-08-11T20:54:38","date_gmt":"2022-08-11T18:54:38","guid":{"rendered":"https:\/\/new.cidge.ch\/?page_id=1148"},"modified":"2025-03-25T18:28:38","modified_gmt":"2025-03-25T17:28:38","slug":"medecin-en-esthetique","status":"publish","type":"page","link":"http:\/\/cidge.ch\/?page_id=1148","title":{"rendered":"M\u00e9decin en esth\u00e9tique"},"content":{"rendered":"\t\t<div data-elementor-type=\"wp-page\" data-elementor-id=\"1148\" class=\"elementor elementor-1148\">\n\t\t\t\t\t\t<section class=\"elementor-section elementor-top-section elementor-element elementor-element-xj0fix1 elementor-section-height-min-height elementor-section-boxed elementor-section-height-default elementor-section-items-middle\" data-id=\"xj0fix1\" data-element_type=\"section\" data-e-type=\"section\" data-settings=\"{&quot;background_background&quot;:&quot;classic&quot;}\">\n\t\t\t\t\t\t\t<div class=\"elementor-background-overlay\"><\/div>\n\t\t\t\t\t\t\t<div class=\"elementor-container elementor-column-gap-no\">\n\t\t\t\t\t<div class=\"elementor-column elementor-col-100 elementor-top-column elementor-element elementor-element-aa19351\" data-id=\"aa19351\" data-element_type=\"column\" data-e-type=\"column\">\n\t\t\t<div class=\"elementor-widget-wrap elementor-element-populated\">\n\t\t\t\t\t\t<div class=\"elementor-element elementor-element-da59f45 elementor-widget elementor-widget-heading\" data-id=\"da59f45\" data-element_type=\"widget\" data-e-type=\"widget\" data-widget_type=\"heading.default\">\n\t\t\t\t<div class=\"elementor-widget-container\">\n\t\t\t\t\t<h1 class=\"elementor-heading-title elementor-size-default\">M\u00e9decins proposant des soins et traitements esth\u00e9tiques<\/h1>\t\t\t\t<\/div>\n\t\t\t\t<\/div>\n\t\t\t\t\t<\/div>\n\t\t<\/div>\n\t\t\t\t\t<\/div>\n\t\t<\/section>\n\t\t\t\t<section class=\"elementor-section elementor-top-section elementor-element elementor-element-rn21khz elementor-section-boxed elementor-section-height-default elementor-section-height-default\" data-id=\"rn21khz\" data-element_type=\"section\" data-e-type=\"section\" data-settings=\"{&quot;background_background&quot;:&quot;classic&quot;}\">\n\t\t\t\t\t\t<div class=\"elementor-container elementor-column-gap-default\">\n\t\t\t\t\t<div class=\"elementor-column elementor-col-100 elementor-top-column elementor-element elementor-element-f149e63\" data-id=\"f149e63\" data-element_type=\"column\" data-e-type=\"column\">\n\t\t\t<div class=\"elementor-widget-wrap elementor-element-populated\">\n\t\t\t\t\t\t<section class=\"elementor-section elementor-inner-section elementor-element elementor-element-7a77821 elementor-section-content-bottom elementor-section-boxed elementor-section-height-default elementor-section-height-default\" data-id=\"7a77821\" data-element_type=\"section\" data-e-type=\"section\">\n\t\t\t\t\t\t<div class=\"elementor-container elementor-column-gap-wider\">\n\t\t\t\t\t<div class=\"elementor-column elementor-col-33 elementor-inner-column elementor-element elementor-element-9647c03\" data-id=\"9647c03\" data-element_type=\"column\" data-e-type=\"column\">\n\t\t\t<div class=\"elementor-widget-wrap elementor-element-populated\">\n\t\t\t\t\t\t<div class=\"elementor-element elementor-element-545cf61 elementor-widget elementor-widget-image\" data-id=\"545cf61\" data-element_type=\"widget\" data-e-type=\"widget\" data-widget_type=\"image.default\">\n\t\t\t\t<div class=\"elementor-widget-container\">\n\t\t\t\t\t\t\t\t\t\t\t\t\t\t\t<img fetchpriority=\"high\" decoding=\"async\" width=\"450\" height=\"637\" src=\"http:\/\/cidge.ch\/wp-content\/uploads\/2022\/08\/Capture-decran-2022-08-10-a-10.31.18.png\" class=\"attachment-full size-full wp-image-1359\" alt=\"\" srcset=\"http:\/\/cidge.ch\/wp-content\/uploads\/2022\/08\/Capture-decran-2022-08-10-a-10.31.18.png 450w, http:\/\/cidge.ch\/wp-content\/uploads\/2022\/08\/Capture-decran-2022-08-10-a-10.31.18-212x300.png 212w\" sizes=\"(max-width: 450px) 100vw, 450px\" \/>\t\t\t\t\t\t\t\t\t\t\t\t\t\t\t<\/div>\n\t\t\t\t<\/div>\n\t\t\t\t\t<\/div>\n\t\t<\/div>\n\t\t\t\t<div class=\"elementor-column elementor-col-66 elementor-inner-column elementor-element elementor-element-d298567\" data-id=\"d298567\" data-element_type=\"column\" data-e-type=\"column\">\n\t\t\t<div class=\"elementor-widget-wrap elementor-element-populated\">\n\t\t\t\t\t\t<div class=\"elementor-element elementor-element-67bd790 elementor-vertical-align-top elementor-widget elementor-widget-image-box\" data-id=\"67bd790\" data-element_type=\"widget\" data-e-type=\"widget\" data-widget_type=\"image-box.default\">\n\t\t\t\t<div class=\"elementor-widget-container\">\n\t\t\t\t\t<div class=\"elementor-image-box-wrapper\"><div class=\"elementor-image-box-content\"><h3 class=\"elementor-image-box-title\">Docteur Daiana Licu<\/h3><p class=\"elementor-image-box-description\">M\u00e9decin sp\u00e9cialiste en Dermatologie et V\u00e9n\u00e9r\u00e9ologie<br>\nSoins et Traitements esth\u00e9tiques propos\u00e9s: Peeling, Injections, Traitements lasers.<br>\nLangues parl\u00e9es: Fran\u00e7ais, Anglais, Roumain<\/p><\/div><\/div>\t\t\t\t<\/div>\n\t\t\t\t<\/div>\n\t\t\t\t\t<\/div>\n\t\t<\/div>\n\t\t\t\t\t<\/div>\n\t\t<\/section>\n\t\t\t\t<section class=\"elementor-section elementor-inner-section elementor-element elementor-element-8a1d18a elementor-section-content-top elementor-reverse-mobile elementor-section-boxed elementor-section-height-default elementor-section-height-default\" data-id=\"8a1d18a\" data-element_type=\"section\" data-e-type=\"section\">\n\t\t\t\t\t\t<div class=\"elementor-container elementor-column-gap-wider\">\n\t\t\t\t\t<div class=\"elementor-column elementor-col-66 elementor-inner-column elementor-element elementor-element-2f7cf1d\" data-id=\"2f7cf1d\" data-element_type=\"column\" data-e-type=\"column\">\n\t\t\t<div class=\"elementor-widget-wrap elementor-element-populated\">\n\t\t\t\t\t\t<div class=\"elementor-element elementor-element-772e7c6 elementor-widget elementor-widget-spacer\" data-id=\"772e7c6\" data-element_type=\"widget\" data-e-type=\"widget\" data-widget_type=\"spacer.default\">\n\t\t\t\t<div class=\"elementor-widget-container\">\n\t\t\t\t\t\t\t<div class=\"elementor-spacer\">\n\t\t\t<div class=\"elementor-spacer-inner\"><\/div>\n\t\t<\/div>\n\t\t\t\t\t\t<\/div>\n\t\t\t\t<\/div>\n\t\t\t\t<div class=\"elementor-element elementor-element-c8fa587 elementor-vertical-align-top elementor-widget elementor-widget-image-box\" data-id=\"c8fa587\" data-element_type=\"widget\" data-e-type=\"widget\" data-widget_type=\"image-box.default\">\n\t\t\t\t<div class=\"elementor-widget-container\">\n\t\t\t\t\t<div class=\"elementor-image-box-wrapper\"><div class=\"elementor-image-box-content\"><h3 class=\"elementor-image-box-title\">Docteur Romain Lemery<\/h3><p class=\"elementor-image-box-description\">M\u00e9decin sp\u00e9cialiste en Dermatologie et V\u00e9n\u00e9r\u00e9ologie<br>\nTitulaire d'un Dipl\u00f4me Universitaire de Dermatologie Esth\u00e9tique, Laser et Cosm\u00e9tologie.<br>\nSoins et Traitements propos\u00e9s: Peeling, Injections, Traitements lasers\nLangues parl\u00e9es: Fran\u00e7ais Anglais<\/p><\/div><\/div>\t\t\t\t<\/div>\n\t\t\t\t<\/div>\n\t\t\t\t\t<\/div>\n\t\t<\/div>\n\t\t\t\t<div class=\"elementor-column elementor-col-33 elementor-inner-column elementor-element elementor-element-6ad746c\" data-id=\"6ad746c\" data-element_type=\"column\" data-e-type=\"column\">\n\t\t\t<div class=\"elementor-widget-wrap elementor-element-populated\">\n\t\t\t\t\t\t<div class=\"elementor-element elementor-element-167d4df elementor-widget elementor-widget-image\" data-id=\"167d4df\" data-element_type=\"widget\" data-e-type=\"widget\" data-widget_type=\"image.default\">\n\t\t\t\t<div class=\"elementor-widget-container\">\n\t\t\t\t\t\t\t\t\t\t\t\t\t\t\t<img decoding=\"async\" width=\"1101\" height=\"1408\" src=\"http:\/\/cidge.ch\/wp-content\/uploads\/2023\/12\/romainlemery.jpg\" class=\"attachment-full size-full wp-image-2243\" alt=\"\" srcset=\"http:\/\/cidge.ch\/wp-content\/uploads\/2023\/12\/romainlemery.jpg 1101w, http:\/\/cidge.ch\/wp-content\/uploads\/2023\/12\/romainlemery-235x300.jpg 235w, http:\/\/cidge.ch\/wp-content\/uploads\/2023\/12\/romainlemery-801x1024.jpg 801w, http:\/\/cidge.ch\/wp-content\/uploads\/2023\/12\/romainlemery-768x982.jpg 768w\" sizes=\"(max-width: 1101px) 100vw, 1101px\" \/>\t\t\t\t\t\t\t\t\t\t\t\t\t\t\t<\/div>\n\t\t\t\t<\/div>\n\t\t\t\t\t<\/div>\n\t\t<\/div>\n\t\t\t\t\t<\/div>\n\t\t<\/section>\n\t\t\t\t\t<\/div>\n\t\t<\/div>\n\t\t\t\t\t<\/div>\n\t\t<\/section>\n\t\t\t\t<section class=\"elementor-section elementor-top-section elementor-element elementor-element-d58b907 elementor-section-boxed elementor-section-height-default elementor-section-height-default\" data-id=\"d58b907\" data-element_type=\"section\" data-e-type=\"section\" data-settings=\"{&quot;background_background&quot;:&quot;classic&quot;}\">\n\t\t\t\t\t\t<div class=\"elementor-container elementor-column-gap-default\">\n\t\t\t\t\t<div class=\"elementor-column elementor-col-100 elementor-top-column elementor-element elementor-element-0846f2a\" data-id=\"0846f2a\" data-element_type=\"column\" data-e-type=\"column\">\n\t\t\t<div class=\"elementor-widget-wrap\">\n\t\t\t\t\t\t\t<\/div>\n\t\t<\/div>\n\t\t\t\t\t<\/div>\n\t\t<\/section>\n\t\t\t\t<section class=\"elementor-section elementor-top-section elementor-element elementor-element-280bbb1 elementor-section-boxed elementor-section-height-default elementor-section-height-default\" data-id=\"280bbb1\" data-element_type=\"section\" data-e-type=\"section\" data-settings=\"{&quot;background_background&quot;:&quot;classic&quot;}\">\n\t\t\t\t\t\t<div class=\"elementor-container elementor-column-gap-default\">\n\t\t\t\t\t<div class=\"elementor-column elementor-col-100 elementor-top-column elementor-element elementor-element-a6ce2f9\" data-id=\"a6ce2f9\" data-element_type=\"column\" data-e-type=\"column\">\n\t\t\t<div class=\"elementor-widget-wrap elementor-element-populated\">\n\t\t\t\t\t\t<div class=\"elementor-element elementor-element-b7d84a4 elementor-widget elementor-widget-spacer\" data-id=\"b7d84a4\" data-element_type=\"widget\" data-e-type=\"widget\" data-widget_type=\"spacer.default\">\n\t\t\t\t<div class=\"elementor-widget-container\">\n\t\t\t\t\t\t\t<div class=\"elementor-spacer\">\n\t\t\t<div class=\"elementor-spacer-inner\"><\/div>\n\t\t<\/div>\n\t\t\t\t\t\t<\/div>\n\t\t\t\t<\/div>\n\t\t\t\t\t<\/div>\n\t\t<\/div>\n\t\t\t\t\t<\/div>\n\t\t<\/section>\n\t\t\t\t<\/div>\n\t\t","protected":false},"excerpt":{"rendered":"<p>M\u00e9decins proposant des soins et traitements esth\u00e9tiques Docteur Daiana Licu M\u00e9decin sp\u00e9cialiste en Dermatologie et V\u00e9n\u00e9r\u00e9ologie Soins et Traitements esth\u00e9tiques propos\u00e9s: Peeling, Injections, Traitements lasers. Langues parl\u00e9es: Fran\u00e7ais, Anglais, Roumain Docteur Romain Lemery M\u00e9decin sp\u00e9cialiste en Dermatologie et V\u00e9n\u00e9r\u00e9ologie Titulaire d&rsquo;un Dipl\u00f4me Universitaire de Dermatologie Esth\u00e9tique, Laser et Cosm\u00e9tologie. Soins et Traitements propos\u00e9s: Peeling, Injections, &hellip;<\/p>\n<p class=\"read-more\"> <a class=\"\" href=\"http:\/\/cidge.ch\/?page_id=1148\"> <span class=\"screen-reader-text\">M\u00e9decin en esth\u00e9tique<\/span> Lire la suite\u00a0\u00bb<\/a><\/p>\n","protected":false},"author":1,"featured_media":0,"parent":0,"menu_order":0,"comment_status":"closed","ping_status":"closed","template":"","meta":{"site-sidebar-layout":"no-sidebar","site-content-layout":"page-builder","ast-global-header-display":"","ast-main-header-display":"","ast-hfb-above-header-display":"","ast-hfb-below-header-display":"","ast-hfb-mobile-header-display":"","site-post-title":"disabled","ast-breadcrumbs-content":"","ast-featured-img":"disabled","footer-sml-layout":"","theme-transparent-header-meta":"","adv-header-id-meta":"","stick-header-meta":"","header-above-stick-meta":"","header-main-stick-meta":"","header-below-stick-meta":"","footnotes":""},"class_list":["post-1148","page","type-page","status-publish","hentry"],"yoast_head":"<!-- This site is optimized with the Yoast SEO plugin v26.7 - https:\/\/yoast.com\/wordpress\/plugins\/seo\/ -->\n<title>M\u00e9decin en esth\u00e9tique - CIDGE<\/title>\n<meta name=\"robots\" content=\"index, follow, max-snippet:-1, max-image-preview:large, max-video-preview:-1\" \/>\n<link rel=\"canonical\" href=\"https:\/\/cidge.ch\/?page_id=1148\" \/>\n<meta property=\"og:locale\" content=\"fr_FR\" \/>\n<meta property=\"og:type\" content=\"article\" \/>\n<meta property=\"og:title\" content=\"M\u00e9decin en esth\u00e9tique - CIDGE\" \/>\n<meta property=\"og:description\" content=\"M\u00e9decins proposant des soins et traitements esth\u00e9tiques Docteur Daiana Licu M\u00e9decin sp\u00e9cialiste en Dermatologie et V\u00e9n\u00e9r\u00e9ologie Soins et Traitements esth\u00e9tiques propos\u00e9s: Peeling, Injections, Traitements lasers. Langues parl\u00e9es: Fran\u00e7ais, Anglais, Roumain Docteur Romain Lemery M\u00e9decin sp\u00e9cialiste en Dermatologie et V\u00e9n\u00e9r\u00e9ologie Titulaire d&rsquo;un Dipl\u00f4me Universitaire de Dermatologie Esth\u00e9tique, Laser et Cosm\u00e9tologie. Soins et Traitements propos\u00e9s: Peeling, Injections, &hellip; M\u00e9decin en esth\u00e9tique Lire la suite\u00a0\u00bb\" \/>\n<meta property=\"og:url\" content=\"https:\/\/cidge.ch\/?page_id=1148\" \/>\n<meta property=\"og:site_name\" content=\"CIDGE\" \/>\n<meta property=\"article:modified_time\" content=\"2025-03-25T17:28:38+00:00\" \/>\n<meta property=\"og:image\" content=\"http:\/\/cidge.ch\/wp-content\/uploads\/2022\/08\/Capture-decran-2022-08-10-a-10.31.18.png\" \/>\n<meta name=\"twitter:card\" content=\"summary_large_image\" \/>\n<meta name=\"twitter:label1\" content=\"Dur\u00e9e de lecture estim\u00e9e\" \/>\n\t<meta name=\"twitter:data1\" content=\"1 minute\" \/>\n<script type=\"application\/ld+json\" class=\"yoast-schema-graph\">{\"@context\":\"https:\/\/schema.org\",\"@graph\":[{\"@type\":\"WebPage\",\"@id\":\"https:\/\/cidge.ch\/?page_id=1148\",\"url\":\"https:\/\/cidge.ch\/?page_id=1148\",\"name\":\"M\u00e9decin en esth\u00e9tique - CIDGE\",\"isPartOf\":{\"@id\":\"https:\/\/cidge.ch\/#website\"},\"primaryImageOfPage\":{\"@id\":\"https:\/\/cidge.ch\/?page_id=1148#primaryimage\"},\"image\":{\"@id\":\"https:\/\/cidge.ch\/?page_id=1148#primaryimage\"},\"thumbnailUrl\":\"http:\/\/cidge.ch\/wp-content\/uploads\/2022\/08\/Capture-decran-2022-08-10-a-10.31.18.png\",\"datePublished\":\"2022-08-11T18:54:38+00:00\",\"dateModified\":\"2025-03-25T17:28:38+00:00\",\"breadcrumb\":{\"@id\":\"https:\/\/cidge.ch\/?page_id=1148#breadcrumb\"},\"inLanguage\":\"fr-FR\",\"potentialAction\":[{\"@type\":\"ReadAction\",\"target\":[\"https:\/\/cidge.ch\/?page_id=1148\"]}]},{\"@type\":\"ImageObject\",\"inLanguage\":\"fr-FR\",\"@id\":\"https:\/\/cidge.ch\/?page_id=1148#primaryimage\",\"url\":\"http:\/\/cidge.ch\/wp-content\/uploads\/2022\/08\/Capture-decran-2022-08-10-a-10.31.18.png\",\"contentUrl\":\"http:\/\/cidge.ch\/wp-content\/uploads\/2022\/08\/Capture-decran-2022-08-10-a-10.31.18.png\",\"width\":450,\"height\":637},{\"@type\":\"BreadcrumbList\",\"@id\":\"https:\/\/cidge.ch\/?page_id=1148#breadcrumb\",\"itemListElement\":[{\"@type\":\"ListItem\",\"position\":1,\"name\":\"Accueil\",\"item\":\"https:\/\/cidge.ch\/\"},{\"@type\":\"ListItem\",\"position\":2,\"name\":\"M\u00e9decin en esth\u00e9tique\"}]},{\"@type\":\"WebSite\",\"@id\":\"https:\/\/cidge.ch\/#website\",\"url\":\"https:\/\/cidge.ch\/\",\"name\":\"CIDGE\",\"description\":\"Les Cliniques du Seujet (Seujet+Rive)\",\"publisher\":{\"@id\":\"https:\/\/cidge.ch\/#organization\"},\"potentialAction\":[{\"@type\":\"SearchAction\",\"target\":{\"@type\":\"EntryPoint\",\"urlTemplate\":\"https:\/\/cidge.ch\/?s={search_term_string}\"},\"query-input\":{\"@type\":\"PropertyValueSpecification\",\"valueRequired\":true,\"valueName\":\"search_term_string\"}}],\"inLanguage\":\"fr-FR\"},{\"@type\":\"Organization\",\"@id\":\"https:\/\/cidge.ch\/#organization\",\"name\":\"CIDGE\",\"url\":\"https:\/\/cidge.ch\/\",\"logo\":{\"@type\":\"ImageObject\",\"inLanguage\":\"fr-FR\",\"@id\":\"https:\/\/cidge.ch\/#\/schema\/logo\/image\/\",\"url\":\"http:\/\/cidge.ch\/wp-content\/uploads\/2022\/08\/cropped-Sans-titre-1-4.png\",\"contentUrl\":\"http:\/\/cidge.ch\/wp-content\/uploads\/2022\/08\/cropped-Sans-titre-1-4.png\",\"width\":2478,\"height\":822,\"caption\":\"CIDGE\"},\"image\":{\"@id\":\"https:\/\/cidge.ch\/#\/schema\/logo\/image\/\"}}]}<\/script>\n<!-- \/ Yoast SEO plugin. -->","yoast_head_json":{"title":"M\u00e9decin en esth\u00e9tique - CIDGE","robots":{"index":"index","follow":"follow","max-snippet":"max-snippet:-1","max-image-preview":"max-image-preview:large","max-video-preview":"max-video-preview:-1"},"canonical":"https:\/\/cidge.ch\/?page_id=1148","og_locale":"fr_FR","og_type":"article","og_title":"M\u00e9decin en esth\u00e9tique - CIDGE","og_description":"M\u00e9decins proposant des soins et traitements esth\u00e9tiques Docteur Daiana Licu M\u00e9decin sp\u00e9cialiste en Dermatologie et V\u00e9n\u00e9r\u00e9ologie Soins et Traitements esth\u00e9tiques propos\u00e9s: Peeling, Injections, Traitements lasers. Langues parl\u00e9es: Fran\u00e7ais, Anglais, Roumain Docteur Romain Lemery M\u00e9decin sp\u00e9cialiste en Dermatologie et V\u00e9n\u00e9r\u00e9ologie Titulaire d&rsquo;un Dipl\u00f4me Universitaire de Dermatologie Esth\u00e9tique, Laser et Cosm\u00e9tologie. Soins et Traitements propos\u00e9s: Peeling, Injections, &hellip; M\u00e9decin en esth\u00e9tique Lire la suite\u00a0\u00bb","og_url":"https:\/\/cidge.ch\/?page_id=1148","og_site_name":"CIDGE","article_modified_time":"2025-03-25T17:28:38+00:00","og_image":[{"url":"http:\/\/cidge.ch\/wp-content\/uploads\/2022\/08\/Capture-decran-2022-08-10-a-10.31.18.png","type":"","width":"","height":""}],"twitter_card":"summary_large_image","twitter_misc":{"Dur\u00e9e de lecture estim\u00e9e":"1 minute"},"schema":{"@context":"https:\/\/schema.org","@graph":[{"@type":"WebPage","@id":"https:\/\/cidge.ch\/?page_id=1148","url":"https:\/\/cidge.ch\/?page_id=1148","name":"M\u00e9decin en esth\u00e9tique - CIDGE","isPartOf":{"@id":"https:\/\/cidge.ch\/#website"},"primaryImageOfPage":{"@id":"https:\/\/cidge.ch\/?page_id=1148#primaryimage"},"image":{"@id":"https:\/\/cidge.ch\/?page_id=1148#primaryimage"},"thumbnailUrl":"http:\/\/cidge.ch\/wp-content\/uploads\/2022\/08\/Capture-decran-2022-08-10-a-10.31.18.png","datePublished":"2022-08-11T18:54:38+00:00","dateModified":"2025-03-25T17:28:38+00:00","breadcrumb":{"@id":"https:\/\/cidge.ch\/?page_id=1148#breadcrumb"},"inLanguage":"fr-FR","potentialAction":[{"@type":"ReadAction","target":["https:\/\/cidge.ch\/?page_id=1148"]}]},{"@type":"ImageObject","inLanguage":"fr-FR","@id":"https:\/\/cidge.ch\/?page_id=1148#primaryimage","url":"http:\/\/cidge.ch\/wp-content\/uploads\/2022\/08\/Capture-decran-2022-08-10-a-10.31.18.png","contentUrl":"http:\/\/cidge.ch\/wp-content\/uploads\/2022\/08\/Capture-decran-2022-08-10-a-10.31.18.png","width":450,"height":637},{"@type":"BreadcrumbList","@id":"https:\/\/cidge.ch\/?page_id=1148#breadcrumb","itemListElement":[{"@type":"ListItem","position":1,"name":"Accueil","item":"https:\/\/cidge.ch\/"},{"@type":"ListItem","position":2,"name":"M\u00e9decin en esth\u00e9tique"}]},{"@type":"WebSite","@id":"https:\/\/cidge.ch\/#website","url":"https:\/\/cidge.ch\/","name":"CIDGE","description":"Les Cliniques du Seujet (Seujet+Rive)","publisher":{"@id":"https:\/\/cidge.ch\/#organization"},"potentialAction":[{"@type":"SearchAction","target":{"@type":"EntryPoint","urlTemplate":"https:\/\/cidge.ch\/?s={search_term_string}"},"query-input":{"@type":"PropertyValueSpecification","valueRequired":true,"valueName":"search_term_string"}}],"inLanguage":"fr-FR"},{"@type":"Organization","@id":"https:\/\/cidge.ch\/#organization","name":"CIDGE","url":"https:\/\/cidge.ch\/","logo":{"@type":"ImageObject","inLanguage":"fr-FR","@id":"https:\/\/cidge.ch\/#\/schema\/logo\/image\/","url":"http:\/\/cidge.ch\/wp-content\/uploads\/2022\/08\/cropped-Sans-titre-1-4.png","contentUrl":"http:\/\/cidge.ch\/wp-content\/uploads\/2022\/08\/cropped-Sans-titre-1-4.png","width":2478,"height":822,"caption":"CIDGE"},"image":{"@id":"https:\/\/cidge.ch\/#\/schema\/logo\/image\/"}}]}},"_links":{"self":[{"href":"http:\/\/cidge.ch\/index.php?rest_route=\/wp\/v2\/pages\/1148","targetHints":{"allow":["GET"]}}],"collection":[{"href":"http:\/\/cidge.ch\/index.php?rest_route=\/wp\/v2\/pages"}],"about":[{"href":"http:\/\/cidge.ch\/index.php?rest_route=\/wp\/v2\/types\/page"}],"author":[{"embeddable":true,"href":"http:\/\/cidge.ch\/index.php?rest_route=\/wp\/v2\/users\/1"}],"replies":[{"embeddable":true,"href":"http:\/\/cidge.ch\/index.php?rest_route=%2Fwp%2Fv2%2Fcomments&post=1148"}],"version-history":[{"count":43,"href":"http:\/\/cidge.ch\/index.php?rest_route=\/wp\/v2\/pages\/1148\/revisions"}],"predecessor-version":[{"id":2566,"href":"http:\/\/cidge.ch\/index.php?rest_route=\/wp\/v2\/pages\/1148\/revisions\/2566"}],"wp:attachment":[{"href":"http:\/\/cidge.ch\/index.php?rest_route=%2Fwp%2Fv2%2Fmedia&parent=1148"}],"curies":[{"name":"wp","href":"https:\/\/api.w.org\/{rel}","templated":true}]}}